{"id":6662,"date":"2024-08-19T15:12:37","date_gmt":"2024-08-19T12:12:37","guid":{"rendered":"http:\/\/www.tikav.org.tr\/?page_id=6662"},"modified":"2025-01-23T14:15:05","modified_gmt":"2025-01-23T11:15:05","slug":"dijitaldeki-ayak-izimiz-projesi","status":"publish","type":"page","link":"https:\/\/www.tikav.org.tr\/en\/dijitaldeki-ayak-izimiz-projesi\/","title":{"rendered":"Dijitaldeki Ayak \u0130zimiz Projesi"},"content":{"rendered":"<div data-elementor-type=\"wp-page\" data-elementor-id=\"6662\" class=\"elementor elementor-6662\" data-elementor-post-type=\"page\">\n\t\t\t\t\t\t\t\t\t<section class=\"elementor-section elementor-top-section elementor-element elementor-element-853a08e elementor-section-full_width elementor-section-content-middle elementor-section-height-default elementor-section-height-default\" data-id=\"853a08e\" data-element_type=\"section\">\n\t\t\t\t\t\t<div class=\"elementor-container elementor-column-gap-no\">\n\t\t\t\t\t<div class=\"elementor-column elementor-col-100 elementor-top-column elementor-element elementor-element-118b388\" data-id=\"118b388\" data-element_type=\"column\">\n\t\t\t<div class=\"elementor-widget-wrap elementor-element-populated\">\n\t\t\t\t\t\t\t\t<section class=\"elementor-section elementor-inner-section elementor-element elementor-element-9363860 elementor-section-content-middle elementor-section-boxed elementor-section-height-default elementor-section-height-default\" data-id=\"9363860\" data-element_type=\"section\">\n\t\t\t\t\t\t<div class=\"elementor-container elementor-column-gap-extended\">\n\t\t\t\t\t<div class=\"elementor-column elementor-col-100 elementor-inner-column elementor-element elementor-element-acbf207 sec-title\" data-id=\"acbf207\" data-element_type=\"column\">\n\t\t\t<div class=\"elementor-widget-wrap elementor-element-populated\">\n\t\t\t\t\t\t\t\t<div class=\"elementor-element elementor-element-07806ec elementor-widget elementor-widget-spacer\" data-id=\"07806ec\" data-element_type=\"widget\" data-widget_type=\"spacer.default\">\n\t\t\t\t<div class=\"elementor-widget-container\">\n\t\t\t<style>\/*! elementor - v3.18.0 - 06-12-2023 *\/\n.elementor-column .elementor-spacer-inner{height:var(--spacer-size)}.e-con{--container-widget-width:100%}.e-con-inner>.elementor-widget-spacer,.e-con>.elementor-widget-spacer{width:var(--container-widget-width,var(--spacer-size));--align-self:var(--container-widget-align-self,initial);--flex-shrink:0}.e-con-inner>.elementor-widget-spacer>.elementor-widget-container,.e-con>.elementor-widget-spacer>.elementor-widget-container{height:100%;width:100%}.e-con-inner>.elementor-widget-spacer>.elementor-widget-container>.elementor-spacer,.e-con>.elementor-widget-spacer>.elementor-widget-container>.elementor-spacer{height:100%}.e-con-inner>.elementor-widget-spacer>.elementor-widget-container>.elementor-spacer>.elementor-spacer-inner,.e-con>.elementor-widget-spacer>.elementor-widget-container>.elementor-spacer>.elementor-spacer-inner{height:var(--container-widget-height,var(--spacer-size))}.e-con-inner>.elementor-widget-spacer.elementor-widget-empty,.e-con>.elementor-widget-spacer.elementor-widget-empty{position:relative;min-height:22px;min-width:22px}.e-con-inner>.elementor-widget-spacer.elementor-widget-empty .elementor-widget-empty-icon,.e-con>.elementor-widget-spacer.elementor-widget-empty .elementor-widget-empty-icon{position:absolute;top:0;bottom:0;left:0;right:0;margin:auto;padding:0;width:22px;height:22px}<\/style>\t\t<div class=\"elementor-spacer\">\n\t\t\t<div class=\"elementor-spacer-inner\"><\/div>\n\t\t<\/div>\n\t\t\t\t<\/div>\n\t\t\t\t<\/div>\n\t\t<div class=\"elementor-element elementor-element-28d6024 e-grid e-con-boxed e-con e-parent\" data-id=\"28d6024\" data-element_type=\"container\" data-settings=\"{&quot;content_width&quot;:&quot;boxed&quot;}\" data-core-v316-plus=\"true\">\n\t\t\t\t\t<div class=\"e-con-inner\">\n\t\t\t\t<div class=\"elementor-element elementor-element-ab2a2c2 elementor-widget elementor-widget-image\" data-id=\"ab2a2c2\" data-element_type=\"widget\" data-widget_type=\"image.default\">\n\t\t\t\t<div class=\"elementor-widget-container\">\n\t\t\t<style>\/*! elementor - v3.18.0 - 06-12-2023 *\/\n.elementor-widget-image{text-align:center}.elementor-widget-image a{display:inline-block}.elementor-widget-image a img[src$=\".svg\"]{width:48px}.elementor-widget-image img{vertical-align:middle;display:inline-block}<\/style>\t\t\t\t\t\t\t\t\t\t\t\t<img fetchpriority=\"high\" decoding=\"async\" width=\"800\" height=\"1097\" src=\"https:\/\/www.tikav.org.tr\/wp-content\/uploads\/2024\/03\/dijitaldeki-ayak-izimiz.jpg\" class=\"attachment-full size-full wp-image-3709\" alt=\"\" srcset=\"https:\/\/www.tikav.org.tr\/wp-content\/uploads\/2024\/03\/dijitaldeki-ayak-izimiz.jpg 800w, https:\/\/www.tikav.org.tr\/wp-content\/uploads\/2024\/03\/dijitaldeki-ayak-izimiz-219x300.jpg 219w, https:\/\/www.tikav.org.tr\/wp-content\/uploads\/2024\/03\/dijitaldeki-ayak-izimiz-747x1024.jpg 747w, https:\/\/www.tikav.org.tr\/wp-content\/uploads\/2024\/03\/dijitaldeki-ayak-izimiz-768x1053.jpg 768w\" sizes=\"(max-width: 800px) 100vw, 800px\" \/>\t\t\t\t\t\t\t\t\t\t\t\t\t\t\t<\/div>\n\t\t\t\t<\/div>\n\t\t\t\t<div class=\"elementor-element elementor-element-6f9e195 elementor-widget elementor-widget-text-editor\" data-id=\"6f9e195\" data-element_type=\"widget\" data-widget_type=\"text-editor.default\">\n\t\t\t\t<div class=\"elementor-widget-container\">\n\t\t\t<style>\/*! elementor - v3.18.0 - 06-12-2023 *\/\n.elementor-widget-text-editor.elementor-drop-cap-view-stacked .elementor-drop-cap{background-color:#69727d;color:#fff}.elementor-widget-text-editor.elementor-drop-cap-view-framed .elementor-drop-cap{color:#69727d;border:3px solid;background-color:transparent}.elementor-widget-text-editor:not(.elementor-drop-cap-view-default) .elementor-drop-cap{margin-top:8px}.elementor-widget-text-editor:not(.elementor-drop-cap-view-default) .elementor-drop-cap-letter{width:1em;height:1em}.elementor-widget-text-editor .elementor-drop-cap{float:left;text-align:center;line-height:1;font-size:50px}.elementor-widget-text-editor .elementor-drop-cap-letter{display:inline-block}<\/style>\t\t\t\t<p>T\u00fcrkiye\u2019nin 27 farkl\u0131 lokasyonunda T\u0130KAV koordinat\u00f6rl\u00fc\u011f\u00fcnde Akfen Yenilenebilir Enerji A.\u015e. finans\u00f6rl\u00fc\u011f\u00fcnde uygulanan \u201cDijitaldeki Ayak \u0130zimiz Projesi\u201d ile Akfen b\u00fcnyesine ba\u011fl\u0131 santrallerin bulundu\u011fu b\u00f6lgedeki mahallelerde\/k\u00f6ylerde seminer d\u00fczenlenmi\u015ftir. Bu seminerlerde k\u0131rsal b\u00f6lgede ya\u015fayan kad\u0131nlar\u0131, ailenin temelini olu\u015fturan kad\u0131nlar\u0131 fiziksel ve psikolojik sa\u011fl\u0131k a\u00e7\u0131s\u0131ndan dijital platformlar\u0131n faydal\u0131 ve do\u011fru kullan\u0131m\u0131 konusunda bilin\u00e7lendirip; dijital platformlar\u0131n bilin\u00e7siz kullan\u0131lmas\u0131 sonucunda olu\u015fabilecek hukuksal, sosyal ve psikolojik sorunlar\u0131 ele alarak hem kat\u0131l\u0131mc\u0131 kad\u0131nlar\u0131n hem de aile \u00fcyelerinin bu kapsamda ya\u015fayabilecekleri problemlerin (bili\u015fsel su\u00e7lar, psikolojik, fiziksel, sosyolojik ve k\u00fclt\u00fcrel sorunlar\u0131n) \u00f6n\u00fcne ge\u00e7ilmesine destek olmak ama\u00e7lanm\u0131\u015ft\u0131r.<\/p><p><br \/>18 ya\u015f ve \u00fcst\u00fc kad\u0131nlar\u0131n kat\u0131l\u0131m\u0131nda d\u00fczenlenen program; Amasya GES (Kutu K\u00f6y\u00fc Boyal\u0131 Mevkii, Amasya); S\u0131rma HES (Bozdo\u011fan, Ayd\u0131n); Denizli RES (Karacasu, Ayd\u0131n) \u00dc\u00e7p\u0131nar RES &amp; Kocalar RES (Lapseki \u0130l\u00e7esi \u00dc\u00e7p\u0131nar K\u00f6y\u00fc, \u00c7anakkale); Hasanoba RES (\u0130ntepe K\u00f6y\u00fc, \u00c7anakkale); Denizli GES (Ac\u0131payam, Denizli); Demirciler HES (Kale, Denizli); Elaz\u0131\u011f GES (\u015eahinkaya K\u00f6y\u00fc Merkez \u0130l\u00e7esi, Elaz\u0131\u011f); Gelinkaya HES (Aziziye, Erzurum); Doruk HES (Dereli, Giresun); \u00c7al\u0131kobas\u0131 HES (Bulancak, Giresun); \u00c7aml\u0131ca HES (Yahyal\u0131, Kayseri); Me-Se GES (Saray\u00f6n\u00fc \u0130l\u00e7esi Karatepe K\u00f6y\u00fc, Konya); Yaysun &amp; MT GES (Ere\u011fli \u0130l\u00e7esi Zengen K\u00f6y\u00fc, Konya); \u0130ota M. F\u0131r\u0131nc\u0131 GES (Battalgazi \u0130l\u00e7esi F\u0131r\u0131nc\u0131 K\u00f6y\u00fc, Malatya); Otluca HES (Anamur, Mersin); Sekiyaka HES (Seydikemer, Mu\u011fla); Kavak\u00e7al\u0131 HES (Ula, Mu\u011fla); Demirciler RES &amp; Sar\u0131tepe RES (Kaman K\u00f6y\u00fc Bah\u00e7e, Osmaniye); Do\u011fan\u00e7ay HES (Geyve, Sakarya); Sara\u00e7bendi HES (Gemerek, Sivas); Tokat GES (Turhal \u0130l\u00e7esi Ku\u015fotura\u011f\u0131 K\u00f6y\u00fc, Tokat); Ya\u011fmur HES (Kahramanlar K\u00f6y\u00fc S\u00fcrmene, Trabzon) ve Omicron\u00a0 GES (Edremit K\u0131y\u0131cak K\u00f6y\u00fc, Van)\u2019de uygulanm\u0131\u015ft\u0131r. Proje kapsam\u0131nda ger\u00e7ekle\u015ftirilen 24 \u00e7al\u0131\u015fma ile yakla\u015f\u0131k 2500 ki\u015fiye ula\u015f\u0131lm\u0131\u015ft\u0131r.<\/p>\t\t\t\t\t\t<\/div>\n\t\t\t\t<\/div>\n\t\t\t\t\t<\/div>\n\t\t\t\t<\/div>\n\t\t\t\t\t<\/div>\n\t\t<\/div>\n\t\t\t\t\t\t\t<\/div>\n\t\t<\/section>\n\t\t\t\t\t<\/div>\n\t\t<\/div>\n\t\t\t\t\t\t\t<\/div>\n\t\t<\/section>\n\t\t\t\t\t\t\t<\/div>","protected":false},"excerpt":{"rendered":"<p>T\u00fcrkiye\u2019nin 27 farkl\u0131 lokasyonunda T\u0130KAV koordinat\u00f6rl\u00fc\u011f\u00fcnde Akfen Yenilenebilir Enerji A.\u015e. finans\u00f6rl\u00fc\u011f\u00fcnde uygulanan \u201cDijitaldeki Ayak \u0130zimiz Projesi\u201d ile Akfen b\u00fcnyesine ba\u011fl\u0131 santrallerin bulundu\u011fu b\u00f6lgedeki mahallelerde\/k\u00f6ylerde seminer d\u00fczenlenmi\u015ftir. Bu seminerlerde k\u0131rsal b\u00f6lgede [&hellip;]<\/p>","protected":false},"author":1,"featured_media":3419,"parent":0,"menu_order":0,"comment_status":"closed","ping_status":"closed","template":"elementor_header_footer","meta":{"_EventAllDay":false,"_EventTimezone":"","_EventStartDate":"","_EventEndDate":"","_EventStartDateUTC":"","_EventEndDateUTC":"","_EventShowMap":false,"_EventShowMapLink":false,"_EventURL":"","_EventCost":"","_EventCostDescription":"","_EventCurrencySymbol":"","_EventCurrencyCode":"","_EventCurrencyPosition":"","_EventDateTimeSeparator":"","_EventTimeRangeSeparator":"","_EventOrganizerID":[],"_EventVenueID":[],"_OrganizerEmail":"","_OrganizerPhone":"","_OrganizerWebsite":"","_VenueAddress":"","_VenueCity":"","_VenueCountry":"","_VenueProvince":"","_VenueState":"","_VenueZip":"","_VenuePhone":"","_VenueURL":"","_VenueStateProvince":"","_VenueLat":"","_VenueLng":"","_VenueShowMap":false,"_VenueShowMapLink":false,"footnotes":""},"class_list":["post-6662","page","type-page","status-publish","has-post-thumbnail","hentry"],"yoast_head":"<!-- This site is optimized with the Yoast SEO plugin v24.9 - https:\/\/yoast.com\/wordpress\/plugins\/seo\/ -->\n<title>Dijitaldeki Ayak \u0130zimiz Projesi - T\u0130KAV<\/title>\n<meta name=\"robots\" content=\"index, follow, max-snippet:-1, max-image-preview:large, max-video-preview:-1\" \/>\n<link rel=\"canonical\" href=\"https:\/\/www.tikav.org.tr\/en\/dijitaldeki-ayak-izimiz-projesi\/\" \/>\n<meta property=\"og:locale\" content=\"en_US\" \/>\n<meta property=\"og:type\" content=\"article\" \/>\n<meta property=\"og:title\" content=\"Dijitaldeki Ayak \u0130zimiz Projesi - T\u0130KAV\" \/>\n<meta property=\"og:description\" content=\"T\u00fcrkiye\u2019nin 27 farkl\u0131 lokasyonunda T\u0130KAV koordinat\u00f6rl\u00fc\u011f\u00fcnde Akfen Yenilenebilir Enerji A.\u015e. finans\u00f6rl\u00fc\u011f\u00fcnde uygulanan \u201cDijitaldeki Ayak \u0130zimiz Projesi\u201d ile Akfen b\u00fcnyesine ba\u011fl\u0131 santrallerin bulundu\u011fu b\u00f6lgedeki mahallelerde\/k\u00f6ylerde seminer d\u00fczenlenmi\u015ftir. Bu seminerlerde k\u0131rsal b\u00f6lgede [&hellip;]\" \/>\n<meta property=\"og:url\" content=\"https:\/\/www.tikav.org.tr\/en\/dijitaldeki-ayak-izimiz-projesi\/\" \/>\n<meta property=\"og:site_name\" content=\"T\u0130KAV\" \/>\n<meta property=\"article:publisher\" content=\"https:\/\/www.facebook.com\/Turkiye.Tikav\/\" \/>\n<meta property=\"article:modified_time\" content=\"2025-01-23T11:15:05+00:00\" \/>\n<meta property=\"og:image\" content=\"https:\/\/www.tikav.org.tr\/wp-content\/uploads\/2024\/03\/tarihce.jpg\" \/>\n\t<meta property=\"og:image:width\" content=\"1458\" \/>\n\t<meta property=\"og:image:height\" content=\"797\" \/>\n\t<meta property=\"og:image:type\" content=\"image\/jpeg\" \/>\n<meta name=\"twitter:card\" content=\"summary_large_image\" \/>\n<meta name=\"twitter:site\" content=\"@Tikav1\" \/>\n<meta name=\"twitter:label1\" content=\"Est. reading time\" \/>\n\t<meta name=\"twitter:data1\" content=\"2 minutes\" \/>\n<script type=\"application\/ld+json\" class=\"yoast-schema-graph\">{\"@context\":\"https:\/\/schema.org\",\"@graph\":[{\"@type\":\"WebPage\",\"@id\":\"https:\/\/www.tikav.org.tr\/dijitaldeki-ayak-izimiz-projesi\/\",\"url\":\"https:\/\/www.tikav.org.tr\/dijitaldeki-ayak-izimiz-projesi\/\",\"name\":\"Dijitaldeki Ayak \u0130zimiz Projesi - T\u0130KAV\",\"isPartOf\":{\"@id\":\"https:\/\/www.tikav.org.tr\/#website\"},\"primaryImageOfPage\":{\"@id\":\"https:\/\/www.tikav.org.tr\/dijitaldeki-ayak-izimiz-projesi\/#primaryimage\"},\"image\":{\"@id\":\"https:\/\/www.tikav.org.tr\/dijitaldeki-ayak-izimiz-projesi\/#primaryimage\"},\"thumbnailUrl\":\"https:\/\/www.tikav.org.tr\/wp-content\/uploads\/2024\/03\/tarihce.jpg\",\"datePublished\":\"2024-08-19T12:12:37+00:00\",\"dateModified\":\"2025-01-23T11:15:05+00:00\",\"breadcrumb\":{\"@id\":\"https:\/\/www.tikav.org.tr\/dijitaldeki-ayak-izimiz-projesi\/#breadcrumb\"},\"inLanguage\":\"en-US\",\"potentialAction\":[{\"@type\":\"ReadAction\",\"target\":[\"https:\/\/www.tikav.org.tr\/dijitaldeki-ayak-izimiz-projesi\/\"]}]},{\"@type\":\"ImageObject\",\"inLanguage\":\"en-US\",\"@id\":\"https:\/\/www.tikav.org.tr\/dijitaldeki-ayak-izimiz-projesi\/#primaryimage\",\"url\":\"https:\/\/www.tikav.org.tr\/wp-content\/uploads\/2024\/03\/tarihce.jpg\",\"contentUrl\":\"https:\/\/www.tikav.org.tr\/wp-content\/uploads\/2024\/03\/tarihce.jpg\",\"width\":1458,\"height\":797},{\"@type\":\"BreadcrumbList\",\"@id\":\"https:\/\/www.tikav.org.tr\/dijitaldeki-ayak-izimiz-projesi\/#breadcrumb\",\"itemListElement\":[{\"@type\":\"ListItem\",\"position\":1,\"name\":\"Anasayfa\",\"item\":\"https:\/\/www.tikav.org.tr\/\"},{\"@type\":\"ListItem\",\"position\":2,\"name\":\"Dijitaldeki Ayak \u0130zimiz Projesi\"}]},{\"@type\":\"WebSite\",\"@id\":\"https:\/\/www.tikav.org.tr\/#website\",\"url\":\"https:\/\/www.tikav.org.tr\/\",\"name\":\"T\u0130KAV | T\u00fcrkiye \u0130nsan Haklar\u0131 Derne\u011fi\",\"description\":\"T\u00fcrkiye \u0130nsan Kaynaklar\u0131 E\u011fitim ve Sa\u011fl\u0131k Vakf\u0131\",\"publisher\":{\"@id\":\"https:\/\/www.tikav.org.tr\/#organization\"},\"potentialAction\":[{\"@type\":\"SearchAction\",\"target\":{\"@type\":\"EntryPoint\",\"urlTemplate\":\"https:\/\/www.tikav.org.tr\/?s={search_term_string}\"},\"query-input\":{\"@type\":\"PropertyValueSpecification\",\"valueRequired\":true,\"valueName\":\"search_term_string\"}}],\"inLanguage\":\"en-US\"},{\"@type\":\"Organization\",\"@id\":\"https:\/\/www.tikav.org.tr\/#organization\",\"name\":\"T\u0130KAV | T\u00fcrkiye \u0130nsan Haklar\u0131 Derne\u011fi\",\"url\":\"https:\/\/www.tikav.org.tr\/\",\"logo\":{\"@type\":\"ImageObject\",\"inLanguage\":\"en-US\",\"@id\":\"https:\/\/www.tikav.org.tr\/#\/schema\/logo\/image\/\",\"url\":\"https:\/\/www.tikav.org.tr\/wp-content\/uploads\/2024\/02\/cropped-tikav-logo.png\",\"contentUrl\":\"https:\/\/www.tikav.org.tr\/wp-content\/uploads\/2024\/02\/cropped-tikav-logo.png\",\"width\":402,\"height\":212,\"caption\":\"T\u0130KAV | T\u00fcrkiye \u0130nsan Haklar\u0131 Derne\u011fi\"},\"image\":{\"@id\":\"https:\/\/www.tikav.org.tr\/#\/schema\/logo\/image\/\"},\"sameAs\":[\"https:\/\/www.facebook.com\/Turkiye.Tikav\/\",\"https:\/\/x.com\/Tikav1\",\"https:\/\/www.instagram.com\/tikav_turkiye\/\",\"https:\/\/www.youtube.com\/channel\/UCLd2iwUsjrCh6fQySvm4_uA\"]}]}<\/script>\n<!-- \/ Yoast SEO plugin. -->","yoast_head_json":{"title":"Dijitaldeki Ayak \u0130zimiz Projesi - T\u0130KAV","robots":{"index":"index","follow":"follow","max-snippet":"max-snippet:-1","max-image-preview":"max-image-preview:large","max-video-preview":"max-video-preview:-1"},"canonical":"https:\/\/www.tikav.org.tr\/en\/dijitaldeki-ayak-izimiz-projesi\/","og_locale":"en_US","og_type":"article","og_title":"Dijitaldeki Ayak \u0130zimiz Projesi - T\u0130KAV","og_description":"T\u00fcrkiye\u2019nin 27 farkl\u0131 lokasyonunda T\u0130KAV koordinat\u00f6rl\u00fc\u011f\u00fcnde Akfen Yenilenebilir Enerji A.\u015e. finans\u00f6rl\u00fc\u011f\u00fcnde uygulanan \u201cDijitaldeki Ayak \u0130zimiz Projesi\u201d ile Akfen b\u00fcnyesine ba\u011fl\u0131 santrallerin bulundu\u011fu b\u00f6lgedeki mahallelerde\/k\u00f6ylerde seminer d\u00fczenlenmi\u015ftir. Bu seminerlerde k\u0131rsal b\u00f6lgede [&hellip;]","og_url":"https:\/\/www.tikav.org.tr\/en\/dijitaldeki-ayak-izimiz-projesi\/","og_site_name":"T\u0130KAV","article_publisher":"https:\/\/www.facebook.com\/Turkiye.Tikav\/","article_modified_time":"2025-01-23T11:15:05+00:00","og_image":[{"width":1458,"height":797,"url":"https:\/\/www.tikav.org.tr\/wp-content\/uploads\/2024\/03\/tarihce.jpg","type":"image\/jpeg"}],"twitter_card":"summary_large_image","twitter_site":"@Tikav1","twitter_misc":{"Est. reading time":"2 minutes"},"schema":{"@context":"https:\/\/schema.org","@graph":[{"@type":"WebPage","@id":"https:\/\/www.tikav.org.tr\/dijitaldeki-ayak-izimiz-projesi\/","url":"https:\/\/www.tikav.org.tr\/dijitaldeki-ayak-izimiz-projesi\/","name":"Dijitaldeki Ayak \u0130zimiz Projesi - T\u0130KAV","isPartOf":{"@id":"https:\/\/www.tikav.org.tr\/#website"},"primaryImageOfPage":{"@id":"https:\/\/www.tikav.org.tr\/dijitaldeki-ayak-izimiz-projesi\/#primaryimage"},"image":{"@id":"https:\/\/www.tikav.org.tr\/dijitaldeki-ayak-izimiz-projesi\/#primaryimage"},"thumbnailUrl":"https:\/\/www.tikav.org.tr\/wp-content\/uploads\/2024\/03\/tarihce.jpg","datePublished":"2024-08-19T12:12:37+00:00","dateModified":"2025-01-23T11:15:05+00:00","breadcrumb":{"@id":"https:\/\/www.tikav.org.tr\/dijitaldeki-ayak-izimiz-projesi\/#breadcrumb"},"inLanguage":"en-US","potentialAction":[{"@type":"ReadAction","target":["https:\/\/www.tikav.org.tr\/dijitaldeki-ayak-izimiz-projesi\/"]}]},{"@type":"ImageObject","inLanguage":"en-US","@id":"https:\/\/www.tikav.org.tr\/dijitaldeki-ayak-izimiz-projesi\/#primaryimage","url":"https:\/\/www.tikav.org.tr\/wp-content\/uploads\/2024\/03\/tarihce.jpg","contentUrl":"https:\/\/www.tikav.org.tr\/wp-content\/uploads\/2024\/03\/tarihce.jpg","width":1458,"height":797},{"@type":"BreadcrumbList","@id":"https:\/\/www.tikav.org.tr\/dijitaldeki-ayak-izimiz-projesi\/#breadcrumb","itemListElement":[{"@type":"ListItem","position":1,"name":"Anasayfa","item":"https:\/\/www.tikav.org.tr\/"},{"@type":"ListItem","position":2,"name":"Dijitaldeki Ayak \u0130zimiz Projesi"}]},{"@type":"WebSite","@id":"https:\/\/www.tikav.org.tr\/#website","url":"https:\/\/www.tikav.org.tr\/","name":"T\u0130KAV | T\u00fcrkiye \u0130nsan Haklar\u0131 Derne\u011fi","description":"T\u00fcrkiye \u0130nsan Kaynaklar\u0131 E\u011fitim ve Sa\u011fl\u0131k Vakf\u0131","publisher":{"@id":"https:\/\/www.tikav.org.tr\/#organization"},"potentialAction":[{"@type":"SearchAction","target":{"@type":"EntryPoint","urlTemplate":"https:\/\/www.tikav.org.tr\/?s={search_term_string}"},"query-input":{"@type":"PropertyValueSpecification","valueRequired":true,"valueName":"search_term_string"}}],"inLanguage":"en-US"},{"@type":"Organization","@id":"https:\/\/www.tikav.org.tr\/#organization","name":"T\u0130KAV | T\u00fcrkiye \u0130nsan Haklar\u0131 Derne\u011fi","url":"https:\/\/www.tikav.org.tr\/","logo":{"@type":"ImageObject","inLanguage":"en-US","@id":"https:\/\/www.tikav.org.tr\/#\/schema\/logo\/image\/","url":"https:\/\/www.tikav.org.tr\/wp-content\/uploads\/2024\/02\/cropped-tikav-logo.png","contentUrl":"https:\/\/www.tikav.org.tr\/wp-content\/uploads\/2024\/02\/cropped-tikav-logo.png","width":402,"height":212,"caption":"T\u0130KAV | T\u00fcrkiye \u0130nsan Haklar\u0131 Derne\u011fi"},"image":{"@id":"https:\/\/www.tikav.org.tr\/#\/schema\/logo\/image\/"},"sameAs":["https:\/\/www.facebook.com\/Turkiye.Tikav\/","https:\/\/x.com\/Tikav1","https:\/\/www.instagram.com\/tikav_turkiye\/","https:\/\/www.youtube.com\/channel\/UCLd2iwUsjrCh6fQySvm4_uA"]}]}},"_links":{"self":[{"href":"https:\/\/www.tikav.org.tr\/en\/wp-json\/wp\/v2\/pages\/6662","targetHints":{"allow":["GET"]}}],"collection":[{"href":"https:\/\/www.tikav.org.tr\/en\/wp-json\/wp\/v2\/pages"}],"about":[{"href":"https:\/\/www.tikav.org.tr\/en\/wp-json\/wp\/v2\/types\/page"}],"author":[{"embeddable":true,"href":"https:\/\/www.tikav.org.tr\/en\/wp-json\/wp\/v2\/users\/1"}],"replies":[{"embeddable":true,"href":"https:\/\/www.tikav.org.tr\/en\/wp-json\/wp\/v2\/comments?post=6662"}],"version-history":[{"count":10,"href":"https:\/\/www.tikav.org.tr\/en\/wp-json\/wp\/v2\/pages\/6662\/revisions"}],"predecessor-version":[{"id":8552,"href":"https:\/\/www.tikav.org.tr\/en\/wp-json\/wp\/v2\/pages\/6662\/revisions\/8552"}],"wp:featuredmedia":[{"embeddable":true,"href":"https:\/\/www.tikav.org.tr\/en\/wp-json\/wp\/v2\/media\/3419"}],"wp:attachment":[{"href":"https:\/\/www.tikav.org.tr\/en\/wp-json\/wp\/v2\/media?parent=6662"}],"curies":[{"name":"wp","href":"https:\/\/api.w.org\/{rel}","templated":true}]}}