{"id":6644,"date":"2024-08-19T14:52:07","date_gmt":"2024-08-19T11:52:07","guid":{"rendered":"http:\/\/www.tikav.org.tr\/?page_id=6644"},"modified":"2024-09-17T10:36:35","modified_gmt":"2024-09-17T07:36:35","slug":"uluslararasi-genclik-odulu-turkiye","status":"publish","type":"page","link":"https:\/\/www.tikav.org.tr\/en\/uluslararasi-genclik-odulu-turkiye\/","title":{"rendered":"Uluslararas\u0131 Gen\u00e7lik \u00d6d\u00fcl\u00fc &#8211; T\u00fcrkiye"},"content":{"rendered":"<div data-elementor-type=\"wp-page\" data-elementor-id=\"6644\" class=\"elementor elementor-6644\" data-elementor-post-type=\"page\">\n\t\t\t\t\t\t\t\t\t<section class=\"elementor-section elementor-top-section elementor-element elementor-element-853a08e elementor-section-full_width elementor-section-content-middle elementor-section-height-default elementor-section-height-default\" data-id=\"853a08e\" data-element_type=\"section\">\n\t\t\t\t\t\t<div class=\"elementor-container elementor-column-gap-no\">\n\t\t\t\t\t<div class=\"elementor-column elementor-col-100 elementor-top-column elementor-element elementor-element-118b388\" data-id=\"118b388\" data-element_type=\"column\">\n\t\t\t<div class=\"elementor-widget-wrap elementor-element-populated\">\n\t\t\t\t\t\t\t\t<section class=\"elementor-section elementor-inner-section elementor-element elementor-element-9363860 elementor-section-content-middle elementor-section-boxed elementor-section-height-default elementor-section-height-default\" data-id=\"9363860\" data-element_type=\"section\">\n\t\t\t\t\t\t<div class=\"elementor-container elementor-column-gap-extended\">\n\t\t\t\t\t<div class=\"elementor-column elementor-col-100 elementor-inner-column elementor-element elementor-element-acbf207 sec-title\" data-id=\"acbf207\" data-element_type=\"column\">\n\t\t\t<div class=\"elementor-widget-wrap elementor-element-populated\">\n\t\t\t\t\t\t\t\t<div class=\"elementor-element elementor-element-07806ec elementor-widget elementor-widget-spacer\" data-id=\"07806ec\" data-element_type=\"widget\" data-widget_type=\"spacer.default\">\n\t\t\t\t<div class=\"elementor-widget-container\">\n\t\t\t<style>\/*! elementor - v3.18.0 - 06-12-2023 *\/\n.elementor-column .elementor-spacer-inner{height:var(--spacer-size)}.e-con{--container-widget-width:100%}.e-con-inner>.elementor-widget-spacer,.e-con>.elementor-widget-spacer{width:var(--container-widget-width,var(--spacer-size));--align-self:var(--container-widget-align-self,initial);--flex-shrink:0}.e-con-inner>.elementor-widget-spacer>.elementor-widget-container,.e-con>.elementor-widget-spacer>.elementor-widget-container{height:100%;width:100%}.e-con-inner>.elementor-widget-spacer>.elementor-widget-container>.elementor-spacer,.e-con>.elementor-widget-spacer>.elementor-widget-container>.elementor-spacer{height:100%}.e-con-inner>.elementor-widget-spacer>.elementor-widget-container>.elementor-spacer>.elementor-spacer-inner,.e-con>.elementor-widget-spacer>.elementor-widget-container>.elementor-spacer>.elementor-spacer-inner{height:var(--container-widget-height,var(--spacer-size))}.e-con-inner>.elementor-widget-spacer.elementor-widget-empty,.e-con>.elementor-widget-spacer.elementor-widget-empty{position:relative;min-height:22px;min-width:22px}.e-con-inner>.elementor-widget-spacer.elementor-widget-empty .elementor-widget-empty-icon,.e-con>.elementor-widget-spacer.elementor-widget-empty .elementor-widget-empty-icon{position:absolute;top:0;bottom:0;left:0;right:0;margin:auto;padding:0;width:22px;height:22px}<\/style>\t\t<div class=\"elementor-spacer\">\n\t\t\t<div class=\"elementor-spacer-inner\"><\/div>\n\t\t<\/div>\n\t\t\t\t<\/div>\n\t\t\t\t<\/div>\n\t\t\t\t<div class=\"elementor-element elementor-element-4eea28c elementor-widget elementor-widget-heading\" data-id=\"4eea28c\" data-element_type=\"widget\" data-widget_type=\"heading.default\">\n\t\t\t\t<div class=\"elementor-widget-container\">\n\t\t\t<style>\/*! elementor - v3.18.0 - 06-12-2023 *\/\n.elementor-heading-title{padding:0;margin:0;line-height:1}.elementor-widget-heading .elementor-heading-title[class*=elementor-size-]>a{color:inherit;font-size:inherit;line-height:inherit}.elementor-widget-heading .elementor-heading-title.elementor-size-small{font-size:15px}.elementor-widget-heading .elementor-heading-title.elementor-size-medium{font-size:19px}.elementor-widget-heading .elementor-heading-title.elementor-size-large{font-size:29px}.elementor-widget-heading .elementor-heading-title.elementor-size-xl{font-size:39px}.elementor-widget-heading .elementor-heading-title.elementor-size-xxl{font-size:59px}<\/style><h2 class=\"elementor-heading-title elementor-size-default\">The International Award For Young People- T\u00fcrkiye\n<\/h2>\t\t<\/div>\n\t\t\t\t<\/div>\n\t\t\t\t<div class=\"elementor-element elementor-element-fcd5cb1 elementor-widget elementor-widget-image\" data-id=\"fcd5cb1\" data-element_type=\"widget\" data-widget_type=\"image.default\">\n\t\t\t\t<div class=\"elementor-widget-container\">\n\t\t\t<style>\/*! elementor - v3.18.0 - 06-12-2023 *\/\n.elementor-widget-image{text-align:center}.elementor-widget-image a{display:inline-block}.elementor-widget-image a img[src$=\".svg\"]{width:48px}.elementor-widget-image img{vertical-align:middle;display:inline-block}<\/style>\t\t\t\t\t\t\t\t\t\t\t\t<img fetchpriority=\"high\" decoding=\"async\" width=\"520\" height=\"347\" src=\"https:\/\/www.tikav.org.tr\/wp-content\/uploads\/2024\/03\/uluslararasi-genclik-odulu-01.jpg\" class=\"attachment-full size-full wp-image-3685\" alt=\"\" srcset=\"https:\/\/www.tikav.org.tr\/wp-content\/uploads\/2024\/03\/uluslararasi-genclik-odulu-01.jpg 520w, https:\/\/www.tikav.org.tr\/wp-content\/uploads\/2024\/03\/uluslararasi-genclik-odulu-01-300x200.jpg 300w\" sizes=\"(max-width: 520px) 100vw, 520px\" \/>\t\t\t\t\t\t\t\t\t\t\t\t\t\t\t<\/div>\n\t\t\t\t<\/div>\n\t\t\t\t<div class=\"elementor-element elementor-element-5a7e52b elementor-widget elementor-widget-text-editor\" data-id=\"5a7e52b\" data-element_type=\"widget\" data-widget_type=\"text-editor.default\">\n\t\t\t\t<div class=\"elementor-widget-container\">\n\t\t\t<style>\/*! elementor - v3.18.0 - 06-12-2023 *\/\n.elementor-widget-text-editor.elementor-drop-cap-view-stacked .elementor-drop-cap{background-color:#69727d;color:#fff}.elementor-widget-text-editor.elementor-drop-cap-view-framed .elementor-drop-cap{color:#69727d;border:3px solid;background-color:transparent}.elementor-widget-text-editor:not(.elementor-drop-cap-view-default) .elementor-drop-cap{margin-top:8px}.elementor-widget-text-editor:not(.elementor-drop-cap-view-default) .elementor-drop-cap-letter{width:1em;height:1em}.elementor-widget-text-editor .elementor-drop-cap{float:left;text-align:center;line-height:1;font-size:50px}.elementor-widget-text-editor .elementor-drop-cap-letter{display:inline-block}<\/style>\t\t\t\t<p>The International Award For Young People- T\u00fcrkiye (Uluslararas\u0131 Gen\u00e7lik \u00d6d\u00fcl\u00fc \u2013 T\u00fcrkiye) 14 ile 24 ya\u015flar\u0131 aras\u0131ndaki t\u00fcm gen\u00e7lerin kat\u0131labilece\u011fi heyecanl\u0131 bir ki\u015fisel geli\u015fim program\u0131d\u0131r. Program\u0131n amac\u0131 gen\u00e7leri, kendi hayatlar\u0131nda, ya\u015fad\u0131klar\u0131 toplumda ve d\u00fcnyada bir fark yaratmalar\u0131n\u0131 sa\u011flayacak ya\u015fam becerileri ile donatmakt\u0131r. 1956 y\u0131l\u0131ndan bu yana, 130 \u00fclkede ve b\u00f6lgede, milyonlarca gen\u00e7 \u00d6d\u00fcl Program\u0131\u2019na kat\u0131lm\u0131\u015ft\u0131r.<\/p><p>\u00a0<\/p><p>\u00d6d\u00fcl Program\u0131, T\u00fcrkiye\u2019de 2013-2020 y\u0131llar\u0131 aras\u0131nda \u201cThe Duke of Edinburgh\u2019s International Award \u2013 T\u00fcrkiye\u201d (DoEIA-TR) ad\u0131yla uygulanm\u0131\u015ft\u0131r. Temmuz 2020 tarihinden itibaren \u201cUluslararas\u0131 Gen\u00e7lik \u00d6d\u00fcl\u00fc \u2013 T\u00fcrkiye\u201d (UGO-TR) ad\u0131yla uygulanmaya devam etmektedir.<\/p><p>\u00a0<\/p>\t\t\t\t\t\t<\/div>\n\t\t\t\t<\/div>\n\t\t<div class=\"elementor-element elementor-element-0896a2f e-grid e-con-boxed e-con e-parent\" data-id=\"0896a2f\" data-element_type=\"container\" data-settings=\"{&quot;content_width&quot;:&quot;boxed&quot;}\" data-core-v316-plus=\"true\">\n\t\t\t\t\t<div class=\"e-con-inner\">\n\t\t\t\t<div class=\"elementor-element elementor-element-15b6b9d elementor-widget elementor-widget-image\" data-id=\"15b6b9d\" data-element_type=\"widget\" data-widget_type=\"image.default\">\n\t\t\t\t<div class=\"elementor-widget-container\">\n\t\t\t\t\t\t\t\t\t\t\t\t\t\t\t<img decoding=\"async\" width=\"520\" height=\"347\" src=\"https:\/\/www.tikav.org.tr\/wp-content\/uploads\/2024\/03\/uluslararasi-genclik-odulu-03.jpg\" class=\"attachment-full size-full wp-image-3687\" alt=\"\" srcset=\"https:\/\/www.tikav.org.tr\/wp-content\/uploads\/2024\/03\/uluslararasi-genclik-odulu-03.jpg 520w, https:\/\/www.tikav.org.tr\/wp-content\/uploads\/2024\/03\/uluslararasi-genclik-odulu-03-300x200.jpg 300w\" sizes=\"(max-width: 520px) 100vw, 520px\" \/>\t\t\t\t\t\t\t\t\t\t\t\t\t\t\t<\/div>\n\t\t\t\t<\/div>\n\t\t\t\t<div class=\"elementor-element elementor-element-36d0a25 elementor-widget elementor-widget-image\" data-id=\"36d0a25\" data-element_type=\"widget\" data-widget_type=\"image.default\">\n\t\t\t\t<div class=\"elementor-widget-container\">\n\t\t\t\t\t\t\t\t\t\t\t\t\t\t\t<img decoding=\"async\" width=\"520\" height=\"347\" src=\"https:\/\/www.tikav.org.tr\/wp-content\/uploads\/2024\/03\/uluslararasi-genclik-odulu-02.jpg\" class=\"attachment-full size-full wp-image-3686\" alt=\"\" srcset=\"https:\/\/www.tikav.org.tr\/wp-content\/uploads\/2024\/03\/uluslararasi-genclik-odulu-02.jpg 520w, https:\/\/www.tikav.org.tr\/wp-content\/uploads\/2024\/03\/uluslararasi-genclik-odulu-02-300x200.jpg 300w\" sizes=\"(max-width: 520px) 100vw, 520px\" \/>\t\t\t\t\t\t\t\t\t\t\t\t\t\t\t<\/div>\n\t\t\t\t<\/div>\n\t\t\t\t\t<\/div>\n\t\t\t\t<\/div>\n\t\t\t\t<div class=\"elementor-element elementor-element-0802b37 elementor-widget elementor-widget-text-editor\" data-id=\"0802b37\" data-element_type=\"widget\" data-widget_type=\"text-editor.default\">\n\t\t\t\t<div class=\"elementor-widget-container\">\n\t\t\t\t\t\t\t<p>The International Award For Young People- T\u00fcrkiye (Uluslararas\u0131 Gen\u00e7lik \u00d6d\u00fcl\u00fc \u2013 T\u00fcrkiye) 14 ile 24 ya\u015flar\u0131 aras\u0131ndaki t\u00fcm gen\u00e7lerin kat\u0131labilece\u011fi heyecanl\u0131 bir ki\u015fisel geli\u015fim program\u0131d\u0131r. Program\u0131n amac\u0131 gen\u00e7leri, kendi hayatlar\u0131nda, ya\u015fad\u0131klar\u0131 toplumda ve d\u00fcnyada bir fark yaratmalar\u0131n\u0131 sa\u011flayacak ya\u015fam becerileri ile donatmakt\u0131r. 1956 y\u0131l\u0131ndan bu yana, 130 \u00fclkede ve b\u00f6lgede, milyonlarca gen\u00e7 \u00d6d\u00fcl Program\u0131\u2019na kat\u0131lm\u0131\u015ft\u0131r.<\/p><p>\u00a0<\/p><p>\u00d6d\u00fcl Program\u0131, T\u00fcrkiye\u2019de 2013-2020 y\u0131llar\u0131 aras\u0131nda \u201cThe Duke of Edinburgh\u2019s International Award \u2013 T\u00fcrkiye\u201d (DoEIA-TR) ad\u0131yla uygulanm\u0131\u015ft\u0131r. Temmuz 2020 tarihinden itibaren \u201cUluslararas\u0131 Gen\u00e7lik \u00d6d\u00fcl\u00fc \u2013 T\u00fcrkiye\u201d (UGO-TR) ad\u0131yla uygulanmaya devam etmektedir.<\/p><p>\u00a0<\/p><p>U<a style=\"letter-spacing: 0px;\" href=\"https:\/\/www.intaward.org.tr\/\" target=\"_blank\" rel=\"noopener\">luslararas\u0131 Gen\u00e7lik \u00d6d\u00fcl\u00fc &#8211; T\u00fcrkiye (UGO-TR) sitesine gitmek i\u00e7in t\u0131klay\u0131n\u0131z.\u00a0<\/a><\/p><p>\u00a0<\/p>\t\t\t\t\t\t<\/div>\n\t\t\t\t<\/div>\n\t\t\t\t<div class=\"elementor-element elementor-element-d0a9713 elementor-widget elementor-widget-image\" data-id=\"d0a9713\" data-element_type=\"widget\" data-widget_type=\"image.default\">\n\t\t\t\t<div class=\"elementor-widget-container\">\n\t\t\t\t\t\t\t\t\t\t\t\t\t\t\t\t<a href=\"https:\/\/www.intaward.org.tr\/\">\n\t\t\t\t\t\t\t<img loading=\"lazy\" decoding=\"async\" width=\"721\" height=\"259\" src=\"https:\/\/www.tikav.org.tr\/wp-content\/uploads\/2024\/03\/bireysel-gelisim-programi-02.jpg\" class=\"attachment-full size-full wp-image-3646\" alt=\"\" srcset=\"https:\/\/www.tikav.org.tr\/wp-content\/uploads\/2024\/03\/bireysel-gelisim-programi-02.jpg 721w, https:\/\/www.tikav.org.tr\/wp-content\/uploads\/2024\/03\/bireysel-gelisim-programi-02-300x108.jpg 300w\" sizes=\"(max-width: 721px) 100vw, 721px\" \/>\t\t\t\t\t\t\t\t<\/a>\n\t\t\t\t\t\t\t\t\t\t\t\t\t\t\t<\/div>\n\t\t\t\t<\/div>\n\t\t\t\t\t<\/div>\n\t\t<\/div>\n\t\t\t\t\t\t\t<\/div>\n\t\t<\/section>\n\t\t\t\t\t<\/div>\n\t\t<\/div>\n\t\t\t\t\t\t\t<\/div>\n\t\t<\/section>\n\t\t<div class=\"elementor-element elementor-element-695b82a e-flex e-con-boxed e-con e-parent\" data-id=\"695b82a\" data-element_type=\"container\" data-settings=\"{&quot;content_width&quot;:&quot;boxed&quot;}\" data-core-v316-plus=\"true\">\n\t\t\t\t\t<div class=\"e-con-inner\">\n\t\t<div class=\"elementor-element elementor-element-ce1c272 e-con-full e-flex e-con e-child\" data-id=\"ce1c272\" data-element_type=\"container\" data-settings=\"{&quot;content_width&quot;:&quot;full&quot;}\">\n\t\t\t\t<\/div>\n\t\t<div class=\"elementor-element elementor-element-4578a3c e-con-full e-flex e-con e-child\" data-id=\"4578a3c\" data-element_type=\"container\" data-settings=\"{&quot;content_width&quot;:&quot;full&quot;}\">\n\t\t\t\t<\/div>\n\t\t\t\t\t<\/div>\n\t\t\t\t<\/div>\n\t\t\t\t\t\t\t<\/div>","protected":false},"excerpt":{"rendered":"<p>Uluslararas\u0131 Gen\u00e7lik \u00d6d\u00fcl\u00fc &#8211; T\u00fcrkiye The International Award For Young People- T\u00fcrkiye (Uluslararas\u0131 Gen\u00e7lik \u00d6d\u00fcl\u00fc \u2013 T\u00fcrkiye) 14 ile 24 ya\u015flar\u0131 aras\u0131ndaki t\u00fcm gen\u00e7lerin kat\u0131labilece\u011fi heyecanl\u0131 bir ki\u015fisel geli\u015fim program\u0131d\u0131r. [&hellip;]<\/p>","protected":false},"author":1,"featured_media":3419,"parent":0,"menu_order":0,"comment_status":"closed","ping_status":"closed","template":"elementor_header_footer","meta":{"_EventAllDay":false,"_EventTimezone":"","_EventStartDate":"","_EventEndDate":"","_EventStartDateUTC":"","_EventEndDateUTC":"","_EventShowMap":false,"_EventShowMapLink":false,"_EventURL":"","_EventCost":"","_EventCostDescription":"","_EventCurrencySymbol":"","_EventCurrencyCode":"","_EventCurrencyPosition":"","_EventDateTimeSeparator":"","_EventTimeRangeSeparator":"","_EventOrganizerID":[],"_EventVenueID":[],"_OrganizerEmail":"","_OrganizerPhone":"","_OrganizerWebsite":"","_VenueAddress":"","_VenueCity":"","_VenueCountry":"","_VenueProvince":"","_VenueState":"","_VenueZip":"","_VenuePhone":"","_VenueURL":"","_VenueStateProvince":"","_VenueLat":"","_VenueLng":"","_VenueShowMap":false,"_VenueShowMapLink":false,"footnotes":""},"class_list":["post-6644","page","type-page","status-publish","has-post-thumbnail","hentry"],"yoast_head":"<!-- This site is optimized with the Yoast SEO plugin v24.9 - https:\/\/yoast.com\/wordpress\/plugins\/seo\/ -->\n<title>Uluslararas\u0131 Gen\u00e7lik \u00d6d\u00fcl\u00fc - T\u00fcrkiye - T\u0130KAV<\/title>\n<meta name=\"robots\" content=\"index, follow, max-snippet:-1, max-image-preview:large, max-video-preview:-1\" \/>\n<link rel=\"canonical\" href=\"https:\/\/www.tikav.org.tr\/en\/uluslararasi-genclik-odulu-turkiye\/\" \/>\n<meta property=\"og:locale\" content=\"en_US\" \/>\n<meta property=\"og:type\" content=\"article\" \/>\n<meta property=\"og:title\" content=\"Uluslararas\u0131 Gen\u00e7lik \u00d6d\u00fcl\u00fc - T\u00fcrkiye - T\u0130KAV\" \/>\n<meta property=\"og:description\" content=\"Uluslararas\u0131 Gen\u00e7lik \u00d6d\u00fcl\u00fc &#8211; T\u00fcrkiye The International Award For Young People- T\u00fcrkiye (Uluslararas\u0131 Gen\u00e7lik \u00d6d\u00fcl\u00fc \u2013 T\u00fcrkiye) 14 ile 24 ya\u015flar\u0131 aras\u0131ndaki t\u00fcm gen\u00e7lerin kat\u0131labilece\u011fi heyecanl\u0131 bir ki\u015fisel geli\u015fim program\u0131d\u0131r. [&hellip;]\" \/>\n<meta property=\"og:url\" content=\"https:\/\/www.tikav.org.tr\/en\/uluslararasi-genclik-odulu-turkiye\/\" \/>\n<meta property=\"og:site_name\" content=\"T\u0130KAV\" \/>\n<meta property=\"article:publisher\" content=\"https:\/\/www.facebook.com\/Turkiye.Tikav\/\" \/>\n<meta property=\"article:modified_time\" content=\"2024-09-17T07:36:35+00:00\" \/>\n<meta property=\"og:image\" content=\"https:\/\/www.tikav.org.tr\/wp-content\/uploads\/2024\/03\/tarihce.jpg\" \/>\n\t<meta property=\"og:image:width\" content=\"1458\" \/>\n\t<meta property=\"og:image:height\" content=\"797\" \/>\n\t<meta property=\"og:image:type\" content=\"image\/jpeg\" \/>\n<meta name=\"twitter:card\" content=\"summary_large_image\" \/>\n<meta name=\"twitter:site\" content=\"@Tikav1\" \/>\n<meta name=\"twitter:label1\" content=\"Est. reading time\" \/>\n\t<meta name=\"twitter:data1\" content=\"1 minute\" \/>\n<script type=\"application\/ld+json\" class=\"yoast-schema-graph\">{\"@context\":\"https:\/\/schema.org\",\"@graph\":[{\"@type\":\"WebPage\",\"@id\":\"https:\/\/www.tikav.org.tr\/uluslararasi-genclik-odulu-turkiye\/\",\"url\":\"https:\/\/www.tikav.org.tr\/uluslararasi-genclik-odulu-turkiye\/\",\"name\":\"Uluslararas\u0131 Gen\u00e7lik \u00d6d\u00fcl\u00fc - T\u00fcrkiye - T\u0130KAV\",\"isPartOf\":{\"@id\":\"https:\/\/www.tikav.org.tr\/#website\"},\"primaryImageOfPage\":{\"@id\":\"https:\/\/www.tikav.org.tr\/uluslararasi-genclik-odulu-turkiye\/#primaryimage\"},\"image\":{\"@id\":\"https:\/\/www.tikav.org.tr\/uluslararasi-genclik-odulu-turkiye\/#primaryimage\"},\"thumbnailUrl\":\"https:\/\/www.tikav.org.tr\/wp-content\/uploads\/2024\/03\/tarihce.jpg\",\"datePublished\":\"2024-08-19T11:52:07+00:00\",\"dateModified\":\"2024-09-17T07:36:35+00:00\",\"breadcrumb\":{\"@id\":\"https:\/\/www.tikav.org.tr\/uluslararasi-genclik-odulu-turkiye\/#breadcrumb\"},\"inLanguage\":\"en-US\",\"potentialAction\":[{\"@type\":\"ReadAction\",\"target\":[\"https:\/\/www.tikav.org.tr\/uluslararasi-genclik-odulu-turkiye\/\"]}]},{\"@type\":\"ImageObject\",\"inLanguage\":\"en-US\",\"@id\":\"https:\/\/www.tikav.org.tr\/uluslararasi-genclik-odulu-turkiye\/#primaryimage\",\"url\":\"https:\/\/www.tikav.org.tr\/wp-content\/uploads\/2024\/03\/tarihce.jpg\",\"contentUrl\":\"https:\/\/www.tikav.org.tr\/wp-content\/uploads\/2024\/03\/tarihce.jpg\",\"width\":1458,\"height\":797},{\"@type\":\"BreadcrumbList\",\"@id\":\"https:\/\/www.tikav.org.tr\/uluslararasi-genclik-odulu-turkiye\/#breadcrumb\",\"itemListElement\":[{\"@type\":\"ListItem\",\"position\":1,\"name\":\"Anasayfa\",\"item\":\"https:\/\/www.tikav.org.tr\/\"},{\"@type\":\"ListItem\",\"position\":2,\"name\":\"Uluslararas\u0131 Gen\u00e7lik \u00d6d\u00fcl\u00fc &#8211; T\u00fcrkiye\"}]},{\"@type\":\"WebSite\",\"@id\":\"https:\/\/www.tikav.org.tr\/#website\",\"url\":\"https:\/\/www.tikav.org.tr\/\",\"name\":\"T\u0130KAV | T\u00fcrkiye \u0130nsan Haklar\u0131 Derne\u011fi\",\"description\":\"T\u00fcrkiye \u0130nsan Kaynaklar\u0131 E\u011fitim ve Sa\u011fl\u0131k Vakf\u0131\",\"publisher\":{\"@id\":\"https:\/\/www.tikav.org.tr\/#organization\"},\"potentialAction\":[{\"@type\":\"SearchAction\",\"target\":{\"@type\":\"EntryPoint\",\"urlTemplate\":\"https:\/\/www.tikav.org.tr\/?s={search_term_string}\"},\"query-input\":{\"@type\":\"PropertyValueSpecification\",\"valueRequired\":true,\"valueName\":\"search_term_string\"}}],\"inLanguage\":\"en-US\"},{\"@type\":\"Organization\",\"@id\":\"https:\/\/www.tikav.org.tr\/#organization\",\"name\":\"T\u0130KAV | T\u00fcrkiye \u0130nsan Haklar\u0131 Derne\u011fi\",\"url\":\"https:\/\/www.tikav.org.tr\/\",\"logo\":{\"@type\":\"ImageObject\",\"inLanguage\":\"en-US\",\"@id\":\"https:\/\/www.tikav.org.tr\/#\/schema\/logo\/image\/\",\"url\":\"https:\/\/www.tikav.org.tr\/wp-content\/uploads\/2024\/02\/cropped-tikav-logo.png\",\"contentUrl\":\"https:\/\/www.tikav.org.tr\/wp-content\/uploads\/2024\/02\/cropped-tikav-logo.png\",\"width\":402,\"height\":212,\"caption\":\"T\u0130KAV | T\u00fcrkiye \u0130nsan Haklar\u0131 Derne\u011fi\"},\"image\":{\"@id\":\"https:\/\/www.tikav.org.tr\/#\/schema\/logo\/image\/\"},\"sameAs\":[\"https:\/\/www.facebook.com\/Turkiye.Tikav\/\",\"https:\/\/x.com\/Tikav1\",\"https:\/\/www.instagram.com\/tikav_turkiye\/\",\"https:\/\/www.youtube.com\/channel\/UCLd2iwUsjrCh6fQySvm4_uA\"]}]}<\/script>\n<!-- \/ Yoast SEO plugin. -->","yoast_head_json":{"title":"Uluslararas\u0131 Gen\u00e7lik \u00d6d\u00fcl\u00fc - T\u00fcrkiye - T\u0130KAV","robots":{"index":"index","follow":"follow","max-snippet":"max-snippet:-1","max-image-preview":"max-image-preview:large","max-video-preview":"max-video-preview:-1"},"canonical":"https:\/\/www.tikav.org.tr\/en\/uluslararasi-genclik-odulu-turkiye\/","og_locale":"en_US","og_type":"article","og_title":"Uluslararas\u0131 Gen\u00e7lik \u00d6d\u00fcl\u00fc - T\u00fcrkiye - T\u0130KAV","og_description":"Uluslararas\u0131 Gen\u00e7lik \u00d6d\u00fcl\u00fc &#8211; T\u00fcrkiye The International Award For Young People- T\u00fcrkiye (Uluslararas\u0131 Gen\u00e7lik \u00d6d\u00fcl\u00fc \u2013 T\u00fcrkiye) 14 ile 24 ya\u015flar\u0131 aras\u0131ndaki t\u00fcm gen\u00e7lerin kat\u0131labilece\u011fi heyecanl\u0131 bir ki\u015fisel geli\u015fim program\u0131d\u0131r. [&hellip;]","og_url":"https:\/\/www.tikav.org.tr\/en\/uluslararasi-genclik-odulu-turkiye\/","og_site_name":"T\u0130KAV","article_publisher":"https:\/\/www.facebook.com\/Turkiye.Tikav\/","article_modified_time":"2024-09-17T07:36:35+00:00","og_image":[{"width":1458,"height":797,"url":"https:\/\/www.tikav.org.tr\/wp-content\/uploads\/2024\/03\/tarihce.jpg","type":"image\/jpeg"}],"twitter_card":"summary_large_image","twitter_site":"@Tikav1","twitter_misc":{"Est. reading time":"1 minute"},"schema":{"@context":"https:\/\/schema.org","@graph":[{"@type":"WebPage","@id":"https:\/\/www.tikav.org.tr\/uluslararasi-genclik-odulu-turkiye\/","url":"https:\/\/www.tikav.org.tr\/uluslararasi-genclik-odulu-turkiye\/","name":"Uluslararas\u0131 Gen\u00e7lik \u00d6d\u00fcl\u00fc - T\u00fcrkiye - T\u0130KAV","isPartOf":{"@id":"https:\/\/www.tikav.org.tr\/#website"},"primaryImageOfPage":{"@id":"https:\/\/www.tikav.org.tr\/uluslararasi-genclik-odulu-turkiye\/#primaryimage"},"image":{"@id":"https:\/\/www.tikav.org.tr\/uluslararasi-genclik-odulu-turkiye\/#primaryimage"},"thumbnailUrl":"https:\/\/www.tikav.org.tr\/wp-content\/uploads\/2024\/03\/tarihce.jpg","datePublished":"2024-08-19T11:52:07+00:00","dateModified":"2024-09-17T07:36:35+00:00","breadcrumb":{"@id":"https:\/\/www.tikav.org.tr\/uluslararasi-genclik-odulu-turkiye\/#breadcrumb"},"inLanguage":"en-US","potentialAction":[{"@type":"ReadAction","target":["https:\/\/www.tikav.org.tr\/uluslararasi-genclik-odulu-turkiye\/"]}]},{"@type":"ImageObject","inLanguage":"en-US","@id":"https:\/\/www.tikav.org.tr\/uluslararasi-genclik-odulu-turkiye\/#primaryimage","url":"https:\/\/www.tikav.org.tr\/wp-content\/uploads\/2024\/03\/tarihce.jpg","contentUrl":"https:\/\/www.tikav.org.tr\/wp-content\/uploads\/2024\/03\/tarihce.jpg","width":1458,"height":797},{"@type":"BreadcrumbList","@id":"https:\/\/www.tikav.org.tr\/uluslararasi-genclik-odulu-turkiye\/#breadcrumb","itemListElement":[{"@type":"ListItem","position":1,"name":"Anasayfa","item":"https:\/\/www.tikav.org.tr\/"},{"@type":"ListItem","position":2,"name":"Uluslararas\u0131 Gen\u00e7lik \u00d6d\u00fcl\u00fc &#8211; T\u00fcrkiye"}]},{"@type":"WebSite","@id":"https:\/\/www.tikav.org.tr\/#website","url":"https:\/\/www.tikav.org.tr\/","name":"T\u0130KAV | T\u00fcrkiye \u0130nsan Haklar\u0131 Derne\u011fi","description":"T\u00fcrkiye \u0130nsan Kaynaklar\u0131 E\u011fitim ve Sa\u011fl\u0131k Vakf\u0131","publisher":{"@id":"https:\/\/www.tikav.org.tr\/#organization"},"potentialAction":[{"@type":"SearchAction","target":{"@type":"EntryPoint","urlTemplate":"https:\/\/www.tikav.org.tr\/?s={search_term_string}"},"query-input":{"@type":"PropertyValueSpecification","valueRequired":true,"valueName":"search_term_string"}}],"inLanguage":"en-US"},{"@type":"Organization","@id":"https:\/\/www.tikav.org.tr\/#organization","name":"T\u0130KAV | T\u00fcrkiye \u0130nsan Haklar\u0131 Derne\u011fi","url":"https:\/\/www.tikav.org.tr\/","logo":{"@type":"ImageObject","inLanguage":"en-US","@id":"https:\/\/www.tikav.org.tr\/#\/schema\/logo\/image\/","url":"https:\/\/www.tikav.org.tr\/wp-content\/uploads\/2024\/02\/cropped-tikav-logo.png","contentUrl":"https:\/\/www.tikav.org.tr\/wp-content\/uploads\/2024\/02\/cropped-tikav-logo.png","width":402,"height":212,"caption":"T\u0130KAV | T\u00fcrkiye \u0130nsan Haklar\u0131 Derne\u011fi"},"image":{"@id":"https:\/\/www.tikav.org.tr\/#\/schema\/logo\/image\/"},"sameAs":["https:\/\/www.facebook.com\/Turkiye.Tikav\/","https:\/\/x.com\/Tikav1","https:\/\/www.instagram.com\/tikav_turkiye\/","https:\/\/www.youtube.com\/channel\/UCLd2iwUsjrCh6fQySvm4_uA"]}]}},"_links":{"self":[{"href":"https:\/\/www.tikav.org.tr\/en\/wp-json\/wp\/v2\/pages\/6644","targetHints":{"allow":["GET"]}}],"collection":[{"href":"https:\/\/www.tikav.org.tr\/en\/wp-json\/wp\/v2\/pages"}],"about":[{"href":"https:\/\/www.tikav.org.tr\/en\/wp-json\/wp\/v2\/types\/page"}],"author":[{"embeddable":true,"href":"https:\/\/www.tikav.org.tr\/en\/wp-json\/wp\/v2\/users\/1"}],"replies":[{"embeddable":true,"href":"https:\/\/www.tikav.org.tr\/en\/wp-json\/wp\/v2\/comments?post=6644"}],"version-history":[{"count":13,"href":"https:\/\/www.tikav.org.tr\/en\/wp-json\/wp\/v2\/pages\/6644\/revisions"}],"predecessor-version":[{"id":7971,"href":"https:\/\/www.tikav.org.tr\/en\/wp-json\/wp\/v2\/pages\/6644\/revisions\/7971"}],"wp:featuredmedia":[{"embeddable":true,"href":"https:\/\/www.tikav.org.tr\/en\/wp-json\/wp\/v2\/media\/3419"}],"wp:attachment":[{"href":"https:\/\/www.tikav.org.tr\/en\/wp-json\/wp\/v2\/media?parent=6644"}],"curies":[{"name":"wp","href":"https:\/\/api.w.org\/{rel}","templated":true}]}}