{"id":6635,"date":"2024-08-19T14:39:22","date_gmt":"2024-08-19T11:39:22","guid":{"rendered":"http:\/\/www.tikav.org.tr\/?page_id=6635"},"modified":"2025-10-01T13:52:50","modified_gmt":"2025-10-01T10:52:50","slug":"bireysel-gelisim-programi","status":"publish","type":"page","link":"https:\/\/www.tikav.org.tr\/en\/bireysel-gelisim-programi\/","title":{"rendered":"Individual Development Program"},"content":{"rendered":"<div data-elementor-type=\"wp-page\" data-elementor-id=\"6635\" class=\"elementor elementor-6635\" data-elementor-post-type=\"page\">\n\t\t\t\t\t\t\t\t\t<section class=\"elementor-section elementor-top-section elementor-element elementor-element-853a08e elementor-section-full_width elementor-section-content-middle elementor-section-height-default elementor-section-height-default\" data-id=\"853a08e\" data-element_type=\"section\">\n\t\t\t\t\t\t<div class=\"elementor-container elementor-column-gap-no\">\n\t\t\t\t\t<div class=\"elementor-column elementor-col-100 elementor-top-column elementor-element elementor-element-118b388\" data-id=\"118b388\" data-element_type=\"column\">\n\t\t\t<div class=\"elementor-widget-wrap elementor-element-populated\">\n\t\t\t\t\t\t\t\t<section class=\"elementor-section elementor-inner-section elementor-element elementor-element-9363860 elementor-section-content-middle elementor-section-boxed elementor-section-height-default elementor-section-height-default\" data-id=\"9363860\" data-element_type=\"section\">\n\t\t\t\t\t\t<div class=\"elementor-container elementor-column-gap-extended\">\n\t\t\t\t\t<div class=\"elementor-column elementor-col-100 elementor-inner-column elementor-element elementor-element-acbf207 sec-title\" data-id=\"acbf207\" data-element_type=\"column\">\n\t\t\t<div class=\"elementor-widget-wrap elementor-element-populated\">\n\t\t\t\t\t\t\t\t<div class=\"elementor-element elementor-element-07806ec elementor-widget elementor-widget-spacer\" data-id=\"07806ec\" data-element_type=\"widget\" data-widget_type=\"spacer.default\">\n\t\t\t\t<div class=\"elementor-widget-container\">\n\t\t\t<style>\/*! elementor - v3.18.0 - 06-12-2023 *\/\n.elementor-column .elementor-spacer-inner{height:var(--spacer-size)}.e-con{--container-widget-width:100%}.e-con-inner>.elementor-widget-spacer,.e-con>.elementor-widget-spacer{width:var(--container-widget-width,var(--spacer-size));--align-self:var(--container-widget-align-self,initial);--flex-shrink:0}.e-con-inner>.elementor-widget-spacer>.elementor-widget-container,.e-con>.elementor-widget-spacer>.elementor-widget-container{height:100%;width:100%}.e-con-inner>.elementor-widget-spacer>.elementor-widget-container>.elementor-spacer,.e-con>.elementor-widget-spacer>.elementor-widget-container>.elementor-spacer{height:100%}.e-con-inner>.elementor-widget-spacer>.elementor-widget-container>.elementor-spacer>.elementor-spacer-inner,.e-con>.elementor-widget-spacer>.elementor-widget-container>.elementor-spacer>.elementor-spacer-inner{height:var(--container-widget-height,var(--spacer-size))}.e-con-inner>.elementor-widget-spacer.elementor-widget-empty,.e-con>.elementor-widget-spacer.elementor-widget-empty{position:relative;min-height:22px;min-width:22px}.e-con-inner>.elementor-widget-spacer.elementor-widget-empty .elementor-widget-empty-icon,.e-con>.elementor-widget-spacer.elementor-widget-empty .elementor-widget-empty-icon{position:absolute;top:0;bottom:0;left:0;right:0;margin:auto;padding:0;width:22px;height:22px}<\/style>\t\t<div class=\"elementor-spacer\">\n\t\t\t<div class=\"elementor-spacer-inner\"><\/div>\n\t\t<\/div>\n\t\t\t\t<\/div>\n\t\t\t\t<\/div>\n\t\t\t\t<div class=\"elementor-element elementor-element-4eea28c elementor-widget elementor-widget-heading\" data-id=\"4eea28c\" data-element_type=\"widget\" data-widget_type=\"heading.default\">\n\t\t\t\t<div class=\"elementor-widget-container\">\n\t\t\t<style>\/*! elementor - v3.18.0 - 06-12-2023 *\/\n.elementor-heading-title{padding:0;margin:0;line-height:1}.elementor-widget-heading .elementor-heading-title[class*=elementor-size-]>a{color:inherit;font-size:inherit;line-height:inherit}.elementor-widget-heading .elementor-heading-title.elementor-size-small{font-size:15px}.elementor-widget-heading .elementor-heading-title.elementor-size-medium{font-size:19px}.elementor-widget-heading .elementor-heading-title.elementor-size-large{font-size:29px}.elementor-widget-heading .elementor-heading-title.elementor-size-xl{font-size:39px}.elementor-widget-heading .elementor-heading-title.elementor-size-xxl{font-size:59px}<\/style><h2 class=\"elementor-heading-title elementor-size-default\">Individual Development Program\n<\/h2>\t\t<\/div>\n\t\t\t\t<\/div>\n\t\t\t\t<div class=\"elementor-element elementor-element-fcd5cb1 elementor-widget elementor-widget-image\" data-id=\"fcd5cb1\" data-element_type=\"widget\" data-widget_type=\"image.default\">\n\t\t\t\t<div class=\"elementor-widget-container\">\n\t\t\t<style>\/*! elementor - v3.18.0 - 06-12-2023 *\/\n.elementor-widget-image{text-align:center}.elementor-widget-image a{display:inline-block}.elementor-widget-image a img[src$=\".svg\"]{width:48px}.elementor-widget-image img{vertical-align:middle;display:inline-block}<\/style>\t\t\t\t\t\t\t\t\t\t\t\t<img fetchpriority=\"high\" decoding=\"async\" width=\"1018\" height=\"149\" src=\"https:\/\/www.tikav.org.tr\/wp-content\/uploads\/2024\/03\/bireysel-gelisim-programi-01.jpg\" class=\"attachment-full size-full wp-image-3645\" alt=\"\" srcset=\"https:\/\/www.tikav.org.tr\/wp-content\/uploads\/2024\/03\/bireysel-gelisim-programi-01.jpg 1018w, https:\/\/www.tikav.org.tr\/wp-content\/uploads\/2024\/03\/bireysel-gelisim-programi-01-300x44.jpg 300w, https:\/\/www.tikav.org.tr\/wp-content\/uploads\/2024\/03\/bireysel-gelisim-programi-01-768x112.jpg 768w\" sizes=\"(max-width: 1018px) 100vw, 1018px\" \/>\t\t\t\t\t\t\t\t\t\t\t\t\t\t\t<\/div>\n\t\t\t\t<\/div>\n\t\t\t\t<div class=\"elementor-element elementor-element-5a7e52b elementor-widget elementor-widget-text-editor\" data-id=\"5a7e52b\" data-element_type=\"widget\" data-widget_type=\"text-editor.default\">\n\t\t\t\t<div class=\"elementor-widget-container\">\n\t\t\t<style>\/*! elementor - v3.18.0 - 06-12-2023 *\/\n.elementor-widget-text-editor.elementor-drop-cap-view-stacked .elementor-drop-cap{background-color:#69727d;color:#fff}.elementor-widget-text-editor.elementor-drop-cap-view-framed .elementor-drop-cap{color:#69727d;border:3px solid;background-color:transparent}.elementor-widget-text-editor:not(.elementor-drop-cap-view-default) .elementor-drop-cap{margin-top:8px}.elementor-widget-text-editor:not(.elementor-drop-cap-view-default) .elementor-drop-cap-letter{width:1em;height:1em}.elementor-widget-text-editor .elementor-drop-cap{float:left;text-align:center;line-height:1;font-size:50px}.elementor-widget-text-editor .elementor-drop-cap-letter{display:inline-block}<\/style>\t\t\t\t<p>From 1999 onwards, since the day it has been founded till now, TIKAV has carried out several different projects, but its Individual Development Program (IDP) is truly the first of its kind in Turkey. Within the scope of the PDP, equal opportunity is provided to students who have not had ease of access to educational, cultural, and personal development opportunities due to societal and economic reasons.<\/p><p>The IDP was first opened in 1999 to students at Elaz\u0131\u011f F\u0131rat University. In 2003 it opened up to Van\u2019s Y\u00fcz\u00fcnc\u00fc Y\u0131l University; in 2006 to students from the Middle Eastern Technical University, Hacettepe University, Ankara University as well as Eski\u015fehir Osmangazi University. In 2009, TIKAV embraced the mission to provide equal opportunity to educational resources and therefore focused on universities that had completed their tenth year, such as Elaz\u0131\u011f F\u0131rat University, Van Y\u00fcz\u00fcnc\u00fc Y\u0131l University, \u015eanl\u0131urfa Harran University, Kahramanmara\u015f S\u00fct\u00e7\u00fc \u0130mam University ve Erzurum Atat\u00fcrk University. From 2010 onwards, the program is solely delivered at F\u0131rat University.<\/p><p>The purpose of the IDP is to prepare students in the East and South Eastern Anatolian regions of Turkey for life through gibing them life skills. Within the scope of the IDP, different programs are presented and delivered to the students in order to make them individuals who have self-confidence, feel equipped, are lenient towards others, has an awareness of social responsibility, is ready to learn and develop themselves and who are aware of their own skills and abilities.<\/p><p>The IDP scholarship students start in their first year of university and the program continues their fourth year. Their knowledge and skills are enriched through different personal development, foreign language and computer training cultural and artistic programs, volunteerism as well as international and national projects, discussions, and career programs.\u00a0<\/p><p>In addition, the TIKAV Career Workshop Mentee-Mentor Program is delivered to the students in order to open the doors to professional life and raise awareness about social responsibility. The Program brings together final year TIKAV scholarship students (mentees) and Akfen Holding managers and employees (mentors). Within the scope of the program, volunteers who take part in the \u201cE-Mentorship Training\u201d share their experiences about working life with the mentees through \u201cMentee Skills Training\u201d and give them ideas about how to create their own career paths. Within the scope pf the program, the mentors and mentees meet via internet, telephone or mail and discuss predetermined themes and topics.<\/p><p>\u00a0 \u00a0 \u00a0<\/p>\t\t\t\t\t\t<\/div>\n\t\t\t\t<\/div>\n\t\t\t\t<div class=\"elementor-element elementor-element-bc513eb elementor-widget elementor-widget-image\" data-id=\"bc513eb\" data-element_type=\"widget\" data-widget_type=\"image.default\">\n\t\t\t\t<div class=\"elementor-widget-container\">\n\t\t\t\t\t\t\t\t\t\t\t\t\t\t\t<img decoding=\"async\" width=\"768\" height=\"226\" src=\"https:\/\/www.tikav.org.tr\/wp-content\/uploads\/2024\/03\/bireysel-gelisim-programi-04.jpg\" class=\"attachment-full size-full wp-image-3648\" alt=\"\" srcset=\"https:\/\/www.tikav.org.tr\/wp-content\/uploads\/2024\/03\/bireysel-gelisim-programi-04.jpg 768w, https:\/\/www.tikav.org.tr\/wp-content\/uploads\/2024\/03\/bireysel-gelisim-programi-04-300x88.jpg 300w\" sizes=\"(max-width: 768px) 100vw, 768px\" \/>\t\t\t\t\t\t\t\t\t\t\t\t\t\t\t<\/div>\n\t\t\t\t<\/div>\n\t\t\t\t\t<\/div>\n\t\t<\/div>\n\t\t\t\t\t\t\t<\/div>\n\t\t<\/section>\n\t\t\t\t\t<\/div>\n\t\t<\/div>\n\t\t\t\t\t\t\t<\/div>\n\t\t<\/section>\n\t\t\t\t\t\t\t<\/div>","protected":false},"excerpt":{"rendered":"<p>Bireysel Geli\u015fim Program\u0131 Kuruldu\u011fu g\u00fcnden bu yana bir\u00e7ok farkl\u0131 projeyi hayata ge\u00e7iren T\u0130KAV, 1999 y\u0131l\u0131ndan beri uygulad\u0131\u011f\u0131 Bireysel Geli\u015fim Program\u0131 (BGP) ile T\u00fcrkiye\u2019de bir ilke imza atm\u0131\u015ft\u0131r. BGP kapsam\u0131nda \u00f6zellikle [&hellip;]<\/p>","protected":false},"author":1,"featured_media":3419,"parent":0,"menu_order":0,"comment_status":"closed","ping_status":"closed","template":"elementor_header_footer","meta":{"_EventAllDay":false,"_EventTimezone":"","_EventStartDate":"","_EventEndDate":"","_EventStartDateUTC":"","_EventEndDateUTC":"","_EventShowMap":false,"_EventShowMapLink":false,"_EventURL":"","_EventCost":"","_EventCostDescription":"","_EventCurrencySymbol":"","_EventCurrencyCode":"","_EventCurrencyPosition":"","_EventDateTimeSeparator":"","_EventTimeRangeSeparator":"","_EventOrganizerID":[],"_EventVenueID":[],"_OrganizerEmail":"","_OrganizerPhone":"","_OrganizerWebsite":"","_VenueAddress":"","_VenueCity":"","_VenueCountry":"","_VenueProvince":"","_VenueState":"","_VenueZip":"","_VenuePhone":"","_VenueURL":"","_VenueStateProvince":"","_VenueLat":"","_VenueLng":"","_VenueShowMap":false,"_VenueShowMapLink":false,"footnotes":""},"class_list":["post-6635","page","type-page","status-publish","has-post-thumbnail","hentry"],"yoast_head":"<!-- This site is optimized with the Yoast SEO plugin v24.9 - https:\/\/yoast.com\/wordpress\/plugins\/seo\/ -->\n<title>Bireysel Geli\u015fim Program\u0131 - T\u0130KAV<\/title>\n<meta name=\"robots\" content=\"index, follow, max-snippet:-1, max-image-preview:large, max-video-preview:-1\" \/>\n<link rel=\"canonical\" href=\"https:\/\/www.tikav.org.tr\/en\/bireysel-gelisim-programi\/\" \/>\n<meta property=\"og:locale\" content=\"en_US\" \/>\n<meta property=\"og:type\" content=\"article\" \/>\n<meta property=\"og:title\" content=\"Bireysel Geli\u015fim Program\u0131 - T\u0130KAV\" \/>\n<meta property=\"og:description\" content=\"Bireysel Geli\u015fim Program\u0131 Kuruldu\u011fu g\u00fcnden bu yana bir\u00e7ok farkl\u0131 projeyi hayata ge\u00e7iren T\u0130KAV, 1999 y\u0131l\u0131ndan beri uygulad\u0131\u011f\u0131 Bireysel Geli\u015fim Program\u0131 (BGP) ile T\u00fcrkiye\u2019de bir ilke imza atm\u0131\u015ft\u0131r. BGP kapsam\u0131nda \u00f6zellikle [&hellip;]\" \/>\n<meta property=\"og:url\" content=\"https:\/\/www.tikav.org.tr\/en\/bireysel-gelisim-programi\/\" \/>\n<meta property=\"og:site_name\" content=\"T\u0130KAV\" \/>\n<meta property=\"article:publisher\" content=\"https:\/\/www.facebook.com\/Turkiye.Tikav\/\" \/>\n<meta property=\"article:modified_time\" content=\"2025-10-01T10:52:50+00:00\" \/>\n<meta property=\"og:image\" content=\"https:\/\/www.tikav.org.tr\/wp-content\/uploads\/2024\/03\/tarihce.jpg\" \/>\n\t<meta property=\"og:image:width\" content=\"1458\" \/>\n\t<meta property=\"og:image:height\" content=\"797\" \/>\n\t<meta property=\"og:image:type\" content=\"image\/jpeg\" \/>\n<meta name=\"twitter:card\" content=\"summary_large_image\" \/>\n<meta name=\"twitter:site\" content=\"@Tikav1\" \/>\n<meta name=\"twitter:label1\" content=\"Est. reading time\" \/>\n\t<meta name=\"twitter:data1\" content=\"3 minutes\" \/>\n<script type=\"application\/ld+json\" class=\"yoast-schema-graph\">{\"@context\":\"https:\/\/schema.org\",\"@graph\":[{\"@type\":\"WebPage\",\"@id\":\"https:\/\/www.tikav.org.tr\/bireysel-gelisim-programi\/\",\"url\":\"https:\/\/www.tikav.org.tr\/bireysel-gelisim-programi\/\",\"name\":\"Bireysel Geli\u015fim Program\u0131 - T\u0130KAV\",\"isPartOf\":{\"@id\":\"https:\/\/www.tikav.org.tr\/#website\"},\"primaryImageOfPage\":{\"@id\":\"https:\/\/www.tikav.org.tr\/bireysel-gelisim-programi\/#primaryimage\"},\"image\":{\"@id\":\"https:\/\/www.tikav.org.tr\/bireysel-gelisim-programi\/#primaryimage\"},\"thumbnailUrl\":\"https:\/\/www.tikav.org.tr\/wp-content\/uploads\/2024\/03\/tarihce.jpg\",\"datePublished\":\"2024-08-19T11:39:22+00:00\",\"dateModified\":\"2025-10-01T10:52:50+00:00\",\"breadcrumb\":{\"@id\":\"https:\/\/www.tikav.org.tr\/bireysel-gelisim-programi\/#breadcrumb\"},\"inLanguage\":\"en-US\",\"potentialAction\":[{\"@type\":\"ReadAction\",\"target\":[\"https:\/\/www.tikav.org.tr\/bireysel-gelisim-programi\/\"]}]},{\"@type\":\"ImageObject\",\"inLanguage\":\"en-US\",\"@id\":\"https:\/\/www.tikav.org.tr\/bireysel-gelisim-programi\/#primaryimage\",\"url\":\"https:\/\/www.tikav.org.tr\/wp-content\/uploads\/2024\/03\/tarihce.jpg\",\"contentUrl\":\"https:\/\/www.tikav.org.tr\/wp-content\/uploads\/2024\/03\/tarihce.jpg\",\"width\":1458,\"height\":797},{\"@type\":\"BreadcrumbList\",\"@id\":\"https:\/\/www.tikav.org.tr\/bireysel-gelisim-programi\/#breadcrumb\",\"itemListElement\":[{\"@type\":\"ListItem\",\"position\":1,\"name\":\"Anasayfa\",\"item\":\"https:\/\/www.tikav.org.tr\/\"},{\"@type\":\"ListItem\",\"position\":2,\"name\":\"Bireysel Geli\u015fim Program\u0131\"}]},{\"@type\":\"WebSite\",\"@id\":\"https:\/\/www.tikav.org.tr\/#website\",\"url\":\"https:\/\/www.tikav.org.tr\/\",\"name\":\"T\u0130KAV | T\u00fcrkiye \u0130nsan Haklar\u0131 Derne\u011fi\",\"description\":\"T\u00fcrkiye \u0130nsan Kaynaklar\u0131 E\u011fitim ve Sa\u011fl\u0131k Vakf\u0131\",\"publisher\":{\"@id\":\"https:\/\/www.tikav.org.tr\/#organization\"},\"potentialAction\":[{\"@type\":\"SearchAction\",\"target\":{\"@type\":\"EntryPoint\",\"urlTemplate\":\"https:\/\/www.tikav.org.tr\/?s={search_term_string}\"},\"query-input\":{\"@type\":\"PropertyValueSpecification\",\"valueRequired\":true,\"valueName\":\"search_term_string\"}}],\"inLanguage\":\"en-US\"},{\"@type\":\"Organization\",\"@id\":\"https:\/\/www.tikav.org.tr\/#organization\",\"name\":\"T\u0130KAV | T\u00fcrkiye \u0130nsan Haklar\u0131 Derne\u011fi\",\"url\":\"https:\/\/www.tikav.org.tr\/\",\"logo\":{\"@type\":\"ImageObject\",\"inLanguage\":\"en-US\",\"@id\":\"https:\/\/www.tikav.org.tr\/#\/schema\/logo\/image\/\",\"url\":\"https:\/\/www.tikav.org.tr\/wp-content\/uploads\/2024\/02\/cropped-tikav-logo.png\",\"contentUrl\":\"https:\/\/www.tikav.org.tr\/wp-content\/uploads\/2024\/02\/cropped-tikav-logo.png\",\"width\":402,\"height\":212,\"caption\":\"T\u0130KAV | T\u00fcrkiye \u0130nsan Haklar\u0131 Derne\u011fi\"},\"image\":{\"@id\":\"https:\/\/www.tikav.org.tr\/#\/schema\/logo\/image\/\"},\"sameAs\":[\"https:\/\/www.facebook.com\/Turkiye.Tikav\/\",\"https:\/\/x.com\/Tikav1\",\"https:\/\/www.instagram.com\/tikav_turkiye\/\",\"https:\/\/www.youtube.com\/channel\/UCLd2iwUsjrCh6fQySvm4_uA\"]}]}<\/script>\n<!-- \/ Yoast SEO plugin. -->","yoast_head_json":{"title":"Bireysel Geli\u015fim Program\u0131 - T\u0130KAV","robots":{"index":"index","follow":"follow","max-snippet":"max-snippet:-1","max-image-preview":"max-image-preview:large","max-video-preview":"max-video-preview:-1"},"canonical":"https:\/\/www.tikav.org.tr\/en\/bireysel-gelisim-programi\/","og_locale":"en_US","og_type":"article","og_title":"Bireysel Geli\u015fim Program\u0131 - T\u0130KAV","og_description":"Bireysel Geli\u015fim Program\u0131 Kuruldu\u011fu g\u00fcnden bu yana bir\u00e7ok farkl\u0131 projeyi hayata ge\u00e7iren T\u0130KAV, 1999 y\u0131l\u0131ndan beri uygulad\u0131\u011f\u0131 Bireysel Geli\u015fim Program\u0131 (BGP) ile T\u00fcrkiye\u2019de bir ilke imza atm\u0131\u015ft\u0131r. BGP kapsam\u0131nda \u00f6zellikle [&hellip;]","og_url":"https:\/\/www.tikav.org.tr\/en\/bireysel-gelisim-programi\/","og_site_name":"T\u0130KAV","article_publisher":"https:\/\/www.facebook.com\/Turkiye.Tikav\/","article_modified_time":"2025-10-01T10:52:50+00:00","og_image":[{"width":1458,"height":797,"url":"https:\/\/www.tikav.org.tr\/wp-content\/uploads\/2024\/03\/tarihce.jpg","type":"image\/jpeg"}],"twitter_card":"summary_large_image","twitter_site":"@Tikav1","twitter_misc":{"Est. reading time":"3 minutes"},"schema":{"@context":"https:\/\/schema.org","@graph":[{"@type":"WebPage","@id":"https:\/\/www.tikav.org.tr\/bireysel-gelisim-programi\/","url":"https:\/\/www.tikav.org.tr\/bireysel-gelisim-programi\/","name":"Bireysel Geli\u015fim Program\u0131 - T\u0130KAV","isPartOf":{"@id":"https:\/\/www.tikav.org.tr\/#website"},"primaryImageOfPage":{"@id":"https:\/\/www.tikav.org.tr\/bireysel-gelisim-programi\/#primaryimage"},"image":{"@id":"https:\/\/www.tikav.org.tr\/bireysel-gelisim-programi\/#primaryimage"},"thumbnailUrl":"https:\/\/www.tikav.org.tr\/wp-content\/uploads\/2024\/03\/tarihce.jpg","datePublished":"2024-08-19T11:39:22+00:00","dateModified":"2025-10-01T10:52:50+00:00","breadcrumb":{"@id":"https:\/\/www.tikav.org.tr\/bireysel-gelisim-programi\/#breadcrumb"},"inLanguage":"en-US","potentialAction":[{"@type":"ReadAction","target":["https:\/\/www.tikav.org.tr\/bireysel-gelisim-programi\/"]}]},{"@type":"ImageObject","inLanguage":"en-US","@id":"https:\/\/www.tikav.org.tr\/bireysel-gelisim-programi\/#primaryimage","url":"https:\/\/www.tikav.org.tr\/wp-content\/uploads\/2024\/03\/tarihce.jpg","contentUrl":"https:\/\/www.tikav.org.tr\/wp-content\/uploads\/2024\/03\/tarihce.jpg","width":1458,"height":797},{"@type":"BreadcrumbList","@id":"https:\/\/www.tikav.org.tr\/bireysel-gelisim-programi\/#breadcrumb","itemListElement":[{"@type":"ListItem","position":1,"name":"Anasayfa","item":"https:\/\/www.tikav.org.tr\/"},{"@type":"ListItem","position":2,"name":"Bireysel Geli\u015fim Program\u0131"}]},{"@type":"WebSite","@id":"https:\/\/www.tikav.org.tr\/#website","url":"https:\/\/www.tikav.org.tr\/","name":"T\u0130KAV | T\u00fcrkiye \u0130nsan Haklar\u0131 Derne\u011fi","description":"T\u00fcrkiye \u0130nsan Kaynaklar\u0131 E\u011fitim ve Sa\u011fl\u0131k Vakf\u0131","publisher":{"@id":"https:\/\/www.tikav.org.tr\/#organization"},"potentialAction":[{"@type":"SearchAction","target":{"@type":"EntryPoint","urlTemplate":"https:\/\/www.tikav.org.tr\/?s={search_term_string}"},"query-input":{"@type":"PropertyValueSpecification","valueRequired":true,"valueName":"search_term_string"}}],"inLanguage":"en-US"},{"@type":"Organization","@id":"https:\/\/www.tikav.org.tr\/#organization","name":"T\u0130KAV | T\u00fcrkiye \u0130nsan Haklar\u0131 Derne\u011fi","url":"https:\/\/www.tikav.org.tr\/","logo":{"@type":"ImageObject","inLanguage":"en-US","@id":"https:\/\/www.tikav.org.tr\/#\/schema\/logo\/image\/","url":"https:\/\/www.tikav.org.tr\/wp-content\/uploads\/2024\/02\/cropped-tikav-logo.png","contentUrl":"https:\/\/www.tikav.org.tr\/wp-content\/uploads\/2024\/02\/cropped-tikav-logo.png","width":402,"height":212,"caption":"T\u0130KAV | T\u00fcrkiye \u0130nsan Haklar\u0131 Derne\u011fi"},"image":{"@id":"https:\/\/www.tikav.org.tr\/#\/schema\/logo\/image\/"},"sameAs":["https:\/\/www.facebook.com\/Turkiye.Tikav\/","https:\/\/x.com\/Tikav1","https:\/\/www.instagram.com\/tikav_turkiye\/","https:\/\/www.youtube.com\/channel\/UCLd2iwUsjrCh6fQySvm4_uA"]}]}},"_links":{"self":[{"href":"https:\/\/www.tikav.org.tr\/en\/wp-json\/wp\/v2\/pages\/6635","targetHints":{"allow":["GET"]}}],"collection":[{"href":"https:\/\/www.tikav.org.tr\/en\/wp-json\/wp\/v2\/pages"}],"about":[{"href":"https:\/\/www.tikav.org.tr\/en\/wp-json\/wp\/v2\/types\/page"}],"author":[{"embeddable":true,"href":"https:\/\/www.tikav.org.tr\/en\/wp-json\/wp\/v2\/users\/1"}],"replies":[{"embeddable":true,"href":"https:\/\/www.tikav.org.tr\/en\/wp-json\/wp\/v2\/comments?post=6635"}],"version-history":[{"count":16,"href":"https:\/\/www.tikav.org.tr\/en\/wp-json\/wp\/v2\/pages\/6635\/revisions"}],"predecessor-version":[{"id":8851,"href":"https:\/\/www.tikav.org.tr\/en\/wp-json\/wp\/v2\/pages\/6635\/revisions\/8851"}],"wp:featuredmedia":[{"embeddable":true,"href":"https:\/\/www.tikav.org.tr\/en\/wp-json\/wp\/v2\/media\/3419"}],"wp:attachment":[{"href":"https:\/\/www.tikav.org.tr\/en\/wp-json\/wp\/v2\/media?parent=6635"}],"curies":[{"name":"wp","href":"https:\/\/api.w.org\/{rel}","templated":true}]}}