{"id":3601,"date":"2024-03-06T00:46:23","date_gmt":"2024-03-06T00:46:23","guid":{"rendered":"http:\/\/www.tikav.org.tr\/?page_id=3601"},"modified":"2026-03-12T12:47:06","modified_gmt":"2026-03-12T09:47:06","slug":"bagis-secenekleri","status":"publish","type":"page","link":"https:\/\/www.tikav.org.tr\/en\/bagis-secenekleri\/","title":{"rendered":"Donation Options"},"content":{"rendered":"<div data-elementor-type=\"wp-page\" data-elementor-id=\"3601\" class=\"elementor elementor-3601\" data-elementor-post-type=\"page\">\n\t\t\t\t\t\t\t<div class=\"elementor-element elementor-element-428e064 e-flex e-con-boxed e-con e-parent\" data-id=\"428e064\" data-element_type=\"container\" data-settings=\"{&quot;content_width&quot;:&quot;boxed&quot;}\" data-core-v316-plus=\"true\">\n\t\t\t\t\t<div class=\"e-con-inner\">\n\t\t<div class=\"elementor-element elementor-element-ac4a601 e-con-full e-flex e-con e-child\" data-id=\"ac4a601\" data-element_type=\"container\" data-settings=\"{&quot;content_width&quot;:&quot;full&quot;}\">\n\t\t\t\t<div class=\"elementor-element elementor-element-c2ac76c elementor-widget elementor-widget-image\" data-id=\"c2ac76c\" data-element_type=\"widget\" data-widget_type=\"image.default\">\n\t\t\t\t<div class=\"elementor-widget-container\">\n\t\t\t<style>\/*! elementor - v3.18.0 - 06-12-2023 *\/\n.elementor-widget-image{text-align:center}.elementor-widget-image a{display:inline-block}.elementor-widget-image a img[src$=\".svg\"]{width:48px}.elementor-widget-image img{vertical-align:middle;display:inline-block}<\/style>\t\t\t\t\t\t\t\t\t\t\t\t<img fetchpriority=\"high\" decoding=\"async\" width=\"640\" height=\"800\" src=\"https:\/\/www.tikav.org.tr\/wp-content\/uploads\/2026\/03\/WhatsApp-Image-2026-03-10-at-14.18.02-819x1024.jpeg\" class=\"attachment-large size-large wp-image-9219\" alt=\"\" srcset=\"https:\/\/www.tikav.org.tr\/wp-content\/uploads\/2026\/03\/WhatsApp-Image-2026-03-10-at-14.18.02-819x1024.jpeg 819w, https:\/\/www.tikav.org.tr\/wp-content\/uploads\/2026\/03\/WhatsApp-Image-2026-03-10-at-14.18.02-240x300.jpeg 240w, https:\/\/www.tikav.org.tr\/wp-content\/uploads\/2026\/03\/WhatsApp-Image-2026-03-10-at-14.18.02-768x960.jpeg 768w, https:\/\/www.tikav.org.tr\/wp-content\/uploads\/2026\/03\/WhatsApp-Image-2026-03-10-at-14.18.02-10x12.jpeg 10w, https:\/\/www.tikav.org.tr\/wp-content\/uploads\/2026\/03\/WhatsApp-Image-2026-03-10-at-14.18.02.jpeg 1080w\" sizes=\"(max-width: 640px) 100vw, 640px\" \/>\t\t\t\t\t\t\t\t\t\t\t\t\t\t\t<\/div>\n\t\t\t\t<\/div>\n\t\t\t\t<\/div>\n\t\t<div class=\"elementor-element elementor-element-62b4c80 e-con-full e-flex e-con e-child\" data-id=\"62b4c80\" data-element_type=\"container\" data-settings=\"{&quot;content_width&quot;:&quot;full&quot;}\">\n\t\t\t\t<div class=\"elementor-element elementor-element-85d7155 elementor-widget elementor-widget-donativo_button\" data-id=\"85d7155\" data-element_type=\"widget\" data-widget_type=\"donativo_button.default\">\n\t\t\t\t<div class=\"elementor-widget-container\">\n\t\t\t                            <div class=\"btns-box\">\n                    <a class=\"btn-one\" href=\"https:\/\/fonzip.com\/tikav\/kampanya\/gelecegi-n-li-derleri--projesi--2\"  >\n                        <span class=\"txt\">\n                            <i class=\"icon-play\"><\/i>\n                            Ba\u011f\u0131\u015f likki                        <\/span>\n                    <\/a>\n                <\/div>\n            \t\t<\/div>\n\t\t\t\t<\/div>\n\t\t\t\t<\/div>\n\t\t\t\t\t<\/div>\n\t\t\t\t<\/div>\n\t\t\t\t<section class=\"elementor-section elementor-top-section elementor-element elementor-element-829311c elementor-section-full_width elementor-section-height-default elementor-section-height-default\" data-id=\"829311c\" data-element_type=\"section\" data-settings=\"{&quot;background_background&quot;:&quot;classic&quot;}\">\n\t\t\t\t\t\t<div class=\"elementor-container elementor-column-gap-no\">\n\t\t\t\t\t<div class=\"elementor-column elementor-col-100 elementor-top-column elementor-element elementor-element-20877d9\" data-id=\"20877d9\" data-element_type=\"column\">\n\t\t\t<div class=\"elementor-widget-wrap elementor-element-populated\">\n\t\t\t\t\t\t\t\t<div class=\"elementor-element elementor-element-e516aae elementor-widget__width-initial elementor-absolute rotate-me elementor-widget elementor-widget-image\" data-id=\"e516aae\" data-element_type=\"widget\" data-settings=\"{&quot;_position&quot;:&quot;absolute&quot;}\" data-widget_type=\"image.default\">\n\t\t\t\t<div class=\"elementor-widget-container\">\n\t\t\t\t\t\t\t\t\t\t\t\t\t\t\t<img decoding=\"async\" width=\"307\" height=\"307\" src=\"https:\/\/www.tikav.org.tr\/wp-content\/uploads\/2023\/02\/banner-style1-shape-2.png\" class=\"attachment-large size-large wp-image-498\" alt=\"\" srcset=\"https:\/\/www.tikav.org.tr\/wp-content\/uploads\/2023\/02\/banner-style1-shape-2.png 307w, https:\/\/www.tikav.org.tr\/wp-content\/uploads\/2023\/02\/banner-style1-shape-2-300x300.png 300w, https:\/\/www.tikav.org.tr\/wp-content\/uploads\/2023\/02\/banner-style1-shape-2-150x150.png 150w, https:\/\/www.tikav.org.tr\/wp-content\/uploads\/2023\/02\/banner-style1-shape-2-90x90.png 90w\" sizes=\"(max-width: 307px) 100vw, 307px\" \/>\t\t\t\t\t\t\t\t\t\t\t\t\t\t\t<\/div>\n\t\t\t\t<\/div>\n\t\t\t\t<section class=\"elementor-section elementor-inner-section elementor-element elementor-element-89c523a elementor-section-content-middle elementor-section-boxed elementor-section-height-default elementor-section-height-default\" data-id=\"89c523a\" data-element_type=\"section\">\n\t\t\t\t\t\t<div class=\"elementor-container elementor-column-gap-default\">\n\t\t\t\t\t<div class=\"elementor-column elementor-col-100 elementor-inner-column elementor-element elementor-element-6156b99\" data-id=\"6156b99\" data-element_type=\"column\">\n\t\t\t<div class=\"elementor-widget-wrap elementor-element-populated\">\n\t\t\t\t\t\t\t\t<section class=\"elementor-section elementor-inner-section elementor-element elementor-element-71573d3 elementor-section-full_width elementor-section-height-default elementor-section-height-default\" data-id=\"71573d3\" data-element_type=\"section\">\n\t\t\t\t\t\t<div class=\"elementor-container elementor-column-gap-extended\">\n\t\t\t\t\t<div class=\"elementor-column elementor-col-100 elementor-inner-column elementor-element elementor-element-f55c4dc\" data-id=\"f55c4dc\" data-element_type=\"column\">\n\t\t\t<div class=\"elementor-widget-wrap elementor-element-populated\">\n\t\t\t\t\t\t\t\t<div class=\"elementor-element elementor-element-788bcc4 elementor-widget elementor-widget-donativo_faq\" data-id=\"788bcc4\" data-element_type=\"widget\" data-widget_type=\"donativo_faq.default\">\n\t\t\t\t<div class=\"elementor-widget-container\">\n\t\t\t\n\n\n            <div class=\"accordion-box-style1\">\n\n                                    <!--Start single accordion box-->\n                    <div class=\"accordion accordion-block\">\n                        <div class=\"accord-btn active\">\n                            <h4>\n                                T\u0130KAV\u2019a nas\u0131l ba\u011f\u0131\u015f yapabilirim ?                            <\/h4>\n                        <\/div>\n                        <div class=\"accord-content collapsed\">\n                            <p>\n                                A\u015fa\u011f\u0131da belirtilen hesap numaralar\u0131ndan ve internetten kredi kart\u0131 ile ba\u011f\u0131\u015f yapabilirsiniz:\n<br>\n<br>\n<b>T\u00fcrkiye \u0130nsan Kaynaklar\u0131 Vakf\u0131 (T\u0130KAV) Hesap Numaralar\u0131 <\/b>\n<br>\n- Vak\u0131f Bank Kavakl\u0131dere \u015eubesi ( T\u00fcrkiye\/Ankara ) \u2013 138\n<br>\nTL Hesab\u0131\n<br>\nIBAN : TR190001500158007275188847\n<br>\nSWIFT : TVBATR2AXXX\n<br>\nEURO Hesab\u0131\n<br>\nIBAN : TR880001500158048000320997\n<br>\nSWIFT : TVBATR2AXXX\n<br>\nUSD Hesab\u0131 IBAN : TR15 \n0001500158048000019962\n<br>\nSWIFT : TVBATR2AXXX\n<br>\n<br>\n- Garanti Bankas\u0131 Gaziosmanpa\u015fa \u015eubesi ( T\u00fcrkiye\/Ankara ) - 324\n<br>\nCHF Hesab\u0131\n<br>\nIBAN : TR360006200032400009088032\n<br>\nSWIFT : TGBATRISXXX\n<br>\nTL Hesab\u0131\n<br>\nIBAN : TR370006200032400006297421\n<br>\nSWIFT : TGBATRISXXX                            <\/p>\n                        <\/div>\n                    <\/div>\n                    <!--End single accordion box-->\n                                    <!--Start single accordion box-->\n                    <div class=\"accordion accordion-block\">\n                        <div class=\"accord-btn active\">\n                            <h4>\n                                Uluslararas\u0131 Gen\u00e7lik \u00d6d\u00fcl\u00fc Program\u0131na nas\u0131l ba\u011f\u0131\u015f yapabilirim ?                            <\/h4>\n                        <\/div>\n                        <div class=\"accord-content collapsed\">\n                            <p>\n                                A\u015fa\u011f\u0131da belirtilen hesap numaralar\u0131ndan ve internetten kredi kart\u0131 ile ba\u011f\u0131\u015f yapabilirsiniz:\n<br>\n<br>\n- \u015eekerbank Gaziosmanpa\u015fa \u015eubesi \u2013 Ankara\n<br>\nT\u00fcrkiye \u0130nsan Kaynaklar\u0131 E\u011fitim ve Sa\u011fl\u0131k Vakf\u0131 DoEIA-T\u00fcrkiye\n<br>\nIBAN No: TR120005901950130195004596\n<br>\nSWIFT : SEKETR2AXXX                            <\/p>\n                        <\/div>\n                    <\/div>\n                    <!--End single accordion box-->\n                \n            <\/div>\n\n        \t\t<\/div>\n\t\t\t\t<\/div>\n\t\t\t\t\t<\/div>\n\t\t<\/div>\n\t\t\t\t\t\t\t<\/div>\n\t\t<\/section>\n\t\t\t\t\t<\/div>\n\t\t<\/div>\n\t\t\t\t\t\t\t<\/div>\n\t\t<\/section>\n\t\t\t\t\t<\/div>\n\t\t<\/div>\n\t\t\t\t\t\t\t<\/div>\n\t\t<\/section>\n\t\t\t\t\t\t\t<\/div>","protected":false},"excerpt":{"rendered":"<p>Ba\u011f\u0131\u015f likki T\u0130KAV\u2019a nas\u0131l ba\u011f\u0131\u015f yapabilirim ? A\u015fa\u011f\u0131da belirtilen hesap numaralar\u0131ndan ve internetten kredi kart\u0131 ile ba\u011f\u0131\u015f yapabilirsiniz: T\u00fcrkiye \u0130nsan Kaynaklar\u0131 Vakf\u0131 (T\u0130KAV) Hesap Numaralar\u0131 &#8211; Vak\u0131f Bank Kavakl\u0131dere \u015eubesi [&hellip;]<\/p>","protected":false},"author":1,"featured_media":3419,"parent":0,"menu_order":0,"comment_status":"closed","ping_status":"closed","template":"elementor_header_footer","meta":{"_EventAllDay":false,"_EventTimezone":"","_EventStartDate":"","_EventEndDate":"","_EventStartDateUTC":"","_EventEndDateUTC":"","_EventShowMap":false,"_EventShowMapLink":false,"_EventURL":"","_EventCost":"","_EventCostDescription":"","_EventCurrencySymbol":"","_EventCurrencyCode":"","_EventCurrencyPosition":"","_EventDateTimeSeparator":"","_EventTimeRangeSeparator":"","_EventOrganizerID":[],"_EventVenueID":[],"_OrganizerEmail":"","_OrganizerPhone":"","_OrganizerWebsite":"","_VenueAddress":"","_VenueCity":"","_VenueCountry":"","_VenueProvince":"","_VenueState":"","_VenueZip":"","_VenuePhone":"","_VenueURL":"","_VenueStateProvince":"","_VenueLat":"","_VenueLng":"","_VenueShowMap":false,"_VenueShowMapLink":false,"footnotes":""},"class_list":["post-3601","page","type-page","status-publish","has-post-thumbnail","hentry"],"yoast_head":"<!-- This site is optimized with the Yoast SEO plugin v24.9 - https:\/\/yoast.com\/wordpress\/plugins\/seo\/ -->\n<title>Ba\u011f\u0131\u015f Se\u00e7enekleri - T\u0130KAV<\/title>\n<meta name=\"robots\" content=\"index, follow, max-snippet:-1, max-image-preview:large, max-video-preview:-1\" \/>\n<link rel=\"canonical\" href=\"https:\/\/www.tikav.org.tr\/en\/bagis-secenekleri\/\" \/>\n<meta property=\"og:locale\" content=\"en_US\" \/>\n<meta property=\"og:type\" content=\"article\" \/>\n<meta property=\"og:title\" content=\"Ba\u011f\u0131\u015f Se\u00e7enekleri - T\u0130KAV\" \/>\n<meta property=\"og:description\" content=\"Ba\u011f\u0131\u015f likki T\u0130KAV\u2019a nas\u0131l ba\u011f\u0131\u015f yapabilirim ? A\u015fa\u011f\u0131da belirtilen hesap numaralar\u0131ndan ve internetten kredi kart\u0131 ile ba\u011f\u0131\u015f yapabilirsiniz: T\u00fcrkiye \u0130nsan Kaynaklar\u0131 Vakf\u0131 (T\u0130KAV) Hesap Numaralar\u0131 &#8211; Vak\u0131f Bank Kavakl\u0131dere \u015eubesi [&hellip;]\" \/>\n<meta property=\"og:url\" content=\"https:\/\/www.tikav.org.tr\/en\/bagis-secenekleri\/\" \/>\n<meta property=\"og:site_name\" content=\"T\u0130KAV\" \/>\n<meta property=\"article:publisher\" content=\"https:\/\/www.facebook.com\/Turkiye.Tikav\/\" \/>\n<meta property=\"article:modified_time\" content=\"2026-03-12T09:47:06+00:00\" \/>\n<meta property=\"og:image\" content=\"https:\/\/www.tikav.org.tr\/wp-content\/uploads\/2024\/03\/tarihce.jpg\" \/>\n\t<meta property=\"og:image:width\" content=\"1458\" \/>\n\t<meta property=\"og:image:height\" content=\"797\" \/>\n\t<meta property=\"og:image:type\" content=\"image\/jpeg\" \/>\n<meta name=\"twitter:card\" content=\"summary_large_image\" \/>\n<meta name=\"twitter:site\" content=\"@Tikav1\" \/>\n<meta name=\"twitter:label1\" content=\"Est. reading time\" \/>\n\t<meta name=\"twitter:data1\" content=\"2 minutes\" \/>\n<script type=\"application\/ld+json\" class=\"yoast-schema-graph\">{\"@context\":\"https:\/\/schema.org\",\"@graph\":[{\"@type\":\"WebPage\",\"@id\":\"https:\/\/www.tikav.org.tr\/bagis-secenekleri\/\",\"url\":\"https:\/\/www.tikav.org.tr\/bagis-secenekleri\/\",\"name\":\"Ba\u011f\u0131\u015f Se\u00e7enekleri - T\u0130KAV\",\"isPartOf\":{\"@id\":\"https:\/\/www.tikav.org.tr\/#website\"},\"primaryImageOfPage\":{\"@id\":\"https:\/\/www.tikav.org.tr\/bagis-secenekleri\/#primaryimage\"},\"image\":{\"@id\":\"https:\/\/www.tikav.org.tr\/bagis-secenekleri\/#primaryimage\"},\"thumbnailUrl\":\"https:\/\/www.tikav.org.tr\/wp-content\/uploads\/2024\/03\/tarihce.jpg\",\"datePublished\":\"2024-03-06T00:46:23+00:00\",\"dateModified\":\"2026-03-12T09:47:06+00:00\",\"breadcrumb\":{\"@id\":\"https:\/\/www.tikav.org.tr\/bagis-secenekleri\/#breadcrumb\"},\"inLanguage\":\"en-US\",\"potentialAction\":[{\"@type\":\"ReadAction\",\"target\":[\"https:\/\/www.tikav.org.tr\/bagis-secenekleri\/\"]}]},{\"@type\":\"ImageObject\",\"inLanguage\":\"en-US\",\"@id\":\"https:\/\/www.tikav.org.tr\/bagis-secenekleri\/#primaryimage\",\"url\":\"https:\/\/www.tikav.org.tr\/wp-content\/uploads\/2024\/03\/tarihce.jpg\",\"contentUrl\":\"https:\/\/www.tikav.org.tr\/wp-content\/uploads\/2024\/03\/tarihce.jpg\",\"width\":1458,\"height\":797},{\"@type\":\"BreadcrumbList\",\"@id\":\"https:\/\/www.tikav.org.tr\/bagis-secenekleri\/#breadcrumb\",\"itemListElement\":[{\"@type\":\"ListItem\",\"position\":1,\"name\":\"Anasayfa\",\"item\":\"https:\/\/www.tikav.org.tr\/\"},{\"@type\":\"ListItem\",\"position\":2,\"name\":\"Ba\u011f\u0131\u015f Se\u00e7enekleri\"}]},{\"@type\":\"WebSite\",\"@id\":\"https:\/\/www.tikav.org.tr\/#website\",\"url\":\"https:\/\/www.tikav.org.tr\/\",\"name\":\"T\u0130KAV | T\u00fcrkiye \u0130nsan Haklar\u0131 Derne\u011fi\",\"description\":\"T\u00fcrkiye \u0130nsan Kaynaklar\u0131 E\u011fitim ve Sa\u011fl\u0131k Vakf\u0131\",\"publisher\":{\"@id\":\"https:\/\/www.tikav.org.tr\/#organization\"},\"potentialAction\":[{\"@type\":\"SearchAction\",\"target\":{\"@type\":\"EntryPoint\",\"urlTemplate\":\"https:\/\/www.tikav.org.tr\/?s={search_term_string}\"},\"query-input\":{\"@type\":\"PropertyValueSpecification\",\"valueRequired\":true,\"valueName\":\"search_term_string\"}}],\"inLanguage\":\"en-US\"},{\"@type\":\"Organization\",\"@id\":\"https:\/\/www.tikav.org.tr\/#organization\",\"name\":\"T\u0130KAV | T\u00fcrkiye \u0130nsan Haklar\u0131 Derne\u011fi\",\"url\":\"https:\/\/www.tikav.org.tr\/\",\"logo\":{\"@type\":\"ImageObject\",\"inLanguage\":\"en-US\",\"@id\":\"https:\/\/www.tikav.org.tr\/#\/schema\/logo\/image\/\",\"url\":\"https:\/\/www.tikav.org.tr\/wp-content\/uploads\/2024\/02\/cropped-tikav-logo.png\",\"contentUrl\":\"https:\/\/www.tikav.org.tr\/wp-content\/uploads\/2024\/02\/cropped-tikav-logo.png\",\"width\":402,\"height\":212,\"caption\":\"T\u0130KAV | T\u00fcrkiye \u0130nsan Haklar\u0131 Derne\u011fi\"},\"image\":{\"@id\":\"https:\/\/www.tikav.org.tr\/#\/schema\/logo\/image\/\"},\"sameAs\":[\"https:\/\/www.facebook.com\/Turkiye.Tikav\/\",\"https:\/\/x.com\/Tikav1\",\"https:\/\/www.instagram.com\/tikav_turkiye\/\",\"https:\/\/www.youtube.com\/channel\/UCLd2iwUsjrCh6fQySvm4_uA\"]}]}<\/script>\n<!-- \/ Yoast SEO plugin. -->","yoast_head_json":{"title":"Ba\u011f\u0131\u015f Se\u00e7enekleri - T\u0130KAV","robots":{"index":"index","follow":"follow","max-snippet":"max-snippet:-1","max-image-preview":"max-image-preview:large","max-video-preview":"max-video-preview:-1"},"canonical":"https:\/\/www.tikav.org.tr\/en\/bagis-secenekleri\/","og_locale":"en_US","og_type":"article","og_title":"Ba\u011f\u0131\u015f Se\u00e7enekleri - T\u0130KAV","og_description":"Ba\u011f\u0131\u015f likki T\u0130KAV\u2019a nas\u0131l ba\u011f\u0131\u015f yapabilirim ? A\u015fa\u011f\u0131da belirtilen hesap numaralar\u0131ndan ve internetten kredi kart\u0131 ile ba\u011f\u0131\u015f yapabilirsiniz: T\u00fcrkiye \u0130nsan Kaynaklar\u0131 Vakf\u0131 (T\u0130KAV) Hesap Numaralar\u0131 &#8211; Vak\u0131f Bank Kavakl\u0131dere \u015eubesi [&hellip;]","og_url":"https:\/\/www.tikav.org.tr\/en\/bagis-secenekleri\/","og_site_name":"T\u0130KAV","article_publisher":"https:\/\/www.facebook.com\/Turkiye.Tikav\/","article_modified_time":"2026-03-12T09:47:06+00:00","og_image":[{"width":1458,"height":797,"url":"https:\/\/www.tikav.org.tr\/wp-content\/uploads\/2024\/03\/tarihce.jpg","type":"image\/jpeg"}],"twitter_card":"summary_large_image","twitter_site":"@Tikav1","twitter_misc":{"Est. reading time":"2 minutes"},"schema":{"@context":"https:\/\/schema.org","@graph":[{"@type":"WebPage","@id":"https:\/\/www.tikav.org.tr\/bagis-secenekleri\/","url":"https:\/\/www.tikav.org.tr\/bagis-secenekleri\/","name":"Ba\u011f\u0131\u015f Se\u00e7enekleri - T\u0130KAV","isPartOf":{"@id":"https:\/\/www.tikav.org.tr\/#website"},"primaryImageOfPage":{"@id":"https:\/\/www.tikav.org.tr\/bagis-secenekleri\/#primaryimage"},"image":{"@id":"https:\/\/www.tikav.org.tr\/bagis-secenekleri\/#primaryimage"},"thumbnailUrl":"https:\/\/www.tikav.org.tr\/wp-content\/uploads\/2024\/03\/tarihce.jpg","datePublished":"2024-03-06T00:46:23+00:00","dateModified":"2026-03-12T09:47:06+00:00","breadcrumb":{"@id":"https:\/\/www.tikav.org.tr\/bagis-secenekleri\/#breadcrumb"},"inLanguage":"en-US","potentialAction":[{"@type":"ReadAction","target":["https:\/\/www.tikav.org.tr\/bagis-secenekleri\/"]}]},{"@type":"ImageObject","inLanguage":"en-US","@id":"https:\/\/www.tikav.org.tr\/bagis-secenekleri\/#primaryimage","url":"https:\/\/www.tikav.org.tr\/wp-content\/uploads\/2024\/03\/tarihce.jpg","contentUrl":"https:\/\/www.tikav.org.tr\/wp-content\/uploads\/2024\/03\/tarihce.jpg","width":1458,"height":797},{"@type":"BreadcrumbList","@id":"https:\/\/www.tikav.org.tr\/bagis-secenekleri\/#breadcrumb","itemListElement":[{"@type":"ListItem","position":1,"name":"Anasayfa","item":"https:\/\/www.tikav.org.tr\/"},{"@type":"ListItem","position":2,"name":"Ba\u011f\u0131\u015f Se\u00e7enekleri"}]},{"@type":"WebSite","@id":"https:\/\/www.tikav.org.tr\/#website","url":"https:\/\/www.tikav.org.tr\/","name":"T\u0130KAV | T\u00fcrkiye \u0130nsan Haklar\u0131 Derne\u011fi","description":"T\u00fcrkiye \u0130nsan Kaynaklar\u0131 E\u011fitim ve Sa\u011fl\u0131k Vakf\u0131","publisher":{"@id":"https:\/\/www.tikav.org.tr\/#organization"},"potentialAction":[{"@type":"SearchAction","target":{"@type":"EntryPoint","urlTemplate":"https:\/\/www.tikav.org.tr\/?s={search_term_string}"},"query-input":{"@type":"PropertyValueSpecification","valueRequired":true,"valueName":"search_term_string"}}],"inLanguage":"en-US"},{"@type":"Organization","@id":"https:\/\/www.tikav.org.tr\/#organization","name":"T\u0130KAV | T\u00fcrkiye \u0130nsan Haklar\u0131 Derne\u011fi","url":"https:\/\/www.tikav.org.tr\/","logo":{"@type":"ImageObject","inLanguage":"en-US","@id":"https:\/\/www.tikav.org.tr\/#\/schema\/logo\/image\/","url":"https:\/\/www.tikav.org.tr\/wp-content\/uploads\/2024\/02\/cropped-tikav-logo.png","contentUrl":"https:\/\/www.tikav.org.tr\/wp-content\/uploads\/2024\/02\/cropped-tikav-logo.png","width":402,"height":212,"caption":"T\u0130KAV | T\u00fcrkiye \u0130nsan Haklar\u0131 Derne\u011fi"},"image":{"@id":"https:\/\/www.tikav.org.tr\/#\/schema\/logo\/image\/"},"sameAs":["https:\/\/www.facebook.com\/Turkiye.Tikav\/","https:\/\/x.com\/Tikav1","https:\/\/www.instagram.com\/tikav_turkiye\/","https:\/\/www.youtube.com\/channel\/UCLd2iwUsjrCh6fQySvm4_uA"]}]}},"_links":{"self":[{"href":"https:\/\/www.tikav.org.tr\/en\/wp-json\/wp\/v2\/pages\/3601","targetHints":{"allow":["GET"]}}],"collection":[{"href":"https:\/\/www.tikav.org.tr\/en\/wp-json\/wp\/v2\/pages"}],"about":[{"href":"https:\/\/www.tikav.org.tr\/en\/wp-json\/wp\/v2\/types\/page"}],"author":[{"embeddable":true,"href":"https:\/\/www.tikav.org.tr\/en\/wp-json\/wp\/v2\/users\/1"}],"replies":[{"embeddable":true,"href":"https:\/\/www.tikav.org.tr\/en\/wp-json\/wp\/v2\/comments?post=3601"}],"version-history":[{"count":39,"href":"https:\/\/www.tikav.org.tr\/en\/wp-json\/wp\/v2\/pages\/3601\/revisions"}],"predecessor-version":[{"id":9222,"href":"https:\/\/www.tikav.org.tr\/en\/wp-json\/wp\/v2\/pages\/3601\/revisions\/9222"}],"wp:featuredmedia":[{"embeddable":true,"href":"https:\/\/www.tikav.org.tr\/en\/wp-json\/wp\/v2\/media\/3419"}],"wp:attachment":[{"href":"https:\/\/www.tikav.org.tr\/en\/wp-json\/wp\/v2\/media?parent=3601"}],"curies":[{"name":"wp","href":"https:\/\/api.w.org\/{rel}","templated":true}]}}