{"id":3508,"date":"2024-03-05T22:07:40","date_gmt":"2024-03-05T22:07:40","guid":{"rendered":"http:\/\/www.tikav.org.tr\/?page_id=3508"},"modified":"2024-10-21T15:21:45","modified_gmt":"2024-10-21T12:21:45","slug":"kisisel-verilerin-korunmasi-hakkinda","status":"publish","type":"page","link":"https:\/\/www.tikav.org.tr\/en\/kisisel-verilerin-korunmasi-hakkinda\/","title":{"rendered":"About Personal Data Protection"},"content":{"rendered":"<div data-elementor-type=\"wp-page\" data-elementor-id=\"3508\" class=\"elementor elementor-3508\" data-elementor-post-type=\"page\">\n\t\t\t\t\t\t\t\t\t<section class=\"elementor-section elementor-top-section elementor-element elementor-element-853a08e elementor-section-full_width elementor-section-content-middle elementor-section-height-default elementor-section-height-default\" data-id=\"853a08e\" data-element_type=\"section\">\n\t\t\t\t\t\t<div class=\"elementor-container elementor-column-gap-no\">\n\t\t\t\t\t<div class=\"elementor-column elementor-col-100 elementor-top-column elementor-element elementor-element-118b388\" data-id=\"118b388\" data-element_type=\"column\">\n\t\t\t<div class=\"elementor-widget-wrap elementor-element-populated\">\n\t\t\t\t\t\t\t\t<section class=\"elementor-section elementor-inner-section elementor-element elementor-element-9363860 elementor-section-content-middle elementor-section-boxed elementor-section-height-default elementor-section-height-default\" data-id=\"9363860\" data-element_type=\"section\">\n\t\t\t\t\t\t<div class=\"elementor-container elementor-column-gap-extended\">\n\t\t\t\t\t<div class=\"elementor-column elementor-col-100 elementor-inner-column elementor-element elementor-element-acbf207 sec-title\" data-id=\"acbf207\" data-element_type=\"column\">\n\t\t\t<div class=\"elementor-widget-wrap elementor-element-populated\">\n\t\t\t\t\t\t\t\t<div class=\"elementor-element elementor-element-e70cf0b elementor-absolute elementor-hidden-tablet elementor-hidden-mobile elementor-widget elementor-widget-heading\" data-id=\"e70cf0b\" data-element_type=\"widget\" data-settings=\"{&quot;_position&quot;:&quot;absolute&quot;}\" data-widget_type=\"heading.default\">\n\t\t\t\t<div class=\"elementor-widget-container\">\n\t\t\t<style>\/*! elementor - v3.18.0 - 06-12-2023 *\/\n.elementor-heading-title{padding:0;margin:0;line-height:1}.elementor-widget-heading .elementor-heading-title[class*=elementor-size-]>a{color:inherit;font-size:inherit;line-height:inherit}.elementor-widget-heading .elementor-heading-title.elementor-size-small{font-size:15px}.elementor-widget-heading .elementor-heading-title.elementor-size-medium{font-size:19px}.elementor-widget-heading .elementor-heading-title.elementor-size-large{font-size:29px}.elementor-widget-heading .elementor-heading-title.elementor-size-xl{font-size:39px}.elementor-widget-heading .elementor-heading-title.elementor-size-xxl{font-size:59px}<\/style><h2 class=\"elementor-heading-title elementor-size-default\">About Personal Data Protection<\/h2>\t\t<\/div>\n\t\t\t\t<\/div>\n\t\t\t\t<div class=\"elementor-element elementor-element-cd57c50 sub-title elementor-widget elementor-widget-heading\" data-id=\"cd57c50\" data-element_type=\"widget\" data-widget_type=\"heading.default\">\n\t\t\t\t<div class=\"elementor-widget-container\">\n\t\t\t<h4 class=\"elementor-heading-title elementor-size-default\">Turkey Human Resources Education and Health Foundation (TIKAV)<\/h4>\t\t<\/div>\n\t\t\t\t<\/div>\n\t\t\t\t<div class=\"elementor-element elementor-element-4eea28c elementor-widget elementor-widget-heading\" data-id=\"4eea28c\" data-element_type=\"widget\" data-widget_type=\"heading.default\">\n\t\t\t\t<div class=\"elementor-widget-container\">\n\t\t\t<h2 class=\"elementor-heading-title elementor-size-default\">About Personal Data Protection<\/h2>\t\t<\/div>\n\t\t\t\t<\/div>\n\t\t\t\t<div class=\"elementor-element elementor-element-5a7e52b elementor-widget elementor-widget-text-editor\" data-id=\"5a7e52b\" data-element_type=\"widget\" data-widget_type=\"text-editor.default\">\n\t\t\t\t<div class=\"elementor-widget-container\">\n\t\t\t<style>\/*! elementor - v3.18.0 - 06-12-2023 *\/\n.elementor-widget-text-editor.elementor-drop-cap-view-stacked .elementor-drop-cap{background-color:#69727d;color:#fff}.elementor-widget-text-editor.elementor-drop-cap-view-framed .elementor-drop-cap{color:#69727d;border:3px solid;background-color:transparent}.elementor-widget-text-editor:not(.elementor-drop-cap-view-default) .elementor-drop-cap{margin-top:8px}.elementor-widget-text-editor:not(.elementor-drop-cap-view-default) .elementor-drop-cap-letter{width:1em;height:1em}.elementor-widget-text-editor .elementor-drop-cap{float:left;text-align:center;line-height:1;font-size:50px}.elementor-widget-text-editor .elementor-drop-cap-letter{display:inline-block}<\/style>\t\t\t\t<p style=\"font-weight: 400; text-align: center;\"><b><strong>TURKEY HUMAN RESOURCES EDUCATION AND HEALTH FOUNDATION<\/strong><\/b><\/p><p style=\"font-weight: 400; text-align: center;\"><b><strong>CLARIFICATION TEXT FOR PERSONAL DATA PROTECTION<\/strong><\/b><\/p><p style=\"font-weight: 400;\" class=\"translation-block\">As the Turkey Human Resources Education and Health Foundation (\u201cTIKAV\u201d or \u201cThe Foundation\u201d) we are incredibly sensitive towards the security of your personal data. In this respect, we place great importance on the fact that all the data of the individuals who make use of TIKAV\u2019s products and services are protected and saved according to the Law no. 6698, Personal Data Protection Law (KVKK).  We handle all your data according to the processes determined below which are outlined in the KVKK. This data is kept by the \u201cData Protector\u201d.<\/p><p style=\"font-weight: 400;\">\u00a0<\/p><ol><li style=\"font-weight: 400;\"><b><\/b><b><strong>Data Protector and Representative<\/strong><\/b><\/li><\/ol><p style=\"font-weight: 400;\"><b><strong>\u00a0<\/strong><\/b>According to the Law no. 6698, your personal data can be used and stored by TIKAV whose address is at Kaz\u0131m \u00d6zalp Mahallesi Koza Caddesi No: 26 \u00c7ankaya, Ankara.<\/p><p style=\"font-weight: 400;\">\u00a0<\/p><ol><li style=\"font-weight: 400;\"><b><\/b><b><strong>How Your Personal Data will be Used and Processed<\/strong><\/b><\/li><\/ol><p style=\"font-weight: 400;\">Your personal data will be used for taking part in Projects carried out by TIKAV; personalisation of products and services according to your likes, using habits and needs; the acquisition of foundational regulations, policies and documents; within the framework of carrying out our activities with the aim of ensuring the legal and commercial security of TIKAV and those who are in contact with TIKAV within the framework of foundation activities, your data will be processed according to article 5 and 6 in Law 6698.<\/p><p style=\"font-weight: 400;\">\u00a0<\/p><ol><li style=\"font-weight: 400;\"><b><\/b><b><strong>How and Who Your Data Can Be Passed onto<\/strong><\/b><\/li><\/ol><p style=\"font-weight: 400;\">Your personal data can be shared with our stakeholders, suppliers, subsidiaries, and authorised bodies and persons that are related to TIKAV and TIKAV\u2019s Foundational activities, according to the articles 8. And 9. In Law no. 6698 within the scope of section (c) of this Clarification Text. You can access further information about this on www.tikav.org.tr in the section \u201cAbout Personal Data Protection\u201d.<\/p><p style=\"font-weight: 400;\">\u00a0<\/p><ol><li style=\"font-weight: 400;\"><b><\/b><b><strong>How and Who Your Data Can Be Passed onto<\/strong><\/b><\/li><\/ol><p style=\"font-weight: 400;\">Your personal data will be collected via our website, participation forms, mobile applications, call centres or physical channels. These channels will allow you to join our projects and make use of the services provided by TIKAV. The data is collected for the purpose of being able to proceed with our activities and are based on the rules of legislation, contracts, demands, custom of trade and honesty and are based on lawful reasoning. This data can be processed according to article (b) and (c) of this Clarification Text and articles 5. And 6. of Law no. 6698.<\/p><p style=\"font-weight: 400;\">\u00a0<\/p><ol start=\"11\"><li style=\"font-weight: 400;\"><b><\/b><b><strong>The Rights of the Owner of the Personal Data according to article no. 11 of Law no. 6698<\/strong><\/b><\/li><\/ol><p style=\"font-weight: 400;\">As owners of your personal data, if you send us requests with regards to your rights, our Foundation will reply to the request as soon as possible and latest within thirty days. However, if there is a financial element to this request, a fee will be requested from our end determined by the KVKK Council. Within this scope, the owner of personal data may ask to:<\/p><ul><li style=\"font-weight: 400;\">\u00a0 Find out whether or not their data is being collected or processes,<\/li><li style=\"font-weight: 400;\">\u00a0 Ask for more information if their data is being collected and processes,<\/li><li style=\"font-weight: 400;\">\u00a0 Ask for information regarding how their data is being used, and whether is being used accordingly,<\/li><li style=\"font-weight: 400;\">\u00a0 Find out if there data has been shared with national and international third-parties,<\/li><li style=\"font-weight: 400;\">\u00a0 Make a change to the data if it has been collected and processed incorrectly, and request that this be past on to third-parties,<\/li><li style=\"font-weight: 400;\">\u00a0 Even though the data has been processed and collected according to Law no. 6698, if the reason for keeping the data becomes obsolete, they can request the data to be deleted, and that this be past onto third-parties,<\/li><li style=\"font-weight: 400;\">\u00a0 Object to any analysis that may result in being to the detriment of the owner,<\/li><li style=\"font-weight: 400;\">\u00a0 Request damages if any have been made due to the processing and collection of their data.<\/li><\/ul><p style=\"font-weight: 400;\">\u00a0<\/p><p style=\"font-weight: 400;\">You must send in your requests regarding your rights in written format to our Foundation according to Law no. 6698, Article 13, Paragraph 1.<\/p><p style=\"font-weight: 400;\">\u00a0<\/p><p style=\"font-weight: 400;\">If you can provide documents that prove your identity and give a clear explanation as to which right you are making a request about stated in Law no. 6698, Article 11, then this will allow us to reply to your request in a faster more efficient manner.<\/p>\t\t\t\t\t\t<\/div>\n\t\t\t\t<\/div>\n\t\t\t\t\t<\/div>\n\t\t<\/div>\n\t\t\t\t\t\t\t<\/div>\n\t\t<\/section>\n\t\t\t\t\t<\/div>\n\t\t<\/div>\n\t\t\t\t\t\t\t<\/div>\n\t\t<\/section>\n\t\t\t\t\t\t\t<\/div>","protected":false},"excerpt":{"rendered":"<p>Ki\u015fisel Verilerin Korunmas\u0131 Hakk\u0131nda T\u00fcrkiye insan haklar\u0131 e\u011fitim ve sa\u011fl\u0131k vakf\u0131 Ki\u015fisel Verilerin Korunmas\u0131 Hakk\u0131nda T\u00dcRK\u0130YE \u0130NSAN KAYNAKLARI E\u011e\u0130T\u0130M VE SA\u011eLIK VAKFI K\u0130\u015e\u0130SEL VER\u0130LER\u0130N \u0130\u015eLENMES\u0130 AYDINLATMA METN\u0130 T\u00fcrkiye \u0130nsan Kaynaklar\u0131 [&hellip;]<\/p>","protected":false},"author":1,"featured_media":3419,"parent":0,"menu_order":0,"comment_status":"closed","ping_status":"closed","template":"elementor_header_footer","meta":{"_EventAllDay":false,"_EventTimezone":"","_EventStartDate":"","_EventEndDate":"","_EventStartDateUTC":"","_EventEndDateUTC":"","_EventShowMap":false,"_EventShowMapLink":false,"_EventURL":"","_EventCost":"","_EventCostDescription":"","_EventCurrencySymbol":"","_EventCurrencyCode":"","_EventCurrencyPosition":"","_EventDateTimeSeparator":"","_EventTimeRangeSeparator":"","_EventOrganizerID":[],"_EventVenueID":[],"_OrganizerEmail":"","_OrganizerPhone":"","_OrganizerWebsite":"","_VenueAddress":"","_VenueCity":"","_VenueCountry":"","_VenueProvince":"","_VenueState":"","_VenueZip":"","_VenuePhone":"","_VenueURL":"","_VenueStateProvince":"","_VenueLat":"","_VenueLng":"","_VenueShowMap":false,"_VenueShowMapLink":false,"footnotes":""},"class_list":["post-3508","page","type-page","status-publish","has-post-thumbnail","hentry"],"yoast_head":"<!-- This site is optimized with the Yoast SEO plugin v24.9 - https:\/\/yoast.com\/wordpress\/plugins\/seo\/ -->\n<title>Ki\u015fisel Verilerin Korunmas\u0131 Hakk\u0131nda - T\u0130KAV<\/title>\n<meta name=\"robots\" content=\"index, follow, max-snippet:-1, max-image-preview:large, max-video-preview:-1\" \/>\n<link rel=\"canonical\" href=\"https:\/\/www.tikav.org.tr\/en\/kisisel-verilerin-korunmasi-hakkinda\/\" \/>\n<meta property=\"og:locale\" content=\"en_US\" \/>\n<meta property=\"og:type\" content=\"article\" \/>\n<meta property=\"og:title\" content=\"Ki\u015fisel Verilerin Korunmas\u0131 Hakk\u0131nda - T\u0130KAV\" \/>\n<meta property=\"og:description\" content=\"Ki\u015fisel Verilerin Korunmas\u0131 Hakk\u0131nda T\u00fcrkiye insan haklar\u0131 e\u011fitim ve sa\u011fl\u0131k vakf\u0131 Ki\u015fisel Verilerin Korunmas\u0131 Hakk\u0131nda T\u00dcRK\u0130YE \u0130NSAN KAYNAKLARI E\u011e\u0130T\u0130M VE SA\u011eLIK VAKFI K\u0130\u015e\u0130SEL VER\u0130LER\u0130N \u0130\u015eLENMES\u0130 AYDINLATMA METN\u0130 T\u00fcrkiye \u0130nsan Kaynaklar\u0131 [&hellip;]\" \/>\n<meta property=\"og:url\" content=\"https:\/\/www.tikav.org.tr\/en\/kisisel-verilerin-korunmasi-hakkinda\/\" \/>\n<meta property=\"og:site_name\" content=\"T\u0130KAV\" \/>\n<meta property=\"article:publisher\" content=\"https:\/\/www.facebook.com\/Turkiye.Tikav\/\" \/>\n<meta property=\"article:modified_time\" content=\"2024-10-21T12:21:45+00:00\" \/>\n<meta property=\"og:image\" content=\"https:\/\/www.tikav.org.tr\/wp-content\/uploads\/2024\/03\/tarihce.jpg\" \/>\n\t<meta property=\"og:image:width\" content=\"1458\" \/>\n\t<meta property=\"og:image:height\" content=\"797\" \/>\n\t<meta property=\"og:image:type\" content=\"image\/jpeg\" \/>\n<meta name=\"twitter:card\" content=\"summary_large_image\" \/>\n<meta name=\"twitter:site\" content=\"@Tikav1\" \/>\n<meta name=\"twitter:label1\" content=\"Est. reading time\" \/>\n\t<meta name=\"twitter:data1\" content=\"5 minutes\" \/>\n<script type=\"application\/ld+json\" class=\"yoast-schema-graph\">{\"@context\":\"https:\/\/schema.org\",\"@graph\":[{\"@type\":\"WebPage\",\"@id\":\"https:\/\/www.tikav.org.tr\/kisisel-verilerin-korunmasi-hakkinda\/\",\"url\":\"https:\/\/www.tikav.org.tr\/kisisel-verilerin-korunmasi-hakkinda\/\",\"name\":\"Ki\u015fisel Verilerin Korunmas\u0131 Hakk\u0131nda - T\u0130KAV\",\"isPartOf\":{\"@id\":\"https:\/\/www.tikav.org.tr\/#website\"},\"primaryImageOfPage\":{\"@id\":\"https:\/\/www.tikav.org.tr\/kisisel-verilerin-korunmasi-hakkinda\/#primaryimage\"},\"image\":{\"@id\":\"https:\/\/www.tikav.org.tr\/kisisel-verilerin-korunmasi-hakkinda\/#primaryimage\"},\"thumbnailUrl\":\"https:\/\/www.tikav.org.tr\/wp-content\/uploads\/2024\/03\/tarihce.jpg\",\"datePublished\":\"2024-03-05T22:07:40+00:00\",\"dateModified\":\"2024-10-21T12:21:45+00:00\",\"breadcrumb\":{\"@id\":\"https:\/\/www.tikav.org.tr\/kisisel-verilerin-korunmasi-hakkinda\/#breadcrumb\"},\"inLanguage\":\"en-US\",\"potentialAction\":[{\"@type\":\"ReadAction\",\"target\":[\"https:\/\/www.tikav.org.tr\/kisisel-verilerin-korunmasi-hakkinda\/\"]}]},{\"@type\":\"ImageObject\",\"inLanguage\":\"en-US\",\"@id\":\"https:\/\/www.tikav.org.tr\/kisisel-verilerin-korunmasi-hakkinda\/#primaryimage\",\"url\":\"https:\/\/www.tikav.org.tr\/wp-content\/uploads\/2024\/03\/tarihce.jpg\",\"contentUrl\":\"https:\/\/www.tikav.org.tr\/wp-content\/uploads\/2024\/03\/tarihce.jpg\",\"width\":1458,\"height\":797},{\"@type\":\"BreadcrumbList\",\"@id\":\"https:\/\/www.tikav.org.tr\/kisisel-verilerin-korunmasi-hakkinda\/#breadcrumb\",\"itemListElement\":[{\"@type\":\"ListItem\",\"position\":1,\"name\":\"Anasayfa\",\"item\":\"https:\/\/www.tikav.org.tr\/\"},{\"@type\":\"ListItem\",\"position\":2,\"name\":\"Ki\u015fisel Verilerin Korunmas\u0131 Hakk\u0131nda\"}]},{\"@type\":\"WebSite\",\"@id\":\"https:\/\/www.tikav.org.tr\/#website\",\"url\":\"https:\/\/www.tikav.org.tr\/\",\"name\":\"T\u0130KAV | T\u00fcrkiye \u0130nsan Haklar\u0131 Derne\u011fi\",\"description\":\"T\u00fcrkiye \u0130nsan Kaynaklar\u0131 E\u011fitim ve Sa\u011fl\u0131k Vakf\u0131\",\"publisher\":{\"@id\":\"https:\/\/www.tikav.org.tr\/#organization\"},\"potentialAction\":[{\"@type\":\"SearchAction\",\"target\":{\"@type\":\"EntryPoint\",\"urlTemplate\":\"https:\/\/www.tikav.org.tr\/?s={search_term_string}\"},\"query-input\":{\"@type\":\"PropertyValueSpecification\",\"valueRequired\":true,\"valueName\":\"search_term_string\"}}],\"inLanguage\":\"en-US\"},{\"@type\":\"Organization\",\"@id\":\"https:\/\/www.tikav.org.tr\/#organization\",\"name\":\"T\u0130KAV | T\u00fcrkiye \u0130nsan Haklar\u0131 Derne\u011fi\",\"url\":\"https:\/\/www.tikav.org.tr\/\",\"logo\":{\"@type\":\"ImageObject\",\"inLanguage\":\"en-US\",\"@id\":\"https:\/\/www.tikav.org.tr\/#\/schema\/logo\/image\/\",\"url\":\"https:\/\/www.tikav.org.tr\/wp-content\/uploads\/2024\/02\/cropped-tikav-logo.png\",\"contentUrl\":\"https:\/\/www.tikav.org.tr\/wp-content\/uploads\/2024\/02\/cropped-tikav-logo.png\",\"width\":402,\"height\":212,\"caption\":\"T\u0130KAV | T\u00fcrkiye \u0130nsan Haklar\u0131 Derne\u011fi\"},\"image\":{\"@id\":\"https:\/\/www.tikav.org.tr\/#\/schema\/logo\/image\/\"},\"sameAs\":[\"https:\/\/www.facebook.com\/Turkiye.Tikav\/\",\"https:\/\/x.com\/Tikav1\",\"https:\/\/www.instagram.com\/tikav_turkiye\/\",\"https:\/\/www.youtube.com\/channel\/UCLd2iwUsjrCh6fQySvm4_uA\"]}]}<\/script>\n<!-- \/ Yoast SEO plugin. -->","yoast_head_json":{"title":"Ki\u015fisel Verilerin Korunmas\u0131 Hakk\u0131nda - T\u0130KAV","robots":{"index":"index","follow":"follow","max-snippet":"max-snippet:-1","max-image-preview":"max-image-preview:large","max-video-preview":"max-video-preview:-1"},"canonical":"https:\/\/www.tikav.org.tr\/en\/kisisel-verilerin-korunmasi-hakkinda\/","og_locale":"en_US","og_type":"article","og_title":"Ki\u015fisel Verilerin Korunmas\u0131 Hakk\u0131nda - T\u0130KAV","og_description":"Ki\u015fisel Verilerin Korunmas\u0131 Hakk\u0131nda T\u00fcrkiye insan haklar\u0131 e\u011fitim ve sa\u011fl\u0131k vakf\u0131 Ki\u015fisel Verilerin Korunmas\u0131 Hakk\u0131nda T\u00dcRK\u0130YE \u0130NSAN KAYNAKLARI E\u011e\u0130T\u0130M VE SA\u011eLIK VAKFI K\u0130\u015e\u0130SEL VER\u0130LER\u0130N \u0130\u015eLENMES\u0130 AYDINLATMA METN\u0130 T\u00fcrkiye \u0130nsan Kaynaklar\u0131 [&hellip;]","og_url":"https:\/\/www.tikav.org.tr\/en\/kisisel-verilerin-korunmasi-hakkinda\/","og_site_name":"T\u0130KAV","article_publisher":"https:\/\/www.facebook.com\/Turkiye.Tikav\/","article_modified_time":"2024-10-21T12:21:45+00:00","og_image":[{"width":1458,"height":797,"url":"https:\/\/www.tikav.org.tr\/wp-content\/uploads\/2024\/03\/tarihce.jpg","type":"image\/jpeg"}],"twitter_card":"summary_large_image","twitter_site":"@Tikav1","twitter_misc":{"Est. reading time":"5 minutes"},"schema":{"@context":"https:\/\/schema.org","@graph":[{"@type":"WebPage","@id":"https:\/\/www.tikav.org.tr\/kisisel-verilerin-korunmasi-hakkinda\/","url":"https:\/\/www.tikav.org.tr\/kisisel-verilerin-korunmasi-hakkinda\/","name":"Ki\u015fisel Verilerin Korunmas\u0131 Hakk\u0131nda - T\u0130KAV","isPartOf":{"@id":"https:\/\/www.tikav.org.tr\/#website"},"primaryImageOfPage":{"@id":"https:\/\/www.tikav.org.tr\/kisisel-verilerin-korunmasi-hakkinda\/#primaryimage"},"image":{"@id":"https:\/\/www.tikav.org.tr\/kisisel-verilerin-korunmasi-hakkinda\/#primaryimage"},"thumbnailUrl":"https:\/\/www.tikav.org.tr\/wp-content\/uploads\/2024\/03\/tarihce.jpg","datePublished":"2024-03-05T22:07:40+00:00","dateModified":"2024-10-21T12:21:45+00:00","breadcrumb":{"@id":"https:\/\/www.tikav.org.tr\/kisisel-verilerin-korunmasi-hakkinda\/#breadcrumb"},"inLanguage":"en-US","potentialAction":[{"@type":"ReadAction","target":["https:\/\/www.tikav.org.tr\/kisisel-verilerin-korunmasi-hakkinda\/"]}]},{"@type":"ImageObject","inLanguage":"en-US","@id":"https:\/\/www.tikav.org.tr\/kisisel-verilerin-korunmasi-hakkinda\/#primaryimage","url":"https:\/\/www.tikav.org.tr\/wp-content\/uploads\/2024\/03\/tarihce.jpg","contentUrl":"https:\/\/www.tikav.org.tr\/wp-content\/uploads\/2024\/03\/tarihce.jpg","width":1458,"height":797},{"@type":"BreadcrumbList","@id":"https:\/\/www.tikav.org.tr\/kisisel-verilerin-korunmasi-hakkinda\/#breadcrumb","itemListElement":[{"@type":"ListItem","position":1,"name":"Anasayfa","item":"https:\/\/www.tikav.org.tr\/"},{"@type":"ListItem","position":2,"name":"Ki\u015fisel Verilerin Korunmas\u0131 Hakk\u0131nda"}]},{"@type":"WebSite","@id":"https:\/\/www.tikav.org.tr\/#website","url":"https:\/\/www.tikav.org.tr\/","name":"T\u0130KAV | T\u00fcrkiye \u0130nsan Haklar\u0131 Derne\u011fi","description":"T\u00fcrkiye \u0130nsan Kaynaklar\u0131 E\u011fitim ve Sa\u011fl\u0131k Vakf\u0131","publisher":{"@id":"https:\/\/www.tikav.org.tr\/#organization"},"potentialAction":[{"@type":"SearchAction","target":{"@type":"EntryPoint","urlTemplate":"https:\/\/www.tikav.org.tr\/?s={search_term_string}"},"query-input":{"@type":"PropertyValueSpecification","valueRequired":true,"valueName":"search_term_string"}}],"inLanguage":"en-US"},{"@type":"Organization","@id":"https:\/\/www.tikav.org.tr\/#organization","name":"T\u0130KAV | T\u00fcrkiye \u0130nsan Haklar\u0131 Derne\u011fi","url":"https:\/\/www.tikav.org.tr\/","logo":{"@type":"ImageObject","inLanguage":"en-US","@id":"https:\/\/www.tikav.org.tr\/#\/schema\/logo\/image\/","url":"https:\/\/www.tikav.org.tr\/wp-content\/uploads\/2024\/02\/cropped-tikav-logo.png","contentUrl":"https:\/\/www.tikav.org.tr\/wp-content\/uploads\/2024\/02\/cropped-tikav-logo.png","width":402,"height":212,"caption":"T\u0130KAV | T\u00fcrkiye \u0130nsan Haklar\u0131 Derne\u011fi"},"image":{"@id":"https:\/\/www.tikav.org.tr\/#\/schema\/logo\/image\/"},"sameAs":["https:\/\/www.facebook.com\/Turkiye.Tikav\/","https:\/\/x.com\/Tikav1","https:\/\/www.instagram.com\/tikav_turkiye\/","https:\/\/www.youtube.com\/channel\/UCLd2iwUsjrCh6fQySvm4_uA"]}]}},"_links":{"self":[{"href":"https:\/\/www.tikav.org.tr\/en\/wp-json\/wp\/v2\/pages\/3508","targetHints":{"allow":["GET"]}}],"collection":[{"href":"https:\/\/www.tikav.org.tr\/en\/wp-json\/wp\/v2\/pages"}],"about":[{"href":"https:\/\/www.tikav.org.tr\/en\/wp-json\/wp\/v2\/types\/page"}],"author":[{"embeddable":true,"href":"https:\/\/www.tikav.org.tr\/en\/wp-json\/wp\/v2\/users\/1"}],"replies":[{"embeddable":true,"href":"https:\/\/www.tikav.org.tr\/en\/wp-json\/wp\/v2\/comments?post=3508"}],"version-history":[{"count":9,"href":"https:\/\/www.tikav.org.tr\/en\/wp-json\/wp\/v2\/pages\/3508\/revisions"}],"predecessor-version":[{"id":8247,"href":"https:\/\/www.tikav.org.tr\/en\/wp-json\/wp\/v2\/pages\/3508\/revisions\/8247"}],"wp:featuredmedia":[{"embeddable":true,"href":"https:\/\/www.tikav.org.tr\/en\/wp-json\/wp\/v2\/media\/3419"}],"wp:attachment":[{"href":"https:\/\/www.tikav.org.tr\/en\/wp-json\/wp\/v2\/media?parent=3508"}],"curies":[{"name":"wp","href":"https:\/\/api.w.org\/{rel}","templated":true}]}}