{"id":3439,"date":"2024-03-04T01:16:45","date_gmt":"2024-03-04T01:16:45","guid":{"rendered":"http:\/\/www.tikav.org.tr\/?page_id=3439"},"modified":"2024-08-07T00:49:47","modified_gmt":"2024-08-06T21:49:47","slug":"misyon-vizyon","status":"publish","type":"page","link":"https:\/\/www.tikav.org.tr\/en\/misyon-vizyon\/","title":{"rendered":"Mission&amp;Vision"},"content":{"rendered":"<div data-elementor-type=\"wp-page\" data-elementor-id=\"3439\" class=\"elementor elementor-3439\" data-elementor-post-type=\"page\">\n\t\t\t\t\t\t\t\t\t<section class=\"elementor-section elementor-top-section elementor-element elementor-element-853a08e elementor-section-full_width elementor-section-content-middle elementor-section-height-default elementor-section-height-default\" data-id=\"853a08e\" data-element_type=\"section\">\n\t\t\t\t\t\t<div class=\"elementor-container elementor-column-gap-no\">\n\t\t\t\t\t<div class=\"elementor-column elementor-col-100 elementor-top-column elementor-element elementor-element-118b388\" data-id=\"118b388\" data-element_type=\"column\">\n\t\t\t<div class=\"elementor-widget-wrap elementor-element-populated\">\n\t\t\t\t\t\t\t\t<section class=\"elementor-section elementor-inner-section elementor-element elementor-element-9363860 elementor-section-content-middle elementor-section-boxed elementor-section-height-default elementor-section-height-default\" data-id=\"9363860\" data-element_type=\"section\">\n\t\t\t\t\t\t<div class=\"elementor-container elementor-column-gap-extended\">\n\t\t\t\t\t<div class=\"elementor-column elementor-col-50 elementor-inner-column elementor-element elementor-element-0fa9811\" data-id=\"0fa9811\" data-element_type=\"column\">\n\t\t\t<div class=\"elementor-widget-wrap elementor-element-populated\">\n\t\t\t\t\t\t\t\t<div class=\"elementor-element elementor-element-8331c37 elementor-widget elementor-widget-image\" data-id=\"8331c37\" data-element_type=\"widget\" data-widget_type=\"image.default\">\n\t\t\t\t<div class=\"elementor-widget-container\">\n\t\t\t<style>\/*! elementor - v3.18.0 - 06-12-2023 *\/\n.elementor-widget-image{text-align:center}.elementor-widget-image a{display:inline-block}.elementor-widget-image a img[src$=\".svg\"]{width:48px}.elementor-widget-image img{vertical-align:middle;display:inline-block}<\/style>\t\t\t\t\t\t\t\t\t\t\t\t<img fetchpriority=\"high\" decoding=\"async\" width=\"540\" height=\"540\" src=\"https:\/\/www.tikav.org.tr\/wp-content\/uploads\/2024\/03\/misyon-vizyon.jpg\" class=\"attachment-full size-full wp-image-3440\" alt=\"\" srcset=\"https:\/\/www.tikav.org.tr\/wp-content\/uploads\/2024\/03\/misyon-vizyon.jpg 540w, https:\/\/www.tikav.org.tr\/wp-content\/uploads\/2024\/03\/misyon-vizyon-300x300.jpg 300w, https:\/\/www.tikav.org.tr\/wp-content\/uploads\/2024\/03\/misyon-vizyon-150x150.jpg 150w, https:\/\/www.tikav.org.tr\/wp-content\/uploads\/2024\/03\/misyon-vizyon-90x90.jpg 90w, https:\/\/www.tikav.org.tr\/wp-content\/uploads\/2024\/03\/elementor\/thumbs\/misyon-vizyon-qkoz0stzomexgvda8s1fgtyycbydqppxcqebzii7l4.jpg 100w\" sizes=\"(max-width: 540px) 100vw, 540px\" \/>\t\t\t\t\t\t\t\t\t\t\t\t\t\t\t<\/div>\n\t\t\t\t<\/div>\n\t\t\t\t\t<\/div>\n\t\t<\/div>\n\t\t\t\t<div class=\"elementor-column elementor-col-50 elementor-inner-column elementor-element elementor-element-acbf207 sec-title\" data-id=\"acbf207\" data-element_type=\"column\">\n\t\t\t<div class=\"elementor-widget-wrap elementor-element-populated\">\n\t\t\t\t\t\t\t\t<div class=\"elementor-element elementor-element-e70cf0b elementor-absolute elementor-hidden-tablet elementor-hidden-mobile elementor-widget elementor-widget-heading\" data-id=\"e70cf0b\" data-element_type=\"widget\" data-settings=\"{&quot;_position&quot;:&quot;absolute&quot;}\" data-widget_type=\"heading.default\">\n\t\t\t\t<div class=\"elementor-widget-container\">\n\t\t\t<style>\/*! elementor - v3.18.0 - 06-12-2023 *\/\n.elementor-heading-title{padding:0;margin:0;line-height:1}.elementor-widget-heading .elementor-heading-title[class*=elementor-size-]>a{color:inherit;font-size:inherit;line-height:inherit}.elementor-widget-heading .elementor-heading-title.elementor-size-small{font-size:15px}.elementor-widget-heading .elementor-heading-title.elementor-size-medium{font-size:19px}.elementor-widget-heading .elementor-heading-title.elementor-size-large{font-size:29px}.elementor-widget-heading .elementor-heading-title.elementor-size-xl{font-size:39px}.elementor-widget-heading .elementor-heading-title.elementor-size-xxl{font-size:59px}<\/style><h2 class=\"elementor-heading-title elementor-size-default\">Tarih\u00e7e<\/h2>\t\t<\/div>\n\t\t\t\t<\/div>\n\t\t\t\t<div class=\"elementor-element elementor-element-cd57c50 sub-title elementor-widget elementor-widget-heading\" data-id=\"cd57c50\" data-element_type=\"widget\" data-widget_type=\"heading.default\">\n\t\t\t\t<div class=\"elementor-widget-container\">\n\t\t\t<h4 class=\"elementor-heading-title elementor-size-default\">Turkey Human Resources Education and Health Foundation (TIKAV)<\/h4>\t\t<\/div>\n\t\t\t\t<\/div>\n\t\t\t\t<div class=\"elementor-element elementor-element-4eea28c elementor-widget elementor-widget-heading\" data-id=\"4eea28c\" data-element_type=\"widget\" data-widget_type=\"heading.default\">\n\t\t\t\t<div class=\"elementor-widget-container\">\n\t\t\t<h2 class=\"elementor-heading-title elementor-size-default\">Mission &amp; Vision<\/h2>\t\t<\/div>\n\t\t\t\t<\/div>\n\t\t\t\t<div class=\"elementor-element elementor-element-5a7e52b elementor-widget elementor-widget-text-editor\" data-id=\"5a7e52b\" data-element_type=\"widget\" data-widget_type=\"text-editor.default\">\n\t\t\t\t<div class=\"elementor-widget-container\">\n\t\t\t<style>\/*! elementor - v3.18.0 - 06-12-2023 *\/\n.elementor-widget-text-editor.elementor-drop-cap-view-stacked .elementor-drop-cap{background-color:#69727d;color:#fff}.elementor-widget-text-editor.elementor-drop-cap-view-framed .elementor-drop-cap{color:#69727d;border:3px solid;background-color:transparent}.elementor-widget-text-editor:not(.elementor-drop-cap-view-default) .elementor-drop-cap{margin-top:8px}.elementor-widget-text-editor:not(.elementor-drop-cap-view-default) .elementor-drop-cap-letter{width:1em;height:1em}.elementor-widget-text-editor .elementor-drop-cap{float:left;text-align:center;line-height:1;font-size:50px}.elementor-widget-text-editor .elementor-drop-cap-letter{display:inline-block}<\/style>\t\t\t\t<p>TIKAV invests in people; it\u2019s mission is to benefit society by developing projects that will help develop individuals that can easily adapt to the new changes of the information age, respect societal and universal values, be sensitive towards the environment, and be conscious about the concept of social responsibility.<\/p><p>Through working on a national and international platform in an ever-changing era and information age, TIKAV\u2019s vision is to find solutions towards helping society adapt to these changes, raise leaders who can lead these changes within society whilst making the raising of social responsibility awareness a number one priority.\u00a0<\/p>\t\t\t\t\t\t<\/div>\n\t\t\t\t<\/div>\n\t\t\t\t\t<\/div>\n\t\t<\/div>\n\t\t\t\t\t\t\t<\/div>\n\t\t<\/section>\n\t\t\t\t\t<\/div>\n\t\t<\/div>\n\t\t\t\t\t\t\t<\/div>\n\t\t<\/section>\n\t\t\t\t\t\t\t<\/div>","protected":false},"excerpt":{"rendered":"<p>Tarih\u00e7e T\u00fcrkiye insan haklar\u0131 e\u011fitim ve sa\u011fl\u0131k vakf\u0131 Misyon ve Vizyon \u0130nsana\u00a0yat\u0131r\u0131m yapan\u00a0T\u0130KAV; s\u00fcrekli geli\u015fen bilgi \u00e7a\u011f\u0131nda yeniliklere uyum sa\u011flayabilen,\u00a0 toplumsal ve evrensel de\u011ferlere sayg\u0131l\u0131, \u00e7evreye duyarl\u0131, sosyal sorumluluk bilincine [&hellip;]<\/p>","protected":false},"author":1,"featured_media":3419,"parent":0,"menu_order":0,"comment_status":"closed","ping_status":"closed","template":"elementor_header_footer","meta":{"_EventAllDay":false,"_EventTimezone":"","_EventStartDate":"","_EventEndDate":"","_EventStartDateUTC":"","_EventEndDateUTC":"","_EventShowMap":false,"_EventShowMapLink":false,"_EventURL":"","_EventCost":"","_EventCostDescription":"","_EventCurrencySymbol":"","_EventCurrencyCode":"","_EventCurrencyPosition":"","_EventDateTimeSeparator":"","_EventTimeRangeSeparator":"","_EventOrganizerID":[],"_EventVenueID":[],"_OrganizerEmail":"","_OrganizerPhone":"","_OrganizerWebsite":"","_VenueAddress":"","_VenueCity":"","_VenueCountry":"","_VenueProvince":"","_VenueState":"","_VenueZip":"","_VenuePhone":"","_VenueURL":"","_VenueStateProvince":"","_VenueLat":"","_VenueLng":"","_VenueShowMap":false,"_VenueShowMapLink":false,"footnotes":""},"class_list":["post-3439","page","type-page","status-publish","has-post-thumbnail","hentry"],"yoast_head":"<!-- This site is optimized with the Yoast SEO plugin v24.9 - https:\/\/yoast.com\/wordpress\/plugins\/seo\/ -->\n<title>Misyon &amp; Vizyon - T\u0130KAV<\/title>\n<meta name=\"robots\" content=\"index, follow, max-snippet:-1, max-image-preview:large, max-video-preview:-1\" \/>\n<link rel=\"canonical\" href=\"https:\/\/www.tikav.org.tr\/en\/misyon-vizyon\/\" \/>\n<meta property=\"og:locale\" content=\"en_US\" \/>\n<meta property=\"og:type\" content=\"article\" \/>\n<meta property=\"og:title\" content=\"Misyon &amp; Vizyon - T\u0130KAV\" \/>\n<meta property=\"og:description\" content=\"Tarih\u00e7e T\u00fcrkiye insan haklar\u0131 e\u011fitim ve sa\u011fl\u0131k vakf\u0131 Misyon ve Vizyon \u0130nsana\u00a0yat\u0131r\u0131m yapan\u00a0T\u0130KAV; s\u00fcrekli geli\u015fen bilgi \u00e7a\u011f\u0131nda yeniliklere uyum sa\u011flayabilen,\u00a0 toplumsal ve evrensel de\u011ferlere sayg\u0131l\u0131, \u00e7evreye duyarl\u0131, sosyal sorumluluk bilincine [&hellip;]\" \/>\n<meta property=\"og:url\" content=\"https:\/\/www.tikav.org.tr\/en\/misyon-vizyon\/\" \/>\n<meta property=\"og:site_name\" content=\"T\u0130KAV\" \/>\n<meta property=\"article:publisher\" content=\"https:\/\/www.facebook.com\/Turkiye.Tikav\/\" \/>\n<meta property=\"article:modified_time\" content=\"2024-08-06T21:49:47+00:00\" \/>\n<meta property=\"og:image\" content=\"https:\/\/www.tikav.org.tr\/wp-content\/uploads\/2024\/03\/tarihce.jpg\" \/>\n\t<meta property=\"og:image:width\" content=\"1458\" \/>\n\t<meta property=\"og:image:height\" content=\"797\" \/>\n\t<meta property=\"og:image:type\" content=\"image\/jpeg\" \/>\n<meta name=\"twitter:card\" content=\"summary_large_image\" \/>\n<meta name=\"twitter:site\" content=\"@Tikav1\" \/>\n<meta name=\"twitter:label1\" content=\"Est. reading time\" \/>\n\t<meta name=\"twitter:data1\" content=\"1 minute\" \/>\n<script type=\"application\/ld+json\" class=\"yoast-schema-graph\">{\"@context\":\"https:\/\/schema.org\",\"@graph\":[{\"@type\":\"WebPage\",\"@id\":\"https:\/\/www.tikav.org.tr\/misyon-vizyon\/\",\"url\":\"https:\/\/www.tikav.org.tr\/misyon-vizyon\/\",\"name\":\"Misyon & Vizyon - T\u0130KAV\",\"isPartOf\":{\"@id\":\"https:\/\/www.tikav.org.tr\/#website\"},\"primaryImageOfPage\":{\"@id\":\"https:\/\/www.tikav.org.tr\/misyon-vizyon\/#primaryimage\"},\"image\":{\"@id\":\"https:\/\/www.tikav.org.tr\/misyon-vizyon\/#primaryimage\"},\"thumbnailUrl\":\"https:\/\/www.tikav.org.tr\/wp-content\/uploads\/2024\/03\/tarihce.jpg\",\"datePublished\":\"2024-03-04T01:16:45+00:00\",\"dateModified\":\"2024-08-06T21:49:47+00:00\",\"breadcrumb\":{\"@id\":\"https:\/\/www.tikav.org.tr\/misyon-vizyon\/#breadcrumb\"},\"inLanguage\":\"en-US\",\"potentialAction\":[{\"@type\":\"ReadAction\",\"target\":[\"https:\/\/www.tikav.org.tr\/misyon-vizyon\/\"]}]},{\"@type\":\"ImageObject\",\"inLanguage\":\"en-US\",\"@id\":\"https:\/\/www.tikav.org.tr\/misyon-vizyon\/#primaryimage\",\"url\":\"https:\/\/www.tikav.org.tr\/wp-content\/uploads\/2024\/03\/tarihce.jpg\",\"contentUrl\":\"https:\/\/www.tikav.org.tr\/wp-content\/uploads\/2024\/03\/tarihce.jpg\",\"width\":1458,\"height\":797},{\"@type\":\"BreadcrumbList\",\"@id\":\"https:\/\/www.tikav.org.tr\/misyon-vizyon\/#breadcrumb\",\"itemListElement\":[{\"@type\":\"ListItem\",\"position\":1,\"name\":\"Anasayfa\",\"item\":\"https:\/\/www.tikav.org.tr\/\"},{\"@type\":\"ListItem\",\"position\":2,\"name\":\"Misyon &#038; Vizyon\"}]},{\"@type\":\"WebSite\",\"@id\":\"https:\/\/www.tikav.org.tr\/#website\",\"url\":\"https:\/\/www.tikav.org.tr\/\",\"name\":\"T\u0130KAV | T\u00fcrkiye \u0130nsan Haklar\u0131 Derne\u011fi\",\"description\":\"T\u00fcrkiye \u0130nsan Kaynaklar\u0131 E\u011fitim ve Sa\u011fl\u0131k Vakf\u0131\",\"publisher\":{\"@id\":\"https:\/\/www.tikav.org.tr\/#organization\"},\"potentialAction\":[{\"@type\":\"SearchAction\",\"target\":{\"@type\":\"EntryPoint\",\"urlTemplate\":\"https:\/\/www.tikav.org.tr\/?s={search_term_string}\"},\"query-input\":{\"@type\":\"PropertyValueSpecification\",\"valueRequired\":true,\"valueName\":\"search_term_string\"}}],\"inLanguage\":\"en-US\"},{\"@type\":\"Organization\",\"@id\":\"https:\/\/www.tikav.org.tr\/#organization\",\"name\":\"T\u0130KAV | T\u00fcrkiye \u0130nsan Haklar\u0131 Derne\u011fi\",\"url\":\"https:\/\/www.tikav.org.tr\/\",\"logo\":{\"@type\":\"ImageObject\",\"inLanguage\":\"en-US\",\"@id\":\"https:\/\/www.tikav.org.tr\/#\/schema\/logo\/image\/\",\"url\":\"https:\/\/www.tikav.org.tr\/wp-content\/uploads\/2024\/02\/cropped-tikav-logo.png\",\"contentUrl\":\"https:\/\/www.tikav.org.tr\/wp-content\/uploads\/2024\/02\/cropped-tikav-logo.png\",\"width\":402,\"height\":212,\"caption\":\"T\u0130KAV | T\u00fcrkiye \u0130nsan Haklar\u0131 Derne\u011fi\"},\"image\":{\"@id\":\"https:\/\/www.tikav.org.tr\/#\/schema\/logo\/image\/\"},\"sameAs\":[\"https:\/\/www.facebook.com\/Turkiye.Tikav\/\",\"https:\/\/x.com\/Tikav1\",\"https:\/\/www.instagram.com\/tikav_turkiye\/\",\"https:\/\/www.youtube.com\/channel\/UCLd2iwUsjrCh6fQySvm4_uA\"]}]}<\/script>\n<!-- \/ Yoast SEO plugin. -->","yoast_head_json":{"title":"Misyon & Vizyon - T\u0130KAV","robots":{"index":"index","follow":"follow","max-snippet":"max-snippet:-1","max-image-preview":"max-image-preview:large","max-video-preview":"max-video-preview:-1"},"canonical":"https:\/\/www.tikav.org.tr\/en\/misyon-vizyon\/","og_locale":"en_US","og_type":"article","og_title":"Misyon & Vizyon - T\u0130KAV","og_description":"Tarih\u00e7e T\u00fcrkiye insan haklar\u0131 e\u011fitim ve sa\u011fl\u0131k vakf\u0131 Misyon ve Vizyon \u0130nsana\u00a0yat\u0131r\u0131m yapan\u00a0T\u0130KAV; s\u00fcrekli geli\u015fen bilgi \u00e7a\u011f\u0131nda yeniliklere uyum sa\u011flayabilen,\u00a0 toplumsal ve evrensel de\u011ferlere sayg\u0131l\u0131, \u00e7evreye duyarl\u0131, sosyal sorumluluk bilincine [&hellip;]","og_url":"https:\/\/www.tikav.org.tr\/en\/misyon-vizyon\/","og_site_name":"T\u0130KAV","article_publisher":"https:\/\/www.facebook.com\/Turkiye.Tikav\/","article_modified_time":"2024-08-06T21:49:47+00:00","og_image":[{"width":1458,"height":797,"url":"https:\/\/www.tikav.org.tr\/wp-content\/uploads\/2024\/03\/tarihce.jpg","type":"image\/jpeg"}],"twitter_card":"summary_large_image","twitter_site":"@Tikav1","twitter_misc":{"Est. reading time":"1 minute"},"schema":{"@context":"https:\/\/schema.org","@graph":[{"@type":"WebPage","@id":"https:\/\/www.tikav.org.tr\/misyon-vizyon\/","url":"https:\/\/www.tikav.org.tr\/misyon-vizyon\/","name":"Misyon & Vizyon - T\u0130KAV","isPartOf":{"@id":"https:\/\/www.tikav.org.tr\/#website"},"primaryImageOfPage":{"@id":"https:\/\/www.tikav.org.tr\/misyon-vizyon\/#primaryimage"},"image":{"@id":"https:\/\/www.tikav.org.tr\/misyon-vizyon\/#primaryimage"},"thumbnailUrl":"https:\/\/www.tikav.org.tr\/wp-content\/uploads\/2024\/03\/tarihce.jpg","datePublished":"2024-03-04T01:16:45+00:00","dateModified":"2024-08-06T21:49:47+00:00","breadcrumb":{"@id":"https:\/\/www.tikav.org.tr\/misyon-vizyon\/#breadcrumb"},"inLanguage":"en-US","potentialAction":[{"@type":"ReadAction","target":["https:\/\/www.tikav.org.tr\/misyon-vizyon\/"]}]},{"@type":"ImageObject","inLanguage":"en-US","@id":"https:\/\/www.tikav.org.tr\/misyon-vizyon\/#primaryimage","url":"https:\/\/www.tikav.org.tr\/wp-content\/uploads\/2024\/03\/tarihce.jpg","contentUrl":"https:\/\/www.tikav.org.tr\/wp-content\/uploads\/2024\/03\/tarihce.jpg","width":1458,"height":797},{"@type":"BreadcrumbList","@id":"https:\/\/www.tikav.org.tr\/misyon-vizyon\/#breadcrumb","itemListElement":[{"@type":"ListItem","position":1,"name":"Anasayfa","item":"https:\/\/www.tikav.org.tr\/"},{"@type":"ListItem","position":2,"name":"Misyon &#038; Vizyon"}]},{"@type":"WebSite","@id":"https:\/\/www.tikav.org.tr\/#website","url":"https:\/\/www.tikav.org.tr\/","name":"T\u0130KAV | T\u00fcrkiye \u0130nsan Haklar\u0131 Derne\u011fi","description":"T\u00fcrkiye \u0130nsan Kaynaklar\u0131 E\u011fitim ve Sa\u011fl\u0131k Vakf\u0131","publisher":{"@id":"https:\/\/www.tikav.org.tr\/#organization"},"potentialAction":[{"@type":"SearchAction","target":{"@type":"EntryPoint","urlTemplate":"https:\/\/www.tikav.org.tr\/?s={search_term_string}"},"query-input":{"@type":"PropertyValueSpecification","valueRequired":true,"valueName":"search_term_string"}}],"inLanguage":"en-US"},{"@type":"Organization","@id":"https:\/\/www.tikav.org.tr\/#organization","name":"T\u0130KAV | T\u00fcrkiye \u0130nsan Haklar\u0131 Derne\u011fi","url":"https:\/\/www.tikav.org.tr\/","logo":{"@type":"ImageObject","inLanguage":"en-US","@id":"https:\/\/www.tikav.org.tr\/#\/schema\/logo\/image\/","url":"https:\/\/www.tikav.org.tr\/wp-content\/uploads\/2024\/02\/cropped-tikav-logo.png","contentUrl":"https:\/\/www.tikav.org.tr\/wp-content\/uploads\/2024\/02\/cropped-tikav-logo.png","width":402,"height":212,"caption":"T\u0130KAV | T\u00fcrkiye \u0130nsan Haklar\u0131 Derne\u011fi"},"image":{"@id":"https:\/\/www.tikav.org.tr\/#\/schema\/logo\/image\/"},"sameAs":["https:\/\/www.facebook.com\/Turkiye.Tikav\/","https:\/\/x.com\/Tikav1","https:\/\/www.instagram.com\/tikav_turkiye\/","https:\/\/www.youtube.com\/channel\/UCLd2iwUsjrCh6fQySvm4_uA"]}]}},"_links":{"self":[{"href":"https:\/\/www.tikav.org.tr\/en\/wp-json\/wp\/v2\/pages\/3439","targetHints":{"allow":["GET"]}}],"collection":[{"href":"https:\/\/www.tikav.org.tr\/en\/wp-json\/wp\/v2\/pages"}],"about":[{"href":"https:\/\/www.tikav.org.tr\/en\/wp-json\/wp\/v2\/types\/page"}],"author":[{"embeddable":true,"href":"https:\/\/www.tikav.org.tr\/en\/wp-json\/wp\/v2\/users\/1"}],"replies":[{"embeddable":true,"href":"https:\/\/www.tikav.org.tr\/en\/wp-json\/wp\/v2\/comments?post=3439"}],"version-history":[{"count":9,"href":"https:\/\/www.tikav.org.tr\/en\/wp-json\/wp\/v2\/pages\/3439\/revisions"}],"predecessor-version":[{"id":6464,"href":"https:\/\/www.tikav.org.tr\/en\/wp-json\/wp\/v2\/pages\/3439\/revisions\/6464"}],"wp:featuredmedia":[{"embeddable":true,"href":"https:\/\/www.tikav.org.tr\/en\/wp-json\/wp\/v2\/media\/3419"}],"wp:attachment":[{"href":"https:\/\/www.tikav.org.tr\/en\/wp-json\/wp\/v2\/media?parent=3439"}],"curies":[{"name":"wp","href":"https:\/\/api.w.org\/{rel}","templated":true}]}}