{"id":3418,"date":"2024-03-04T00:58:32","date_gmt":"2024-03-04T00:58:32","guid":{"rendered":"http:\/\/www.tikav.org.tr\/?page_id=3418"},"modified":"2024-10-21T15:54:58","modified_gmt":"2024-10-21T12:54:58","slug":"hakkimizda","status":"publish","type":"page","link":"https:\/\/www.tikav.org.tr\/en\/hakkimizda\/","title":{"rendered":"About Us"},"content":{"rendered":"<div data-elementor-type=\"wp-page\" data-elementor-id=\"3418\" class=\"elementor elementor-3418\" data-elementor-post-type=\"page\">\n\t\t\t\t\t\t\t\t\t<section class=\"elementor-section elementor-top-section elementor-element elementor-element-853a08e elementor-section-full_width elementor-section-content-middle elementor-section-height-default elementor-section-height-default\" data-id=\"853a08e\" data-element_type=\"section\">\n\t\t\t\t\t\t<div class=\"elementor-container elementor-column-gap-no\">\n\t\t\t\t\t<div class=\"elementor-column elementor-col-100 elementor-top-column elementor-element elementor-element-118b388\" data-id=\"118b388\" data-element_type=\"column\">\n\t\t\t<div class=\"elementor-widget-wrap elementor-element-populated\">\n\t\t\t\t\t\t\t\t<section class=\"elementor-section elementor-inner-section elementor-element elementor-element-9363860 elementor-section-content-middle elementor-section-boxed elementor-section-height-default elementor-section-height-default\" data-id=\"9363860\" data-element_type=\"section\">\n\t\t\t\t\t\t<div class=\"elementor-container elementor-column-gap-extended\">\n\t\t\t\t\t<div class=\"elementor-column elementor-col-50 elementor-inner-column elementor-element elementor-element-0fa9811\" data-id=\"0fa9811\" data-element_type=\"column\">\n\t\t\t<div class=\"elementor-widget-wrap elementor-element-populated\">\n\t\t\t\t\t\t\t\t<div class=\"elementor-element elementor-element-8331c37 elementor-widget elementor-widget-image\" data-id=\"8331c37\" data-element_type=\"widget\" data-widget_type=\"image.default\">\n\t\t\t\t<div class=\"elementor-widget-container\">\n\t\t\t<style>\/*! elementor - v3.18.0 - 06-12-2023 *\/\n.elementor-widget-image{text-align:center}.elementor-widget-image a{display:inline-block}.elementor-widget-image a img[src$=\".svg\"]{width:48px}.elementor-widget-image img{vertical-align:middle;display:inline-block}<\/style>\t\t\t\t\t\t\t\t\t\t\t\t<img fetchpriority=\"high\" decoding=\"async\" width=\"1500\" height=\"1500\" src=\"https:\/\/www.tikav.org.tr\/wp-content\/uploads\/2024\/02\/111111.jpg\" class=\"attachment-full size-full wp-image-3289\" alt=\"\" srcset=\"https:\/\/www.tikav.org.tr\/wp-content\/uploads\/2024\/02\/111111.jpg 1500w, https:\/\/www.tikav.org.tr\/wp-content\/uploads\/2024\/02\/111111-300x300.jpg 300w, https:\/\/www.tikav.org.tr\/wp-content\/uploads\/2024\/02\/111111-1024x1024.jpg 1024w, https:\/\/www.tikav.org.tr\/wp-content\/uploads\/2024\/02\/111111-150x150.jpg 150w, https:\/\/www.tikav.org.tr\/wp-content\/uploads\/2024\/02\/111111-768x768.jpg 768w, https:\/\/www.tikav.org.tr\/wp-content\/uploads\/2024\/02\/111111-90x90.jpg 90w\" sizes=\"(max-width: 1500px) 100vw, 1500px\" \/>\t\t\t\t\t\t\t\t\t\t\t\t\t\t\t<\/div>\n\t\t\t\t<\/div>\n\t\t\t\t<div class=\"elementor-element elementor-element-164c674 elementor-widget__width-auto elementor-widget elementor-widget-image\" data-id=\"164c674\" data-element_type=\"widget\" data-widget_type=\"image.default\">\n\t\t\t\t<div class=\"elementor-widget-container\">\n\t\t\t\t\t\t\t\t\t\t\t\t\t\t\t<img decoding=\"async\" width=\"257\" height=\"300\" src=\"https:\/\/www.tikav.org.tr\/wp-content\/uploads\/2024\/02\/Untitled-2-cospy-257x300.jpg\" class=\"attachment-medium size-medium wp-image-3291\" alt=\"\" srcset=\"https:\/\/www.tikav.org.tr\/wp-content\/uploads\/2024\/02\/Untitled-2-cospy-257x300.jpg 257w, https:\/\/www.tikav.org.tr\/wp-content\/uploads\/2024\/02\/Untitled-2-cospy-878x1024.jpg 878w, https:\/\/www.tikav.org.tr\/wp-content\/uploads\/2024\/02\/Untitled-2-cospy-768x896.jpg 768w, https:\/\/www.tikav.org.tr\/wp-content\/uploads\/2024\/02\/Untitled-2-cospy-1317x1536.jpg 1317w, https:\/\/www.tikav.org.tr\/wp-content\/uploads\/2024\/02\/Untitled-2-cospy.jpg 1500w\" sizes=\"(max-width: 257px) 100vw, 257px\" \/>\t\t\t\t\t\t\t\t\t\t\t\t\t\t\t<\/div>\n\t\t\t\t<\/div>\n\t\t\t\t\t<\/div>\n\t\t<\/div>\n\t\t\t\t<div class=\"elementor-column elementor-col-50 elementor-inner-column elementor-element elementor-element-acbf207 sec-title\" data-id=\"acbf207\" data-element_type=\"column\">\n\t\t\t<div class=\"elementor-widget-wrap elementor-element-populated\">\n\t\t\t\t\t\t\t\t<div class=\"elementor-element elementor-element-e70cf0b elementor-absolute elementor-hidden-tablet elementor-hidden-mobile elementor-widget elementor-widget-heading\" data-id=\"e70cf0b\" data-element_type=\"widget\" data-settings=\"{&quot;_position&quot;:&quot;absolute&quot;}\" data-widget_type=\"heading.default\">\n\t\t\t\t<div class=\"elementor-widget-container\">\n\t\t\t<style>\/*! elementor - v3.18.0 - 06-12-2023 *\/\n.elementor-heading-title{padding:0;margin:0;line-height:1}.elementor-widget-heading .elementor-heading-title[class*=elementor-size-]>a{color:inherit;font-size:inherit;line-height:inherit}.elementor-widget-heading .elementor-heading-title.elementor-size-small{font-size:15px}.elementor-widget-heading .elementor-heading-title.elementor-size-medium{font-size:19px}.elementor-widget-heading .elementor-heading-title.elementor-size-large{font-size:29px}.elementor-widget-heading .elementor-heading-title.elementor-size-xl{font-size:39px}.elementor-widget-heading .elementor-heading-title.elementor-size-xxl{font-size:59px}<\/style><h2 class=\"elementor-heading-title elementor-size-default\">About Us<\/h2>\t\t<\/div>\n\t\t\t\t<\/div>\n\t\t\t\t<div class=\"elementor-element elementor-element-cd57c50 sub-title elementor-widget elementor-widget-heading\" data-id=\"cd57c50\" data-element_type=\"widget\" data-widget_type=\"heading.default\">\n\t\t\t\t<div class=\"elementor-widget-container\">\n\t\t\t<h4 class=\"elementor-heading-title elementor-size-default\">Turkey Human Resources Education and Health Foundation (TIKAV)<\/h4>\t\t<\/div>\n\t\t\t\t<\/div>\n\t\t\t\t<div class=\"elementor-element elementor-element-4eea28c elementor-widget elementor-widget-heading\" data-id=\"4eea28c\" data-element_type=\"widget\" data-widget_type=\"heading.default\">\n\t\t\t\t<div class=\"elementor-widget-container\">\n\t\t\t<h2 class=\"elementor-heading-title elementor-size-default\">About Us<\/h2>\t\t<\/div>\n\t\t\t\t<\/div>\n\t\t\t\t<div class=\"elementor-element elementor-element-2edf7fe elementor-widget elementor-widget-text-editor\" data-id=\"2edf7fe\" data-element_type=\"widget\" data-widget_type=\"text-editor.default\">\n\t\t\t\t<div class=\"elementor-widget-container\">\n\t\t\t<style>\/*! elementor - v3.18.0 - 06-12-2023 *\/\n.elementor-widget-text-editor.elementor-drop-cap-view-stacked .elementor-drop-cap{background-color:#69727d;color:#fff}.elementor-widget-text-editor.elementor-drop-cap-view-framed .elementor-drop-cap{color:#69727d;border:3px solid;background-color:transparent}.elementor-widget-text-editor:not(.elementor-drop-cap-view-default) .elementor-drop-cap{margin-top:8px}.elementor-widget-text-editor:not(.elementor-drop-cap-view-default) .elementor-drop-cap-letter{width:1em;height:1em}.elementor-widget-text-editor .elementor-drop-cap{float:left;text-align:center;line-height:1;font-size:50px}.elementor-widget-text-editor .elementor-drop-cap-letter{display:inline-block}<\/style>\t\t\t\t<p>Turkey Human Resources Education and Health Foundation (TIKAV) was founded by the Ak\u0131n Family in Ankara on 15.01.1999 in order to carry out Akfen Holding\u2019s social responsibility projects.  The main sponsor of the foundation is the Ak\u0131n Family and AKFEN Holding.<\/p><p>TIKAV invests in individuals; it\u2019s projects are divided into three categories: The Individual Development Program, National Projects and The International Award for Young People-T\u00fcrkiye. TIKAV aims to deliver projects related to the education and development of individuals whilst finding sustainable solutions to the problems it addresses.<\/p><p>Until today, TIKAV has carried out several projects all across Turkey with varying demographics across society meeting with the youth, with children living in mountain villages, women, local authorities, families of disabled people, sick children seeing treatment in hospitals and their mothers. TIKAV has also worked on maintenance and repair of schools.<\/p><p>The foundation delivers the Individual Development Program (IDP) to university students in the Eastern and South Eastern Anatolian regions of Turkey. These students, due to societal and economic reasons, do not necessarily have easy access to educational, cultural and personal development opportunities.<\/p>\t\t\t\t\t\t<\/div>\n\t\t\t\t<\/div>\n\t\t\t\t\t<\/div>\n\t\t<\/div>\n\t\t\t\t\t\t\t<\/div>\n\t\t<\/section>\n\t\t\t\t<section class=\"elementor-section elementor-inner-section elementor-element elementor-element-5c98a42 elementor-section-content-middle elementor-section-boxed elementor-section-height-default elementor-section-height-default\" data-id=\"5c98a42\" data-element_type=\"section\">\n\t\t\t\t\t\t<div class=\"elementor-container elementor-column-gap-extended\">\n\t\t\t\t\t<div class=\"elementor-column elementor-col-100 elementor-inner-column elementor-element elementor-element-3056708\" data-id=\"3056708\" data-element_type=\"column\">\n\t\t\t<div class=\"elementor-widget-wrap elementor-element-populated\">\n\t\t\t\t\t\t\t\t<div class=\"elementor-element elementor-element-84873d3 elementor-widget elementor-widget-text-editor\" data-id=\"84873d3\" data-element_type=\"widget\" data-widget_type=\"text-editor.default\">\n\t\t\t\t<div class=\"elementor-widget-container\">\n\t\t\t\t\t\t\t<p>Within the scope of National Projects, TIKAV has worked in partnership with Mersin International Port (MIP), Turkey Young Business Men Association Ankara Branch (T\u00dcGIAD), MARTA\u015e Automative and Akfen Renewable Energy.<\/p><p>\u00a0<\/p><p>\u00b7\tIn partnership with MIP in Mersin, TIKAV has carried out the \u201cNew Traditions in Old Villages\u201d Project with children in mountain villages, \u201cMother\u2019s School\u201d Project with mothers in the Mediterranean and Taurus townships, \u201cHand-in-Hand with Local Authorities in Mersin\u201d, The \u201cWe Fix, You Study\u201d Project in which we renovated schools in need determined by the Mersin Provincial Directorate for National Education, \u201cThe Disabilities Within Us\u201d Project with relatives of those who are disabled and the \u201cWorking Life and Women\u201d as well as \u201cCommunication Within the Family\u201d Panels.<\/p><p>\u00a0<\/p><p>Akfen Yenilenebilir Enerji A.\u015e. ortakl\u0131\u011f\u0131nda T\u00fcrkiye\u2019de 15 farkl\u0131 lokasyonda Akfen Yenilenebilir Enerji A.\u015e. b\u00fcnyesinde yat\u0131r\u0131mlar\u0131 yap\u0131lan Hidro Elektrik Santralleri ve G\u00fcne\u015f Enerjisi Santrallerinin bulundu\u011fu k\u0131rsal b\u00f6lgelerde ikamet eden ve 0-6 ya\u015f grubu \u00e7ocuk sahibi olan kad\u0131nlarla uygulanan \u201cEvde Okullu Olduk Projesi&#8221;;<\/p><p>\u00a0<\/p><p>2018\u2019de Akfen Yenilenebilir Enerji A.\u015e. ortakl\u0131\u011f\u0131nda T\u00fcrkiye\u2019de 17 farkl\u0131 lokasyonda Akfen Yenilenebilir Enerji A.\u015e.\u2019ye ba\u011fl\u0131 aktif Hidro Elektrik Santralleri ve G\u00fcne\u015f Enerjisi Santrallerinin bulundu\u011fu k\u0131rsal b\u00f6lgelerde ya\u015fayan 18 ya\u015f \u00fcst\u00fc kad\u0131nlarla uygulanan \u201c\u00d6nce Sa\u011fl\u0131k Projesi\u201d;<\/p><p>\u00a0<\/p><p>2019&#8217;da Akfen Yenilenebilir Enerji A.\u015e. ortakl\u0131\u011f\u0131nda T\u00fcrkiye\u2019de 26 farkl\u0131 lokasyonda Akfen Yenilenebilir Enerji A.\u015e b\u00fcnyesindeki aktif G\u00fcne\u015f, R\u00fczgar ve Hidroelektrik Santrallerinin bulundu\u011fu k\u0131rsal b\u00f6lgede ya\u015fayan ve beden g\u00fcc\u00fc ile \u00e7al\u0131\u015fan kad\u0131nlar\u0131n sa\u011fl\u0131kl\u0131 olarak ya\u015famlar\u0131n\u0131 s\u00fcrd\u00fcrebilmeleri i\u00e7in gerekli olan v\u00fccut ve besin hijyeni konular\u0131nda bilin\u00e7lendirmenin ama\u00e7land\u0131\u011f\u0131 &#8220;Hijyen Sa\u011fl\u0131kt\u0131r Projesi&#8221;;<\/p><p>\u00a0<\/p><p>2020&#8217;de ba\u015flanan ve pandemi sebebiyle 2022 y\u0131l\u0131nda tamamlanan Akfen Yenilenebilir Enerji A.\u015e. ortakl\u0131\u011f\u0131nda T\u00fcrkiye\u2019de 27 farkl\u0131 lokasyonda Akfen Yenilenebilir Enerji A.\u015e b\u00fcnyesindeki aktif G\u00fcne\u015f, R\u00fczgar ve Hidroelektrik Santrallerinin bulundu\u011fu k\u0131rsal b\u00f6lgede ya\u015fayan kad\u0131nlar\u0131n, enerji t\u00fcrleri i\u00e7erisinde maliyeti y\u00fcksek olan elektrik enerjisi ile temel kayna\u011f\u0131m\u0131z suyun ak\u0131ll\u0131ca ve bilin\u00e7li kullan\u0131m\u0131 konusunda bilgilendirerek hem ev ekonomisine hem de \u00fclkenin ve d\u00fcnyan\u0131n ekolojik dengesine katk\u0131 sa\u011flaman\u0131n ama\u00e7land\u0131\u011f\u0131\u201cTasarruf Evimizde Gelecek Elimizde Projesi\u201d yer almaktad\u0131r.<\/p><p>\u00a0<\/p><p>The International Award for Young People - T\u00fcrkiye is an exciting personal development program that all young people between the ages of 14 and 24 can participate in. The aim of The Award is to equip young people with life skills that will enable them to make a difference in their own lives, in their societies they live in and in the world. Since 1956, millions of young people have participated in the Award in 130 countries and territories.\nAward has been delivered between 2013-2020 with the name of \"The Duke of Edinburgh's International Award-T\u00fcrkiye\" (DoEIA-TR). Since July 2020, The Award is continued to deliver with the name of \"The International Award for Young People - T\u00fcrkiye\" (IAYP-TR).<\/p>\t\t\t\t\t\t<\/div>\n\t\t\t\t<\/div>\n\t\t\t\t\t<\/div>\n\t\t<\/div>\n\t\t\t\t\t\t\t<\/div>\n\t\t<\/section>\n\t\t\t\t\t<\/div>\n\t\t<\/div>\n\t\t\t\t\t\t\t<\/div>\n\t\t<\/section>\n\t\t\t\t\t\t\t<\/div>","protected":false},"excerpt":{"rendered":"<p>Hakk\u0131m\u0131zda T\u00fcrkiye insan haklar\u0131 e\u011fitim ve sa\u011fl\u0131k vakf\u0131 Hakk\u0131m\u0131zda T\u00fcrkiye \u0130nsan Kaynaklar\u0131 E\u011fitim ve Sa\u011fl\u0131k Vakf\u0131 (T\u0130KAV), Akfen Holding\u2019in sosyal sorumluluk projelerini ger\u00e7ekle\u015ftirmek \u00fczere Ak\u0131n Ailesi taraf\u0131ndan 15.01.1999 tarihinde Ankara\u2019da [&hellip;]<\/p>","protected":false},"author":1,"featured_media":3419,"parent":0,"menu_order":0,"comment_status":"closed","ping_status":"closed","template":"elementor_header_footer","meta":{"_EventAllDay":false,"_EventTimezone":"","_EventStartDate":"","_EventEndDate":"","_EventStartDateUTC":"","_EventEndDateUTC":"","_EventShowMap":false,"_EventShowMapLink":false,"_EventURL":"","_EventCost":"","_EventCostDescription":"","_EventCurrencySymbol":"","_EventCurrencyCode":"","_EventCurrencyPosition":"","_EventDateTimeSeparator":"","_EventTimeRangeSeparator":"","_EventOrganizerID":[],"_EventVenueID":[],"_OrganizerEmail":"","_OrganizerPhone":"","_OrganizerWebsite":"","_VenueAddress":"","_VenueCity":"","_VenueCountry":"","_VenueProvince":"","_VenueState":"","_VenueZip":"","_VenuePhone":"","_VenueURL":"","_VenueStateProvince":"","_VenueLat":"","_VenueLng":"","_VenueShowMap":false,"_VenueShowMapLink":false,"footnotes":""},"class_list":["post-3418","page","type-page","status-publish","has-post-thumbnail","hentry"],"yoast_head":"<!-- This site is optimized with the Yoast SEO plugin v24.9 - https:\/\/yoast.com\/wordpress\/plugins\/seo\/ -->\n<title>Hakk\u0131m\u0131zda - T\u0130KAV<\/title>\n<meta name=\"robots\" content=\"index, follow, max-snippet:-1, max-image-preview:large, max-video-preview:-1\" \/>\n<link rel=\"canonical\" href=\"https:\/\/www.tikav.org.tr\/en\/hakkimizda\/\" \/>\n<meta property=\"og:locale\" content=\"en_US\" \/>\n<meta property=\"og:type\" content=\"article\" \/>\n<meta property=\"og:title\" content=\"Hakk\u0131m\u0131zda - T\u0130KAV\" \/>\n<meta property=\"og:description\" content=\"Hakk\u0131m\u0131zda T\u00fcrkiye insan haklar\u0131 e\u011fitim ve sa\u011fl\u0131k vakf\u0131 Hakk\u0131m\u0131zda T\u00fcrkiye \u0130nsan Kaynaklar\u0131 E\u011fitim ve Sa\u011fl\u0131k Vakf\u0131 (T\u0130KAV), Akfen Holding\u2019in sosyal sorumluluk projelerini ger\u00e7ekle\u015ftirmek \u00fczere Ak\u0131n Ailesi taraf\u0131ndan 15.01.1999 tarihinde Ankara\u2019da [&hellip;]\" \/>\n<meta property=\"og:url\" content=\"https:\/\/www.tikav.org.tr\/en\/hakkimizda\/\" \/>\n<meta property=\"og:site_name\" content=\"T\u0130KAV\" \/>\n<meta property=\"article:publisher\" content=\"https:\/\/www.facebook.com\/Turkiye.Tikav\/\" \/>\n<meta property=\"article:modified_time\" content=\"2024-10-21T12:54:58+00:00\" \/>\n<meta property=\"og:image\" content=\"https:\/\/www.tikav.org.tr\/wp-content\/uploads\/2024\/03\/tarihce.jpg\" \/>\n\t<meta property=\"og:image:width\" content=\"1458\" \/>\n\t<meta property=\"og:image:height\" content=\"797\" \/>\n\t<meta property=\"og:image:type\" content=\"image\/jpeg\" \/>\n<meta name=\"twitter:card\" content=\"summary_large_image\" \/>\n<meta name=\"twitter:site\" content=\"@Tikav1\" \/>\n<meta name=\"twitter:label1\" content=\"Est. reading time\" \/>\n\t<meta name=\"twitter:data1\" content=\"4 minutes\" \/>\n<script type=\"application\/ld+json\" class=\"yoast-schema-graph\">{\"@context\":\"https:\/\/schema.org\",\"@graph\":[{\"@type\":\"WebPage\",\"@id\":\"https:\/\/www.tikav.org.tr\/hakkimizda\/\",\"url\":\"https:\/\/www.tikav.org.tr\/hakkimizda\/\",\"name\":\"Hakk\u0131m\u0131zda - T\u0130KAV\",\"isPartOf\":{\"@id\":\"https:\/\/www.tikav.org.tr\/#website\"},\"primaryImageOfPage\":{\"@id\":\"https:\/\/www.tikav.org.tr\/hakkimizda\/#primaryimage\"},\"image\":{\"@id\":\"https:\/\/www.tikav.org.tr\/hakkimizda\/#primaryimage\"},\"thumbnailUrl\":\"https:\/\/www.tikav.org.tr\/wp-content\/uploads\/2024\/03\/tarihce.jpg\",\"datePublished\":\"2024-03-04T00:58:32+00:00\",\"dateModified\":\"2024-10-21T12:54:58+00:00\",\"breadcrumb\":{\"@id\":\"https:\/\/www.tikav.org.tr\/hakkimizda\/#breadcrumb\"},\"inLanguage\":\"en-US\",\"potentialAction\":[{\"@type\":\"ReadAction\",\"target\":[\"https:\/\/www.tikav.org.tr\/hakkimizda\/\"]}]},{\"@type\":\"ImageObject\",\"inLanguage\":\"en-US\",\"@id\":\"https:\/\/www.tikav.org.tr\/hakkimizda\/#primaryimage\",\"url\":\"https:\/\/www.tikav.org.tr\/wp-content\/uploads\/2024\/03\/tarihce.jpg\",\"contentUrl\":\"https:\/\/www.tikav.org.tr\/wp-content\/uploads\/2024\/03\/tarihce.jpg\",\"width\":1458,\"height\":797},{\"@type\":\"BreadcrumbList\",\"@id\":\"https:\/\/www.tikav.org.tr\/hakkimizda\/#breadcrumb\",\"itemListElement\":[{\"@type\":\"ListItem\",\"position\":1,\"name\":\"Anasayfa\",\"item\":\"https:\/\/www.tikav.org.tr\/\"},{\"@type\":\"ListItem\",\"position\":2,\"name\":\"Hakk\u0131m\u0131zda\"}]},{\"@type\":\"WebSite\",\"@id\":\"https:\/\/www.tikav.org.tr\/#website\",\"url\":\"https:\/\/www.tikav.org.tr\/\",\"name\":\"T\u0130KAV | T\u00fcrkiye \u0130nsan Haklar\u0131 Derne\u011fi\",\"description\":\"T\u00fcrkiye \u0130nsan Kaynaklar\u0131 E\u011fitim ve Sa\u011fl\u0131k Vakf\u0131\",\"publisher\":{\"@id\":\"https:\/\/www.tikav.org.tr\/#organization\"},\"potentialAction\":[{\"@type\":\"SearchAction\",\"target\":{\"@type\":\"EntryPoint\",\"urlTemplate\":\"https:\/\/www.tikav.org.tr\/?s={search_term_string}\"},\"query-input\":{\"@type\":\"PropertyValueSpecification\",\"valueRequired\":true,\"valueName\":\"search_term_string\"}}],\"inLanguage\":\"en-US\"},{\"@type\":\"Organization\",\"@id\":\"https:\/\/www.tikav.org.tr\/#organization\",\"name\":\"T\u0130KAV | T\u00fcrkiye \u0130nsan Haklar\u0131 Derne\u011fi\",\"url\":\"https:\/\/www.tikav.org.tr\/\",\"logo\":{\"@type\":\"ImageObject\",\"inLanguage\":\"en-US\",\"@id\":\"https:\/\/www.tikav.org.tr\/#\/schema\/logo\/image\/\",\"url\":\"https:\/\/www.tikav.org.tr\/wp-content\/uploads\/2024\/02\/cropped-tikav-logo.png\",\"contentUrl\":\"https:\/\/www.tikav.org.tr\/wp-content\/uploads\/2024\/02\/cropped-tikav-logo.png\",\"width\":402,\"height\":212,\"caption\":\"T\u0130KAV | T\u00fcrkiye \u0130nsan Haklar\u0131 Derne\u011fi\"},\"image\":{\"@id\":\"https:\/\/www.tikav.org.tr\/#\/schema\/logo\/image\/\"},\"sameAs\":[\"https:\/\/www.facebook.com\/Turkiye.Tikav\/\",\"https:\/\/x.com\/Tikav1\",\"https:\/\/www.instagram.com\/tikav_turkiye\/\",\"https:\/\/www.youtube.com\/channel\/UCLd2iwUsjrCh6fQySvm4_uA\"]}]}<\/script>\n<!-- \/ Yoast SEO plugin. -->","yoast_head_json":{"title":"Hakk\u0131m\u0131zda - T\u0130KAV","robots":{"index":"index","follow":"follow","max-snippet":"max-snippet:-1","max-image-preview":"max-image-preview:large","max-video-preview":"max-video-preview:-1"},"canonical":"https:\/\/www.tikav.org.tr\/en\/hakkimizda\/","og_locale":"en_US","og_type":"article","og_title":"Hakk\u0131m\u0131zda - T\u0130KAV","og_description":"Hakk\u0131m\u0131zda T\u00fcrkiye insan haklar\u0131 e\u011fitim ve sa\u011fl\u0131k vakf\u0131 Hakk\u0131m\u0131zda T\u00fcrkiye \u0130nsan Kaynaklar\u0131 E\u011fitim ve Sa\u011fl\u0131k Vakf\u0131 (T\u0130KAV), Akfen Holding\u2019in sosyal sorumluluk projelerini ger\u00e7ekle\u015ftirmek \u00fczere Ak\u0131n Ailesi taraf\u0131ndan 15.01.1999 tarihinde Ankara\u2019da [&hellip;]","og_url":"https:\/\/www.tikav.org.tr\/en\/hakkimizda\/","og_site_name":"T\u0130KAV","article_publisher":"https:\/\/www.facebook.com\/Turkiye.Tikav\/","article_modified_time":"2024-10-21T12:54:58+00:00","og_image":[{"width":1458,"height":797,"url":"https:\/\/www.tikav.org.tr\/wp-content\/uploads\/2024\/03\/tarihce.jpg","type":"image\/jpeg"}],"twitter_card":"summary_large_image","twitter_site":"@Tikav1","twitter_misc":{"Est. reading time":"4 minutes"},"schema":{"@context":"https:\/\/schema.org","@graph":[{"@type":"WebPage","@id":"https:\/\/www.tikav.org.tr\/hakkimizda\/","url":"https:\/\/www.tikav.org.tr\/hakkimizda\/","name":"Hakk\u0131m\u0131zda - T\u0130KAV","isPartOf":{"@id":"https:\/\/www.tikav.org.tr\/#website"},"primaryImageOfPage":{"@id":"https:\/\/www.tikav.org.tr\/hakkimizda\/#primaryimage"},"image":{"@id":"https:\/\/www.tikav.org.tr\/hakkimizda\/#primaryimage"},"thumbnailUrl":"https:\/\/www.tikav.org.tr\/wp-content\/uploads\/2024\/03\/tarihce.jpg","datePublished":"2024-03-04T00:58:32+00:00","dateModified":"2024-10-21T12:54:58+00:00","breadcrumb":{"@id":"https:\/\/www.tikav.org.tr\/hakkimizda\/#breadcrumb"},"inLanguage":"en-US","potentialAction":[{"@type":"ReadAction","target":["https:\/\/www.tikav.org.tr\/hakkimizda\/"]}]},{"@type":"ImageObject","inLanguage":"en-US","@id":"https:\/\/www.tikav.org.tr\/hakkimizda\/#primaryimage","url":"https:\/\/www.tikav.org.tr\/wp-content\/uploads\/2024\/03\/tarihce.jpg","contentUrl":"https:\/\/www.tikav.org.tr\/wp-content\/uploads\/2024\/03\/tarihce.jpg","width":1458,"height":797},{"@type":"BreadcrumbList","@id":"https:\/\/www.tikav.org.tr\/hakkimizda\/#breadcrumb","itemListElement":[{"@type":"ListItem","position":1,"name":"Anasayfa","item":"https:\/\/www.tikav.org.tr\/"},{"@type":"ListItem","position":2,"name":"Hakk\u0131m\u0131zda"}]},{"@type":"WebSite","@id":"https:\/\/www.tikav.org.tr\/#website","url":"https:\/\/www.tikav.org.tr\/","name":"T\u0130KAV | T\u00fcrkiye \u0130nsan Haklar\u0131 Derne\u011fi","description":"T\u00fcrkiye \u0130nsan Kaynaklar\u0131 E\u011fitim ve Sa\u011fl\u0131k Vakf\u0131","publisher":{"@id":"https:\/\/www.tikav.org.tr\/#organization"},"potentialAction":[{"@type":"SearchAction","target":{"@type":"EntryPoint","urlTemplate":"https:\/\/www.tikav.org.tr\/?s={search_term_string}"},"query-input":{"@type":"PropertyValueSpecification","valueRequired":true,"valueName":"search_term_string"}}],"inLanguage":"en-US"},{"@type":"Organization","@id":"https:\/\/www.tikav.org.tr\/#organization","name":"T\u0130KAV | T\u00fcrkiye \u0130nsan Haklar\u0131 Derne\u011fi","url":"https:\/\/www.tikav.org.tr\/","logo":{"@type":"ImageObject","inLanguage":"en-US","@id":"https:\/\/www.tikav.org.tr\/#\/schema\/logo\/image\/","url":"https:\/\/www.tikav.org.tr\/wp-content\/uploads\/2024\/02\/cropped-tikav-logo.png","contentUrl":"https:\/\/www.tikav.org.tr\/wp-content\/uploads\/2024\/02\/cropped-tikav-logo.png","width":402,"height":212,"caption":"T\u0130KAV | T\u00fcrkiye \u0130nsan Haklar\u0131 Derne\u011fi"},"image":{"@id":"https:\/\/www.tikav.org.tr\/#\/schema\/logo\/image\/"},"sameAs":["https:\/\/www.facebook.com\/Turkiye.Tikav\/","https:\/\/x.com\/Tikav1","https:\/\/www.instagram.com\/tikav_turkiye\/","https:\/\/www.youtube.com\/channel\/UCLd2iwUsjrCh6fQySvm4_uA"]}]}},"_links":{"self":[{"href":"https:\/\/www.tikav.org.tr\/en\/wp-json\/wp\/v2\/pages\/3418","targetHints":{"allow":["GET"]}}],"collection":[{"href":"https:\/\/www.tikav.org.tr\/en\/wp-json\/wp\/v2\/pages"}],"about":[{"href":"https:\/\/www.tikav.org.tr\/en\/wp-json\/wp\/v2\/types\/page"}],"author":[{"embeddable":true,"href":"https:\/\/www.tikav.org.tr\/en\/wp-json\/wp\/v2\/users\/1"}],"replies":[{"embeddable":true,"href":"https:\/\/www.tikav.org.tr\/en\/wp-json\/wp\/v2\/comments?post=3418"}],"version-history":[{"count":82,"href":"https:\/\/www.tikav.org.tr\/en\/wp-json\/wp\/v2\/pages\/3418\/revisions"}],"predecessor-version":[{"id":8259,"href":"https:\/\/www.tikav.org.tr\/en\/wp-json\/wp\/v2\/pages\/3418\/revisions\/8259"}],"wp:featuredmedia":[{"embeddable":true,"href":"https:\/\/www.tikav.org.tr\/en\/wp-json\/wp\/v2\/media\/3419"}],"wp:attachment":[{"href":"https:\/\/www.tikav.org.tr\/en\/wp-json\/wp\/v2\/media?parent=3418"}],"curies":[{"name":"wp","href":"https:\/\/api.w.org\/{rel}","templated":true}]}}